{"id":5524,"date":"2025-01-26T21:15:14","date_gmt":"2025-01-26T21:15:14","guid":{"rendered":"https:\/\/tcgfanz.nl\/?page_id=5524"},"modified":"2025-09-07T21:54:31","modified_gmt":"2025-09-07T21:54:31","slug":"verkaufe-deine-pokemon-karten","status":"publish","type":"page","link":"https:\/\/tcgfanz.nl\/de\/verkaufe-deine-pokemon-karten\/","title":{"rendered":"Verkaufe deine Pokemon-Karten"},"content":{"rendered":"<div data-elementor-type=\"wp-page\" data-elementor-id=\"5524\" class=\"elementor elementor-5524\" data-elementor-post-type=\"page\">\n\t\t\t\t\t\t<section class=\"elementor-section elementor-top-section elementor-element elementor-element-5158b412 elementor-section-boxed elementor-section-height-default elementor-section-height-default\" data-id=\"5158b412\" data-element_type=\"section\">\n\t\t\t\t\t\t<div class=\"elementor-container elementor-column-gap-default\">\n\t\t\t\t\t<div class=\"elementor-column elementor-col-33 elementor-top-column elementor-element elementor-element-11875c9\" data-id=\"11875c9\" data-element_type=\"column\">\n\t\t\t<div class=\"elementor-widget-wrap elementor-element-populated\">\n\t\t\t\t\t\t<div class=\"elementor-element elementor-element-27d8ef86 elementor-widget elementor-widget-heading\" data-id=\"27d8ef86\" data-element_type=\"widget\" data-widget_type=\"heading.default\">\n\t\t\t\t<div class=\"elementor-widget-container\">\n\t\t\t\t\t<h2 class=\"elementor-heading-title elementor-size-default\"><h1 data-pm-slice=\"1 1 []\">Pok\u00e9mon-Karten verkaufen? Wir helfen Ihnen gerne!<\/h1><\/h2>\t\t\t\t<\/div>\n\t\t\t\t<\/div>\n\t\t\t\t<div class=\"elementor-element elementor-element-6c441c0 elementor-widget elementor-widget-text-editor\" data-id=\"6c441c0\" data-element_type=\"widget\" data-widget_type=\"text-editor.default\">\n\t\t\t\t<div class=\"elementor-widget-container\">\n\t\t\t\t\t\t\t\t\t<h2 data-pm-slice=\"1 1 []\">Wie kann ich meine Pok\u00e9mon-Karten verkaufen?<\/h2><p>Besitzen Sie eine Pok\u00e9mon-Kartensammlung und m\u00f6chten wissen, wie Sie sie verkaufen k\u00f6nnen? Egal, ob Sie Platz schaffen, Ihre Sammlung verkleinern oder einen sch\u00f6nen Dachbodenfund gemacht haben: bei <a href=\"https:\/\/tcgfanz.nl\/de\"><strong>TCG-Fans &amp; Sammlerst\u00fccke<\/strong><\/a> Wir sind bereit, Ihre Sammlung zu \u00fcbernehmen.<\/p><p>Wir wissen, wie wertvoll Ihre Karten sind, sowohl finanziell als auch emotional. Deshalb bieten wir einen schnellen, ehrlichen und transparenten Service, der es Ihnen erm\u00f6glicht, Ihre Pok\u00e9mon-Karten vertrauensvoll zu verkaufen.<\/p><div><hr \/><\/div><h2>Warum sollten Sie Ihre Pok\u00e9mon-Karten verkaufen?<\/h2><p>Es gibt mehrere Gr\u00fcnde, warum Sie Ihre Pok\u00e9mon-Karten verkaufen m\u00f6chten:<\/p><ul data-spread=\"false\"><li><p><strong>Budget freigeben:<\/strong> M\u00f6glicherweise m\u00f6chten Sie einen Teil Ihrer Sammlung verkaufen, um Platz f\u00fcr neue Karten zu schaffen.<\/p><\/li><li><p><strong>Sammeln beenden:<\/strong> M\u00f6glicherweise haben Sie sich entschieden, das Hobby aufzugeben und Ihre Sammlung einem neuen Besitzer zu \u00fcberlassen.<\/p><\/li><li><p><strong>Dachbodenfund:<\/strong> Sie haben auf dem Dachboden alte Landkarten entdeckt und m\u00f6chten wissen, was diese wert sind? Dies k\u00f6nnte eine gro\u00dfartige Gelegenheit sein, damit etwas Geld zu verdienen.<\/p><\/li><\/ul><p>Was auch immer Ihr Grund ist, wir machen den Prozess einfach und zuverl\u00e4ssig.<\/p><div><hr \/><\/div><h2>Wie funktioniert der Verkauf bei TCG Fanz &amp; Collectibles?<\/h2><p>Biene <strong>TCG-Fans &amp; Sammlerst\u00fccke<\/strong> Wir sind immer daran interessiert, Pok\u00e9mon-Kartensammlungen zu \u00fcbernehmen. Unser Ziel ist es, den Verkaufsprozess so reibungslos wie m\u00f6glich zu gestalten. So funktioniert es:<\/p><ol start=\"1\" data-spread=\"false\"><li><p><strong>Messeangebot:<\/strong> Gemeinsam finden wir ein faires Angebot, sodass wir beide auf einen Deal zur\u00fcckblicken k\u00f6nnen, der sich gut und fair anf\u00fchlt.<\/p><\/li><li><p><strong>Transparenz:<\/strong> Wir werden Ihre Sammlung sorgf\u00e4ltig pr\u00fcfen und Ihnen genau mitteilen, wie wir zu unserem Angebot gekommen sind.<\/p><\/li><li><p><strong>Schneller Service:<\/strong> Nach der Pr\u00fcfung Ihrer Karten melden wir uns zeitnah mit einem passenden Angebot bei Ihnen.<\/p><\/li><\/ol><div><hr \/><\/div><h2>Was k\u00f6nnen Sie verkaufen?<\/h2><p>Sie k\u00f6nnen uns kontaktieren f\u00fcr:<\/p><ul data-spread=\"false\"><li><p>Vervollst\u00e4ndige Pok\u00e9mon-Kartensammlungen.<\/p><\/li><li><p>Lose Karten, wie seltene <a href=\"https:\/\/tcgfanz.nl\/de\/?s=Charizard&amp;post_type=product\"><strong>Glurak<\/strong><\/a>- oder <a href=\"https:\/\/tcgfanz.nl\/de\/?s=Pikachu&amp;post_type=product\"><strong>Pikachu<\/strong><\/a>-Karten.<\/p><\/li><li><p>Spezialkarten, wie beispielsweise holografische Karten oder Promokarten.<\/p><\/li><li><p>Sammlungen in unterschiedlichem Zustand: von neu bis leicht gebraucht.<\/p><\/li><\/ul><div><hr \/><\/div><h2>Warum TCG Fanz &amp; Collectibles w\u00e4hlen?<\/h2><ul data-spread=\"false\"><li><p><strong>Zuverl\u00e4ssigkeit:<\/strong> Wir verf\u00fcgen \u00fcber jahrelange Erfahrung im Ankauf von Pok\u00e9mon-Karten und sind f\u00fcr unsere ehrlichen Gesch\u00e4ftspraktiken bekannt.<\/p><\/li><li><p><strong>Zeit sparen:<\/strong> Der eigene Ticketverkauf \u00fcber Marktpl\u00e4tze kann zeitaufw\u00e4ndig sein. Wir bieten eine sofortige L\u00f6sung.<\/p><\/li><li><p><strong>Kein Problem:<\/strong> Von der Begutachtung bis zur Auszahlung \u00fcbernehmen wir alles f\u00fcr Sie.<\/p><\/li><\/ul><div><hr \/><\/div><h2>F\u00fcllen Sie unser Formular aus<\/h2><p>M\u00f6chten Sie Ihre Pok\u00e9mon-Kartensammlung verkaufen? Bitte f\u00fcllen Sie das untenstehende Formular aus und wir werden Sie in K\u00fcrze kontaktieren. Gemeinsam besprechen wir die M\u00f6glichkeiten und sorgen daf\u00fcr, dass Sie ein faires Angebot erhalten.<\/p><p>\ud83d\udd25 <strong>Beginnen Sie noch heute mit dem Verkauf Ihrer Pok\u00e9mon-Karten!<\/strong><\/p>\t\t\t\t\t\t\t\t<\/div>\n\t\t\t\t<\/div>\n\t\t\t\t\t<\/div>\n\t\t<\/div>\n\t\t\t\t<div class=\"elementor-column elementor-col-66 elementor-top-column elementor-element elementor-element-4b2de284\" data-id=\"4b2de284\" data-element_type=\"column\" data-settings=\"{&quot;background_background&quot;:&quot;classic&quot;}\">\n\t\t\t<div class=\"elementor-widget-wrap elementor-element-populated\">\n\t\t\t\t\t\t<div class=\"elementor-element elementor-element-fc8bea8 elementor-widget elementor-widget-image\" data-id=\"fc8bea8\" data-element_type=\"widget\" data-widget_type=\"image.default\">\n\t\t\t\t<div class=\"elementor-widget-container\">\n\t\t\t\t\t\t\t\t\t\t\t\t\t\t\t\t<a href=\"\/de\/wij-kopen-pokemon-kaarten\/\">\n\t\t\t\t\t\t\t<img fetchpriority=\"high\" decoding=\"async\" width=\"595\" height=\"476\" src=\"https:\/\/tcgfanz.nl\/wp-content\/uploads\/2024\/10\/Wij-zijn-opzoek-naar-Pokemon-collecties-Pokefanz.nl_-595x476.jpg\" class=\"attachment-large size-large wp-image-4644\" alt=\"Wir suchen Pok\u00e9mon-Sammlungen - Pokefanz.nl\" srcset=\"https:\/\/tcgfanz.nl\/wp-content\/uploads\/2024\/10\/Wij-zijn-opzoek-naar-Pokemon-collecties-Pokefanz.nl_-595x476.jpg 595w, https:\/\/tcgfanz.nl\/wp-content\/uploads\/2024\/10\/Wij-zijn-opzoek-naar-Pokemon-collecties-Pokefanz.nl_-350x280.jpg 350w, https:\/\/tcgfanz.nl\/wp-content\/uploads\/2024\/10\/Wij-zijn-opzoek-naar-Pokemon-collecties-Pokefanz.nl_-150x120.jpg 150w, https:\/\/tcgfanz.nl\/wp-content\/uploads\/2024\/10\/Wij-zijn-opzoek-naar-Pokemon-collecties-Pokefanz.nl_-768x614.jpg 768w, https:\/\/tcgfanz.nl\/wp-content\/uploads\/2024\/10\/Wij-zijn-opzoek-naar-Pokemon-collecties-Pokefanz.nl_-450x360.jpg 450w, https:\/\/tcgfanz.nl\/wp-content\/uploads\/2024\/10\/Wij-zijn-opzoek-naar-Pokemon-collecties-Pokefanz.nl_.jpg 1000w\" sizes=\"(max-width: 595px) 100vw, 595px\" \/>\t\t\t\t\t\t\t\t<\/a>\n\t\t\t\t\t\t\t\t\t\t\t\t\t\t\t<\/div>\n\t\t\t\t<\/div>\n\t\t\t\t\t<\/div>\n\t\t<\/div>\n\t\t\t\t\t<\/div>\n\t\t<\/section>\n\t\t\t\t<section class=\"elementor-section elementor-top-section elementor-element elementor-element-20315a4a elementor-section-boxed elementor-section-height-default elementor-section-height-default\" data-id=\"20315a4a\" data-element_type=\"section\">\n\t\t\t\t\t\t<div class=\"elementor-container elementor-column-gap-default\">\n\t\t\t\t\t<div class=\"elementor-column elementor-col-50 elementor-top-column elementor-element elementor-element-484a593e\" data-id=\"484a593e\" data-element_type=\"column\">\n\t\t\t<div class=\"elementor-widget-wrap elementor-element-populated\">\n\t\t\t\t\t\t<div class=\"elementor-element elementor-element-6ebc59ba elementor-widget elementor-widget-heading\" data-id=\"6ebc59ba\" data-element_type=\"widget\" data-widget_type=\"heading.default\">\n\t\t\t\t<div class=\"elementor-widget-container\">\n\t\t\t\t\t<h3 class=\"elementor-heading-title elementor-size-default\">Bilden<\/h3>\t\t\t\t<\/div>\n\t\t\t\t<\/div>\n\t\t\t\t<div class=\"elementor-element elementor-element-f7c98bb elementor-button-align-stretch elementor-widget elementor-widget-form\" data-id=\"f7c98bb\" data-element_type=\"widget\" data-settings=\"{&quot;step_next_label&quot;:&quot;Next&quot;,&quot;step_previous_label&quot;:&quot;Previous&quot;,&quot;button_width&quot;:&quot;100&quot;,&quot;step_type&quot;:&quot;number_text&quot;,&quot;step_icon_shape&quot;:&quot;circle&quot;}\" data-widget_type=\"form.default\">\n\t\t\t\t<div class=\"elementor-widget-container\">\n\t\t\t\t\t\t\t<form class=\"elementor-form\" method=\"post\" name=\"Contact\" aria-label=\"Kontakt\" action=\"\">\n\t\t\t<input type=\"hidden\" name=\"post_id\" value=\"5524\"\/>\n\t\t\t<input type=\"hidden\" name=\"form_id\" value=\"f7c98bb\"\/>\n\t\t\t<input type=\"hidden\" name=\"referer_title\" value=\"Verkoop je Pok\u00e9mon kaarten\" \/>\n\n\t\t\t\t\t\t\t<input type=\"hidden\" name=\"queried_id\" value=\"5524\"\/>\n\t\t\t\n\t\t\t<div class=\"elementor-form-fields-wrapper elementor-labels-above\">\n\t\t\t\t\t\t\t\t<div class=\"elementor-field-type-text elementor-field-group elementor-column elementor-field-group-name elementor-col-33 elementor-sm-50 elementor-field-required\">\n\t\t\t\t\t\t\t\t\t\t\t\t<label for=\"form-field-name\" class=\"elementor-field-label\">\n\t\t\t\t\t\t\t\tName\t\t\t\t\t\t\t<\/label>\n\t\t\t\t\t\t\t\t\t\t\t\t\t\t<input size=\"1\" type=\"text\" name=\"form_fields[name]\" id=\"form-field-name\" class=\"elementor-field elementor-size-sm  elementor-field-textual\" placeholder=\"Geben Sie hier Ihren Namen ein\" required=\"required\">\n\t\t\t\t\t\t\t\t\t\t\t<\/div>\n\t\t\t\t\t\t\t\t<div class=\"elementor-field-type-text elementor-field-group elementor-column elementor-field-group-field_c927d6d elementor-col-33 elementor-sm-50\">\n\t\t\t\t\t\t\t\t\t\t\t\t<label for=\"form-field-field_c927d6d\" class=\"elementor-field-label\">\n\t\t\t\t\t\t\t\tName der Firma\t\t\t\t\t\t\t<\/label>\n\t\t\t\t\t\t\t\t\t\t\t\t\t\t<input size=\"1\" type=\"text\" name=\"form_fields[field_c927d6d]\" id=\"form-field-field_c927d6d\" class=\"elementor-field elementor-size-sm  elementor-field-textual\" placeholder=\"Geben Sie hier Ihren Firmennamen ein\">\n\t\t\t\t\t\t\t\t\t\t\t<\/div>\n\t\t\t\t\t\t\t\t<div class=\"elementor-field-type-text elementor-field-group elementor-column elementor-field-group-field_f1ffff9 elementor-col-33 elementor-field-required\">\n\t\t\t\t\t\t\t\t\t\t\t\t<label for=\"form-field-field_f1ffff9\" class=\"elementor-field-label\">\n\t\t\t\t\t\t\t\tAnzahl der Karten\t\t\t\t\t\t\t<\/label>\n\t\t\t\t\t\t\t\t\t\t\t\t\t\t<input size=\"1\" type=\"text\" name=\"form_fields[field_f1ffff9]\" id=\"form-field-field_f1ffff9\" class=\"elementor-field elementor-size-sm  elementor-field-textual\" placeholder=\"Geben Sie hier die Anzahl der Karten ein\" required=\"required\">\n\t\t\t\t\t\t\t\t\t\t\t<\/div>\n\t\t\t\t\t\t\t\t<div class=\"elementor-field-type-email elementor-field-group elementor-column elementor-field-group-email elementor-col-50 elementor-field-required\">\n\t\t\t\t\t\t\t\t\t\t\t\t<label for=\"form-field-email\" class=\"elementor-field-label\">\n\t\t\t\t\t\t\t\tE-Mail\t\t\t\t\t\t\t<\/label>\n\t\t\t\t\t\t\t\t\t\t\t\t\t\t<input size=\"1\" type=\"email\" name=\"form_fields[email]\" id=\"form-field-email\" class=\"elementor-field elementor-size-sm  elementor-field-textual\" placeholder=\"Geben Sie hier Ihre E-Mail ein\" required=\"required\">\n\t\t\t\t\t\t\t\t\t\t\t<\/div>\n\t\t\t\t\t\t\t\t<div class=\"elementor-field-type-tel elementor-field-group elementor-column elementor-field-group-field_7166587 elementor-col-50 elementor-field-required\">\n\t\t\t\t\t\t\t\t\t\t\t\t<label for=\"form-field-field_7166587\" class=\"elementor-field-label\">\n\t\t\t\t\t\t\t\tTelefon\t\t\t\t\t\t\t<\/label>\n\t\t\t\t\t\t\t\t<input size=\"1\" type=\"tel\" name=\"form_fields[field_7166587]\" id=\"form-field-field_7166587\" class=\"elementor-field elementor-size-sm  elementor-field-textual\" placeholder=\"Geben Sie hier Ihre Telefonnummer ein\" required=\"required\" pattern=\"[0-9()#&amp;+*-=.]+\" title=\"Es werden nur Zahlen und Telefonzeichen (#, -, * usw.) akzeptiert.\">\n\n\t\t\t\t\t\t<\/div>\n\t\t\t\t\t\t\t\t<div class=\"elementor-field-type-text elementor-field-group elementor-column elementor-field-group-field_f9e715f elementor-col-30 elementor-sm-60 elementor-field-required\">\n\t\t\t\t\t\t\t\t\t\t\t\t<label for=\"form-field-field_f9e715f\" class=\"elementor-field-label\">\n\t\t\t\t\t\t\t\tStra\u00dfenname\t\t\t\t\t\t\t<\/label>\n\t\t\t\t\t\t\t\t\t\t\t\t\t\t<input size=\"1\" type=\"text\" name=\"form_fields[field_f9e715f]\" id=\"form-field-field_f9e715f\" class=\"elementor-field elementor-size-sm  elementor-field-textual\" placeholder=\"Geben Sie hier Ihren Stra\u00dfennamen ein\" required=\"required\">\n\t\t\t\t\t\t\t\t\t\t\t<\/div>\n\t\t\t\t\t\t\t\t<div class=\"elementor-field-type-text elementor-field-group elementor-column elementor-field-group-field_8169e31 elementor-col-20 elementor-sm-40 elementor-field-required\">\n\t\t\t\t\t\t\t\t\t\t\t\t<label for=\"form-field-field_8169e31\" class=\"elementor-field-label\">\n\t\t\t\t\t\t\t\tHausnummer\t\t\t\t\t\t\t<\/label>\n\t\t\t\t\t\t\t\t\t\t\t\t\t\t<input size=\"1\" type=\"text\" name=\"form_fields[field_8169e31]\" id=\"form-field-field_8169e31\" class=\"elementor-field elementor-size-sm  elementor-field-textual\" placeholder=\"Hausnummer\" required=\"required\">\n\t\t\t\t\t\t\t\t\t\t\t<\/div>\n\t\t\t\t\t\t\t\t<div class=\"elementor-field-type-text elementor-field-group elementor-column elementor-field-group-field_9fffbbc elementor-col-25 elementor-sm-50 elementor-field-required\">\n\t\t\t\t\t\t\t\t\t\t\t\t<label for=\"form-field-field_9fffbbc\" class=\"elementor-field-label\">\n\t\t\t\t\t\t\t\tPostleitzahl\t\t\t\t\t\t\t<\/label>\n\t\t\t\t\t\t\t\t\t\t\t\t\t\t<input size=\"1\" type=\"text\" name=\"form_fields[field_9fffbbc]\" id=\"form-field-field_9fffbbc\" class=\"elementor-field elementor-size-sm  elementor-field-textual\" placeholder=\"Geben Sie hier Ihre Postleitzahl ein\" required=\"required\">\n\t\t\t\t\t\t\t\t\t\t\t<\/div>\n\t\t\t\t\t\t\t\t<div class=\"elementor-field-type-text elementor-field-group elementor-column elementor-field-group-field_62b230f elementor-col-25 elementor-sm-50 elementor-field-required\">\n\t\t\t\t\t\t\t\t\t\t\t\t<label for=\"form-field-field_62b230f\" class=\"elementor-field-label\">\n\t\t\t\t\t\t\t\tWohnort\t\t\t\t\t\t\t<\/label>\n\t\t\t\t\t\t\t\t\t\t\t\t\t\t<input size=\"1\" type=\"text\" name=\"form_fields[field_62b230f]\" id=\"form-field-field_62b230f\" class=\"elementor-field elementor-size-sm  elementor-field-textual\" placeholder=\"Geben Sie hier Ihren Wohnort ein\" required=\"required\">\n\t\t\t\t\t\t\t\t\t\t\t<\/div>\n\t\t\t\t\t\t\t\t<div class=\"elementor-field-type-textarea elementor-field-group elementor-column elementor-field-group-message elementor-col-100 elementor-field-required\">\n\t\t\t\t\t\t\t\t\t\t\t\t<label for=\"form-field-message\" class=\"elementor-field-label\">\n\t\t\t\t\t\t\t\tBemerkung\t\t\t\t\t\t\t<\/label>\n\t\t\t\t\t\t<textarea class=\"elementor-field-textual elementor-field  elementor-size-sm\" name=\"form_fields[message]\" id=\"form-field-message\" rows=\"4\" placeholder=\"Posten Sie hier Ihre Frage und\/oder Ihren Kommentar\" required=\"required\"><\/textarea>\t\t\t\t<\/div>\n\t\t\t\t\t\t\t\t<div class=\"elementor-field-type-recaptcha_v3 elementor-field-group elementor-column elementor-field-group-field_995e524 elementor-col-100 recaptcha_v3-bottomright\">\n\t\t\t\t\t<div class=\"elementor-field\" id=\"form-field-field_995e524\"><div class=\"elementor-g-recaptcha\" data-sitekey=\"6LeAhIEqAAAAADakzdQlWHYoer3aUXap63DYTqbZ\" data-type=\"v3\" data-action=\"Form\" data-badge=\"bottomright\" data-size=\"invisible\"><\/div><\/div>\t\t\t\t<\/div>\n\t\t\t\t\t\t\t\t<div class=\"elementor-field-group elementor-column elementor-field-type-submit elementor-col-100 e-form__buttons\">\n\t\t\t\t\t<button class=\"elementor-button elementor-size-sm\" type=\"submit\">\n\t\t\t\t\t\t<span class=\"elementor-button-content-wrapper\">\n\t\t\t\t\t\t\t\t\t\t\t\t\t\t\t\t\t\t\t\t\t\t<span class=\"elementor-button-text\">Lenken<\/span>\n\t\t\t\t\t\t\t\t\t\t\t\t\t<\/span>\n\t\t\t\t\t<\/button>\n\t\t\t\t<\/div>\n\t\t\t<\/div>\n\t\t<input type=\"hidden\" name=\"trp-form-language\" value=\"de\"\/><\/form>\n\t\t\t\t\t\t<\/div>\n\t\t\t\t<\/div>\n\t\t\t\t\t<\/div>\n\t\t<\/div>\n\t\t\t\t<div class=\"elementor-column elementor-col-50 elementor-top-column elementor-element elementor-element-43d90edd\" data-id=\"43d90edd\" data-element_type=\"column\">\n\t\t\t<div class=\"elementor-widget-wrap elementor-element-populated\">\n\t\t\t\t\t\t<div class=\"elementor-element elementor-element-6ffcb6d elementor-widget__width-initial elementor-widget elementor-widget-heading\" data-id=\"6ffcb6d\" data-element_type=\"widget\" data-widget_type=\"heading.default\">\n\t\t\t\t<div class=\"elementor-widget-container\">\n\t\t\t\t\t<h3 class=\"elementor-heading-title elementor-size-default\">Sie k\u00f6nnen uns auch per WhatsApp kontaktieren<\/h3>\t\t\t\t<\/div>\n\t\t\t\t<\/div>\n\t\t<div class=\"elementor-element elementor-element-334040e e-con-full e-flex e-con e-child\" data-id=\"334040e\" data-element_type=\"container\" data-settings=\"{&quot;background_background&quot;:&quot;classic&quot;}\">\n\t\t\t\t<div class=\"elementor-element elementor-element-8bfb6f4 elementor-position-inline-start elementor-view-default elementor-mobile-position-block-start elementor-widget elementor-widget-icon-box\" data-id=\"8bfb6f4\" data-element_type=\"widget\" data-widget_type=\"icon-box.default\">\n\t\t\t\t<div class=\"elementor-widget-container\">\n\t\t\t\t\t\t\t<div class=\"elementor-icon-box-wrapper\">\n\n\t\t\t\t\t\t<div class=\"elementor-icon-box-icon\">\n\t\t\t\t<a href=\"https:\/\/api.whatsapp.com\/send?phone=31653558347\" target=\"_blank\" class=\"elementor-icon\" tabindex=\"-1\" aria-label=\"Senden Sie eine WhatsApp\">\n\t\t\t\t<svg aria-hidden=\"true\" class=\"e-font-icon-svg e-fab-whatsapp\" viewbox=\"0 0 448 512\" xmlns=\"http:\/\/www.w3.org\/2000\/svg\"><path d=\"M380.9 97.1C339 55.1 283.2 32 223.9 32c-122.4 0-222 99.6-222 222 0 39.1 10.2 77.3 29.6 111L0 480l117.7-30.9c32.4 17.7 68.9 27 106.1 27h.1c122.3 0 224.1-99.6 224.1-222 0-59.3-25.2-115-67.1-157zm-157 341.6c-33.2 0-65.7-8.9-94-25.7l-6.7-4-69.8 18.3L72 359.2l-4.4-7c-18.5-29.4-28.2-63.3-28.2-98.2 0-101.7 82.8-184.5 184.6-184.5 49.3 0 95.6 19.2 130.4 54.1 34.8 34.9 56.2 81.2 56.1 130.5 0 101.8-84.9 184.6-186.6 184.6zm101.2-138.2c-5.5-2.8-32.8-16.2-37.9-18-5.1-1.9-8.8-2.8-12.5 2.8-3.7 5.6-14.3 18-17.6 21.8-3.2 3.7-6.5 4.2-12 1.4-32.6-16.3-54-29.1-75.5-66-5.7-9.8 5.7-9.1 16.3-30.3 1.8-3.7.9-6.9-.5-9.7-1.4-2.8-12.5-30.1-17.1-41.2-4.5-10.8-9.1-9.3-12.5-9.5-3.2-.2-6.9-.2-10.6-.2-3.7 0-9.7 1.4-14.8 6.9-5.1 5.6-19.4 19-19.4 46.3 0 27.3 19.9 53.7 22.6 57.4 2.8 3.7 39.1 59.7 94.8 83.8 35.2 15.2 49 16.5 66.6 13.9 10.7-1.6 32.8-13.4 37.4-26.4 4.6-13 4.6-24.1 3.2-26.4-1.3-2.5-5-3.9-10.5-6.6z\"><\/path><\/svg>\t\t\t\t<\/a>\n\t\t\t<\/div>\n\t\t\t\n\t\t\t\t\t\t<div class=\"elementor-icon-box-content\">\n\n\t\t\t\t\t\t\t\t\t<h3 class=\"elementor-icon-box-title\">\n\t\t\t\t\t\t<a href=\"https:\/\/api.whatsapp.com\/send?phone=31653558347\" target=\"_blank\" >\n\t\t\t\t\t\t\tSenden Sie eine WhatsApp\t\t\t\t\t\t<\/a>\n\t\t\t\t\t<\/h3>\n\t\t\t\t\n\t\t\t\t\t\t\t\t\t<p class=\"elementor-icon-box-description\">\n\t\t\t\t\t\tWir sind auch per WhatsApp erreichbar\t\t\t\t\t<\/p>\n\t\t\t\t\n\t\t\t<\/div>\n\t\t\t\n\t\t<\/div>\n\t\t\t\t\t\t<\/div>\n\t\t\t\t<\/div>\n\t\t\t\t<\/div>\n\t\t\t\t\t<\/div>\n\t\t<\/div>\n\t\t\t\t\t<\/div>\n\t\t<\/section>\n\t\t\t\t<\/div>","protected":false},"excerpt":{"rendered":"<p>Pok\u00e9mon kaarten verkopen? Wij helpen je graag verder! Hoe kan ik mijn Pok\u00e9mon kaarten verkopen? Heb jij een verzameling Pok\u00e9mon kaarten en ben je benieuwd hoe je deze kunt verkopen? Of je nu ruimte wilt maken, je verzameling wilt inkrimpen, of een mooie zoldervondst hebt gedaan: bij TCG Fanz &amp; Collectibles staan we klaar om [&hellip;]<\/p>","protected":false},"author":1,"featured_media":0,"parent":0,"menu_order":0,"comment_status":"closed","ping_status":"closed","template":"","meta":{"_acf_changed":false,"_seopress_robots_primary_cat":"","_seopress_titles_title":"Over TCG Fanz Collectibles | Jouw Pok\u00e9mon Specialist","_seopress_titles_desc":"Leer ons kennen! Specialist in Pok\u00e9mon TCG, knuffels, Funko Pops en meer. Persoonlijke service en passie voor verzamelen.","_seopress_robots_index":"","footnotes":""},"class_list":["post-5524","page","type-page","status-publish","hentry"],"acf":[],"_links":{"self":[{"href":"https:\/\/tcgfanz.nl\/de\/wp-json\/wp\/v2\/pages\/5524","targetHints":{"allow":["GET"]}}],"collection":[{"href":"https:\/\/tcgfanz.nl\/de\/wp-json\/wp\/v2\/pages"}],"about":[{"href":"https:\/\/tcgfanz.nl\/de\/wp-json\/wp\/v2\/types\/page"}],"author":[{"embeddable":true,"href":"https:\/\/tcgfanz.nl\/de\/wp-json\/wp\/v2\/users\/1"}],"replies":[{"embeddable":true,"href":"https:\/\/tcgfanz.nl\/de\/wp-json\/wp\/v2\/comments?post=5524"}],"version-history":[{"count":20,"href":"https:\/\/tcgfanz.nl\/de\/wp-json\/wp\/v2\/pages\/5524\/revisions"}],"predecessor-version":[{"id":6552,"href":"https:\/\/tcgfanz.nl\/de\/wp-json\/wp\/v2\/pages\/5524\/revisions\/6552"}],"wp:attachment":[{"href":"https:\/\/tcgfanz.nl\/de\/wp-json\/wp\/v2\/media?parent=5524"}],"curies":[{"name":"wp","href":"https:\/\/api.w.org\/{rel}","templated":true}]}}