{"id":6665,"date":"2025-09-23T14:30:12","date_gmt":"2025-09-23T14:30:12","guid":{"rendered":"https:\/\/tcgfanz.nl\/?page_id=6665"},"modified":"2025-10-06T15:59:43","modified_gmt":"2025-10-06T15:59:43","slug":"datenschutzrichtlinie","status":"publish","type":"page","link":"https:\/\/tcgfanz.nl\/de\/datenschutzrichtlinie\/","title":{"rendered":"Datenschutzrichtlinie"},"content":{"rendered":"<div data-elementor-type=\"wp-page\" data-elementor-id=\"6665\" class=\"elementor elementor-6665\" data-elementor-post-type=\"page\">\n\t\t\t\t<div class=\"elementor-element elementor-element-a60f498 e-flex e-con-boxed e-con e-parent\" data-id=\"a60f498\" data-element_type=\"container\">\n\t\t\t\t\t<div class=\"e-con-inner\">\n\t\t\t\t<div class=\"elementor-element elementor-element-4454fda elementor-widget elementor-widget-heading\" data-id=\"4454fda\" data-element_type=\"widget\" data-widget_type=\"heading.default\">\n\t\t\t\t<div class=\"elementor-widget-container\">\n\t\t\t\t\t<h2 class=\"elementor-heading-title elementor-size-default\">Lesen Sie unsere Datenschutzrichtlinie<\/h2>\t\t\t\t<\/div>\n\t\t\t\t<\/div>\n\t\t\t\t<div class=\"elementor-element elementor-element-77f7d70 elementor-widget elementor-widget-text-editor\" data-id=\"77f7d70\" data-element_type=\"widget\" data-widget_type=\"text-editor.default\">\n\t\t\t\t<div class=\"elementor-widget-container\">\n\t\t\t\t\t\t\t\t\t<h1 data-start=\"372\" data-end=\"421\"><strong data-start=\"374\" data-end=\"421\">Datenschutzerkl\u00e4rung \u2013 TCG Fanz &amp; Collectibles<\/strong><\/h1><p data-start=\"423\" data-end=\"452\"><strong data-start=\"423\" data-end=\"452\">Version 1.1 \u2013 Oktober 2025<\/strong><\/p><p data-start=\"454\" data-end=\"674\">Bei TCG Fanz &amp; Collectibles legen wir Wert auf den Schutz Ihrer pers\u00f6nlichen Daten. In dieser Datenschutzerkl\u00e4rung erkl\u00e4ren wir, welche Daten wir sammeln, warum wir sie sammeln und wie wir sie sch\u00fctzen.<\/p><hr data-start=\"676\" data-end=\"679\" \/><h2 data-start=\"681\" data-end=\"718\"><strong data-start=\"684\" data-end=\"718\">1. Firmendaten<\/strong><\/h2><p data-start=\"719\" data-end=\"879\"><strong data-start=\"719\" data-end=\"746\">TCG-Fans &amp; Sammlerst\u00fccke<\/strong><br data-start=\"746\" data-end=\"749\" \/>Zijlweg 7<br data-start=\"758\" data-end=\"761\" \/>5145 NR Waalwijk<br data-start=\"777\" data-end=\"780\" \/>Handelskammer: 90813820<br data-start=\"793\" data-end=\"796\" \/>E-Mail: <strong data-start=\"804\" data-end=\"823\"><a class=\"decorated-link cursor-pointer\" rel=\"noopener\" data-start=\"806\" data-end=\"821\">info@tcgfanz.nl<\/a><\/strong><br data-start=\"823\" data-end=\"826\" \/>Webseite: <a class=\"decorated-link\" href=\"https:\/\/tcgfanz.nl\/de\" target=\"_new\" rel=\"noopener\" data-start=\"835\" data-end=\"877\">https:\/\/tcgfanz.nl\/<\/a><\/p><hr data-start=\"881\" data-end=\"884\" \/><h2 data-start=\"886\" data-end=\"933\"><strong data-start=\"889\" data-end=\"933\">2. Geltung dieser Datenschutzerkl\u00e4rung<\/strong><\/h2><p data-start=\"934\" data-end=\"1175\">Diese Datenschutzerkl\u00e4rung gilt f\u00fcr alle personenbezogenen Daten, die von TCG Fanz &amp; Collectibles gesammelt oder verarbeitet werden, sowohl \u00fcber die Website <a class=\"decorated-link\" href=\"https:\/\/tcgfanz.nl\/de\" target=\"_new\" rel=\"noopener\" data-start=\"1084\" data-end=\"1126\">https:\/\/tcgfanz.nl\/<\/a>, per E-Mail sowie w\u00e4hrend Veranstaltungen oder Messen.<\/p><hr data-start=\"1177\" data-end=\"1180\" \/><h2 data-start=\"1182\" data-end=\"1228\"><strong data-start=\"1185\" data-end=\"1228\">3. Welche personenbezogenen Daten verarbeiten wir?<\/strong><\/h2><p data-start=\"1229\" data-end=\"1451\">Wir verarbeiten personenbezogene Daten, die Sie uns mitteilen, beispielsweise wenn Sie eine Bestellung aufgeben, mit uns in Kontakt treten oder sich f\u00fcr unseren Newsletter anmelden.<br data-start=\"1400\" data-end=\"1403\" \/>Wir verarbeiten unter anderem folgende Daten:<\/p><ul data-start=\"1453\" data-end=\"1644\"><li data-start=\"1453\" data-end=\"1473\"><p data-start=\"1455\" data-end=\"1473\">Vor- und Nachname<\/p><\/li><li data-start=\"1474\" data-end=\"1491\"><p data-start=\"1476\" data-end=\"1491\">Adressdaten<\/p><\/li><li data-start=\"1492\" data-end=\"1507\"><p data-start=\"1494\" data-end=\"1507\">E-Mail-Adresse<\/p><\/li><li data-start=\"1508\" data-end=\"1526\"><p data-start=\"1510\" data-end=\"1526\">Telefonnummer<\/p><\/li><li data-start=\"1527\" data-end=\"1557\"><p data-start=\"1529\" data-end=\"1557\">Zahlungs- und Rechnungsdetails<\/p><\/li><li data-start=\"1558\" data-end=\"1580\"><p data-start=\"1560\" data-end=\"1580\">Bestellverlauf<\/p><\/li><li data-start=\"1581\" data-end=\"1644\"><p data-start=\"1583\" data-end=\"1644\">Ggf. IP-Adresse und Browserinformationen (beim Besuch der Website)<\/p><\/li><\/ul><hr data-start=\"1646\" data-end=\"1649\" \/><h2 data-start=\"1651\" data-end=\"1697\"><strong data-start=\"1654\" data-end=\"1697\">4. Zwecke der Datenverarbeitung<\/strong><\/h2><p data-start=\"1698\" data-end=\"1766\">Wir verwenden Ihre Daten ausschlie\u00dflich zu folgenden Zwecken:<\/p><ol data-start=\"1768\" data-end=\"2337\"><li data-start=\"1768\" data-end=\"1882\"><p data-start=\"1771\" data-end=\"1882\"><strong data-start=\"1771\" data-end=\"1801\">Auftragsabwicklung<\/strong><br data-start=\"1801\" data-end=\"1804\" \/>\u2013 Um Ihre Bestellung korrekt zu bearbeiten, zu versenden und in Rechnung zu stellen.<\/p><\/li><li data-start=\"1884\" data-end=\"1968\"><p data-start=\"1887\" data-end=\"1968\"><strong data-start=\"1887\" data-end=\"1905\">Kundendienst<\/strong><br data-start=\"1905\" data-end=\"1908\" \/>\u2013 Zur Bearbeitung von Fragen, Beschwerden oder R\u00fccksendungen.<\/p><\/li><li data-start=\"1970\" data-end=\"2121\"><p data-start=\"1973\" data-end=\"2121\"><strong data-start=\"1973\" data-end=\"2002\">Marketing und Kommunikation<\/strong><br data-start=\"2002\" data-end=\"2005\" \/>\u2013 Nur wenn Sie hierzu Ihre ausdr\u00fcckliche Einwilligung erteilt haben (zum Beispiel bei der Anmeldung zum Newsletter).<\/p><\/li><li data-start=\"2123\" data-end=\"2220\"><p data-start=\"2126\" data-end=\"2220\"><strong data-start=\"2126\" data-end=\"2155\">Rechtliche Verpflichtungen<\/strong><br data-start=\"2155\" data-end=\"2158\" \/>\u2013 F\u00fcr Verwaltungs-, Buchhaltungs- und Steuerzwecke.<\/p><\/li><li data-start=\"2222\" data-end=\"2337\"><p data-start=\"2225\" data-end=\"2337\"><strong data-start=\"2225\" data-end=\"2249\">Website-Optimierung<\/strong><br data-start=\"2249\" data-end=\"2252\" \/>\u2013 Um unsere Website und Dienste mit anonymisierten Daten zu verbessern.<\/p><\/li><\/ol><hr data-start=\"2339\" data-end=\"2342\" \/><h2 data-start=\"2344\" data-end=\"2396\"><strong data-start=\"2347\" data-end=\"2396\">5. Wir geben keine personenbezogenen Daten an Dritte weiter<\/strong><\/h2><p data-start=\"2397\" data-end=\"2606\"><strong data-start=\"2397\" data-end=\"2491\">TCG Fanz &amp; Collectibles gibt Ihre personenbezogenen Daten niemals an Dritte weiter oder verkauft sie.<\/strong><br data-start=\"2491\" data-end=\"2494\" \/>Eine Ausnahme hiervon gilt nur, wenn dies f\u00fcr die Erbringung unserer Dienste unbedingt erforderlich ist, wie etwa:<\/p><ul data-start=\"2608\" data-end=\"2831\"><li data-start=\"2608\" data-end=\"2678\"><p data-start=\"2610\" data-end=\"2678\"><strong data-start=\"2610\" data-end=\"2629\">Zahlungsanbieter<\/strong> (z. B. iDEAL, Mollie) f\u00fcr sichere Zahlungen;<\/p><\/li><li data-start=\"2679\" data-end=\"2759\"><p data-start=\"2681\" data-end=\"2759\"><strong data-start=\"2681\" data-end=\"2699\">Paketdienste<\/strong> (wie PostNL oder DHL) f\u00fcr die Auslieferung von Bestellungen;<\/p><\/li><li data-start=\"2760\" data-end=\"2831\"><p data-start=\"2762\" data-end=\"2831\"><strong data-start=\"2762\" data-end=\"2800\">Verwaltungs- oder Buchhaltungssoftware<\/strong> f\u00fcr die gesetzliche Buchf\u00fchrung.<\/p><\/li><\/ul><p data-start=\"2833\" data-end=\"3014\">Wir schlie\u00dfen mit diesen Parteien immer einen Vertrag ab <strong data-start=\"2874\" data-end=\"2900\">Auftragsverarbeitungsvertrag<\/strong>, in der sie sich verpflichten, Ihre Daten zu sch\u00fctzen und nur f\u00fcr den vereinbarten Zweck zu verwenden.<\/p><p data-start=\"3016\" data-end=\"3132\">Ihre personenbezogenen Daten werden <strong data-start=\"3045\" data-end=\"3054\">niemals<\/strong> zu kommerziellen oder Werbezwecken an Dritte weitergegeben.<\/p><hr data-start=\"3134\" data-end=\"3137\" \/><h2 data-start=\"3139\" data-end=\"3176\"><strong data-start=\"3142\" data-end=\"3176\">6. Rechtsgrundlage der Verarbeitung<\/strong><\/h2><p data-start=\"3177\" data-end=\"3245\">Wir verarbeiten personenbezogene Daten auf Grundlage der folgenden Grunds\u00e4tze:<\/p><ul data-start=\"3246\" data-end=\"3501\"><li data-start=\"3246\" data-end=\"3305\"><p data-start=\"3248\" data-end=\"3305\"><strong data-start=\"3248\" data-end=\"3283\">Vertragsabschluss<\/strong> (mit Bestellungen);<\/p><\/li><li data-start=\"3306\" data-end=\"3356\"><p data-start=\"3308\" data-end=\"3356\"><strong data-start=\"3308\" data-end=\"3323\">Zustimmung<\/strong> (mit Newsletter oder Werbeaktion);<\/p><\/li><li data-start=\"3357\" data-end=\"3421\"><p data-start=\"3359\" data-end=\"3421\"><strong data-start=\"3359\" data-end=\"3386\">Rechtliche Verpflichtung<\/strong> (in der Buchhaltung und Rechnungsstellung);<\/p><\/li><li data-start=\"3422\" data-end=\"3501\"><p data-start=\"3424\" data-end=\"3501\"><strong data-start=\"3424\" data-end=\"3450\">Berechtigtes Interesse<\/strong> (bei der Verbesserung der Website und der Sicherheit).<\/p><\/li><\/ul><hr data-start=\"3503\" data-end=\"3506\" \/><h2 data-start=\"3508\" data-end=\"3533\"><strong data-start=\"3511\" data-end=\"3533\">7. Aufbewahrungsfristen<\/strong><\/h2><p data-start=\"3534\" data-end=\"3592\">Wir speichern Ihre Daten nicht l\u00e4nger als n\u00f6tig:<\/p><ul data-start=\"3593\" data-end=\"3790\"><li data-start=\"3593\" data-end=\"3662\"><p data-start=\"3595\" data-end=\"3662\">Bestell- und Rechnungsdaten: <strong data-start=\"3623\" data-end=\"3633\">7 Jahre<\/strong> (gesetzliche Aufbewahrungspflicht).<\/p><\/li><li data-start=\"3663\" data-end=\"3719\"><p data-start=\"3665\" data-end=\"3719\">Newsletter-Abonnements: bis Sie sich abmelden.<\/p><\/li><li data-start=\"3720\" data-end=\"3790\"><p data-start=\"3722\" data-end=\"3790\">Sonstige Kundenkommunikation: maximal <strong data-start=\"3758\" data-end=\"3768\">2 Jahre<\/strong> nach dem letzten Kontakt.<\/p><\/li><\/ul><hr data-start=\"3792\" data-end=\"3795\" \/><h2 data-start=\"3797\" data-end=\"3832\"><strong data-start=\"3800\" data-end=\"3832\">8. Cookies und Website-Nutzung<\/strong><\/h2><p data-start=\"3833\" data-end=\"3908\">Unsere Website verwendet ausschlie\u00dflich funktionale und analytische Cookies:<\/p><ul data-start=\"3909\" data-end=\"4097\"><li data-start=\"3909\" data-end=\"4017\"><p data-start=\"3911\" data-end=\"4017\"><strong data-start=\"3911\" data-end=\"3935\">Funktionelle Cookies:<\/strong> notwendig f\u00fcr einen ordnungsgem\u00e4\u00df funktionierenden Webshop (z. B. Warenkorbfunktionalit\u00e4t).<\/p><\/li><li data-start=\"4018\" data-end=\"4097\"><p data-start=\"4020\" data-end=\"4097\"><strong data-start=\"4020\" data-end=\"4044\">Analytische Cookies:<\/strong> anonyme Statistiken zur Verbesserung der Website.<\/p><\/li><\/ul><p data-start=\"4099\" data-end=\"4251\">Wir verwenden <strong data-start=\"4113\" data-end=\"4153\">keine Tracking- oder Werbecookies<\/strong> ohne Erlaubnis.<br data-start=\"4173\" data-end=\"4176\" \/>Sie k\u00f6nnen Cookies jederzeit \u00fcber Ihre Browsereinstellungen l\u00f6schen oder blockieren.<\/p><hr data-start=\"4253\" data-end=\"4256\" \/><h2 data-start=\"4258\" data-end=\"4300\"><strong data-start=\"4261\" data-end=\"4300\">9. Sicherheit personenbezogener Daten<\/strong><\/h2><p data-start=\"4301\" data-end=\"4456\">Wir ergreifen geeignete technische und organisatorische Ma\u00dfnahmen, um Missbrauch, Verlust, unbefugten Zugriff oder Offenlegung zu verhindern.<br data-start=\"4435\" data-end=\"4438\" \/>Unter anderem durch:<\/p><ul data-start=\"4457\" data-end=\"4662\"><li data-start=\"4457\" data-end=\"4511\"><p data-start=\"4459\" data-end=\"4511\">Verwendung einer sicheren SSL-Verbindung (https);<\/p><\/li><li data-start=\"4512\" data-end=\"4564\"><p data-start=\"4514\" data-end=\"4564\">Starke Passw\u00f6rter und eingeschr\u00e4nkte Zugriffsrechte;<\/p><\/li><li data-start=\"4565\" data-end=\"4607\"><p data-start=\"4567\" data-end=\"4607\">Verschl\u00fcsselte Speicherung der Kundendaten;<\/p><\/li><li data-start=\"4608\" data-end=\"4662\"><p data-start=\"4610\" data-end=\"4662\">Regelm\u00e4\u00dfige Sicherheits\u00fcberpr\u00fcfungen unserer Systeme.<\/p><\/li><\/ul><hr data-start=\"4664\" data-end=\"4667\" \/><h2 data-start=\"4669\" data-end=\"4692\"><strong data-start=\"4672\" data-end=\"4692\">10. Ihre Rechte<\/strong><\/h2><p data-start=\"4693\" data-end=\"4714\">Sie haben das Recht:<\/p><ul data-start=\"4715\" data-end=\"5009\"><li data-start=\"4715\" data-end=\"4762\"><p data-start=\"4717\" data-end=\"4762\">Um Zugriff auf Ihre personenbezogenen Daten zu erhalten;<\/p><\/li><li data-start=\"4763\" data-end=\"4805\"><p data-start=\"4765\" data-end=\"4805\">Auf Berichtigung unrichtiger Daten;<\/p><\/li><li data-start=\"4806\" data-end=\"4869\"><p data-start=\"4808\" data-end=\"4869\">Das Recht auf L\u00f6schung Ihrer Daten (\u201eRecht auf Vergessenwerden\u201c);<\/p><\/li><li data-start=\"4870\" data-end=\"4926\"><p data-start=\"4872\" data-end=\"4926\">Eine Einschr\u00e4nkung der Verarbeitung oder einen Widerspruch gegen die Verarbeitung zu beantragen;<\/p><\/li><li data-start=\"4927\" data-end=\"4960\"><p data-start=\"4929\" data-end=\"4960\">Ihre Einwilligung zu widerrufen;<\/p><\/li><li data-start=\"4961\" data-end=\"5009\"><p data-start=\"4963\" data-end=\"5009\">Zur \u00dcbertragung von Daten (Datenportabilit\u00e4t).<\/p><\/li><\/ul><p data-start=\"5011\" data-end=\"5123\">Eine Anfrage hierzu k\u00f6nnen Sie an <strong data-start=\"5052\" data-end=\"5071\"><a class=\"decorated-link cursor-pointer\" rel=\"noopener\" data-start=\"5054\" data-end=\"5069\">info@tcgfanz.nl<\/a><\/strong>.<br data-start=\"5072\" data-end=\"5075\" \/>Wir werden innerhalb von <strong data-start=\"5095\" data-end=\"5107\">30 Tage<\/strong> auf jede Anfrage.<\/p><hr data-start=\"5125\" data-end=\"5128\" \/><h2 data-start=\"5130\" data-end=\"5154\"><strong data-start=\"5133\" data-end=\"5154\">11. Minderj\u00e4hrige<\/strong><\/h2><p data-start=\"5155\" data-end=\"5431\">Wir erfassen keine personenbezogenen Daten von Personen unter 16 Jahren ohne die Zustimmung eines Elternteils oder Erziehungsberechtigten.<br data-start=\"5266\" data-end=\"5269\" \/>Sollte sich herausstellen, dass wir unbeabsichtigt Daten von Minderj\u00e4hrigen erhoben haben, werden wir diese nach Benachrichtigung umgehend l\u00f6schen. <strong data-start=\"5411\" data-end=\"5430\"><a class=\"decorated-link cursor-pointer\" rel=\"noopener\" data-start=\"5413\" data-end=\"5428\">info@tcgfanz.nl<\/a><\/strong>.<\/p><hr data-start=\"5433\" data-end=\"5436\" \/><h2 data-start=\"5438\" data-end=\"5486\"><strong data-start=\"5441\" data-end=\"5486\">12. \u00c4nderungen dieser Datenschutzerkl\u00e4rung<\/strong><\/h2><p data-start=\"5487\" data-end=\"5723\">TCG Fanz &amp; Collectibles beh\u00e4lt sich das Recht vor, diese Datenschutzerkl\u00e4rung zu \u00e4ndern.<br data-start=\"5577\" data-end=\"5580\" \/>Die aktuellste Version finden Sie immer unter <a class=\"decorated-link\" href=\"https:\/\/tcgfanz.nl\/de\" target=\"_new\" rel=\"noopener\" data-start=\"5627\" data-end=\"5669\">https:\/\/tcgfanz.nl\/<\/a>.<br data-start=\"5670\" data-end=\"5673\" \/>Das Datum der letzten \u00c4nderung ist oben aufgef\u00fchrt.<\/p><hr data-start=\"5725\" data-end=\"5728\" \/><h2 data-start=\"5730\" data-end=\"5760\"><strong data-start=\"5733\" data-end=\"5760\">13. Kontakt und Beschwerden<\/strong><\/h2><p data-start=\"5761\" data-end=\"5880\">Wenn Sie Fragen oder Beschwerden zu dieser Datenschutzerkl\u00e4rung oder zur Verarbeitung personenbezogener Daten haben, wenden Sie sich bitte an:<\/p><p data-start=\"5882\" data-end=\"5972\"><strong data-start=\"5882\" data-end=\"5909\">TCG-Fans &amp; Sammlerst\u00fccke<\/strong><br data-start=\"5909\" data-end=\"5912\" \/>Zijlweg 7<br data-start=\"5921\" data-end=\"5924\" \/>5145 NR Waalwijk<br data-start=\"5940\" data-end=\"5943\" \/>E-Mail: <strong data-start=\"5951\" data-end=\"5970\"><a class=\"decorated-link cursor-pointer\" rel=\"noopener\" data-start=\"5953\" data-end=\"5968\">info@tcgfanz.nl<\/a><\/strong><\/p><p data-start=\"5974\" data-end=\"6180\">Sie sind mit der Bearbeitung Ihrer Beschwerde nicht zufrieden?<br data-start=\"6028\" data-end=\"6031\" \/>Dann kontaktieren Sie bitte die <strong data-start=\"6065\" data-end=\"6096\">Niederl\u00e4ndische Datenschutzbeh\u00f6rde<\/strong> \u00fcber <a class=\"decorated-link cursor-pointer\" target=\"_new\" rel=\"noopener\" data-start=\"6101\" data-end=\"6179\">https:\/\/autoriteitpersoonsgegevens.nl<\/a>.<\/p><hr data-start=\"6182\" data-end=\"6185\" \/><p data-start=\"6187\" data-end=\"6357\"><strong data-start=\"6187\" data-end=\"6357\">Indem Sie unsere Website oder Dienste nutzen oder eine Bestellung aufgeben, stimmen Sie automatisch dieser Datenschutzerkl\u00e4rung von TCG Fanz &amp; Collectibles zu.<\/strong><\/p>\t\t\t\t\t\t\t\t<\/div>\n\t\t\t\t<\/div>\n\t\t\t\t\t<\/div>\n\t\t\t\t<\/div>\n\t\t\t\t<\/div>","protected":false},"excerpt":{"rendered":"<p>Lees onze privacy policy Privacyverklaring \u2013 TCG Fanz &amp; Collectibles Versie 1.1 \u2013 oktober 2025 Bij TCG Fanz &amp; Collectibles hechten wij grote waarde aan de bescherming van jouw persoonsgegevens. In deze privacyverklaring leggen wij uit welke gegevens wij verzamelen, waarom wij dat doen en hoe wij deze beveiligen. 1. Gegevens van de onderneming TCG [&hellip;]<\/p>","protected":false},"author":1,"featured_media":0,"parent":0,"menu_order":0,"comment_status":"closed","ping_status":"closed","template":"","meta":{"_acf_changed":false,"_seopress_robots_primary_cat":"","_seopress_titles_title":"Algemene voorwaarden | TCG Fanz","_seopress_titles_desc":"Alles wat je moet weten over onze service, verzending en producten. Vind hier antwoorden op veelgestelde vragen!","_seopress_robots_index":"","footnotes":""},"class_list":["post-6665","page","type-page","status-publish","hentry"],"acf":[],"_links":{"self":[{"href":"https:\/\/tcgfanz.nl\/de\/wp-json\/wp\/v2\/pages\/6665","targetHints":{"allow":["GET"]}}],"collection":[{"href":"https:\/\/tcgfanz.nl\/de\/wp-json\/wp\/v2\/pages"}],"about":[{"href":"https:\/\/tcgfanz.nl\/de\/wp-json\/wp\/v2\/types\/page"}],"author":[{"embeddable":true,"href":"https:\/\/tcgfanz.nl\/de\/wp-json\/wp\/v2\/users\/1"}],"replies":[{"embeddable":true,"href":"https:\/\/tcgfanz.nl\/de\/wp-json\/wp\/v2\/comments?post=6665"}],"version-history":[{"count":7,"href":"https:\/\/tcgfanz.nl\/de\/wp-json\/wp\/v2\/pages\/6665\/revisions"}],"predecessor-version":[{"id":6746,"href":"https:\/\/tcgfanz.nl\/de\/wp-json\/wp\/v2\/pages\/6665\/revisions\/6746"}],"wp:attachment":[{"href":"https:\/\/tcgfanz.nl\/de\/wp-json\/wp\/v2\/media?parent=6665"}],"curies":[{"name":"wp","href":"https:\/\/api.w.org\/{rel}","templated":true}]}}