{"id":6506,"date":"2025-09-05T09:17:13","date_gmt":"2025-09-05T09:17:13","guid":{"rendered":"https:\/\/tcgfanz.nl\/?post_type=product&#038;p=6506"},"modified":"2026-03-10T22:47:52","modified_gmt":"2026-03-10T22:47:52","slug":"vault-x-reisverschlussordner-sv1-9-facher","status":"publish","type":"product","link":"https:\/\/tcgfanz.nl\/de\/produkte\/vault-x-reisverschlussordner-sv1-9-facher\/","title":{"rendered":"Vault x Zip Binder SV1 \u2013 9 F\u00e4cher"},"content":{"rendered":"<h1 data-start=\"70\" data-end=\"152\">Vault X Zip Binder SV1 \u2013 9 Pocket: Ultimativer Schutz f\u00fcr Ihre Pok\u00e9mon-Karten<\/h1>\n<p data-start=\"154\" data-end=\"743\">Du suchst eine hochwertige Mappe, um deine wertvollen Pok\u00e9mon-Karten sicher und \u00fcbersichtlich aufzubewahren? <strong data-start=\"272\" data-end=\"309\">Vault X Zip Binder SV1 \u2013 9 F\u00e4cher<\/strong> ist die perfekte Wahl f\u00fcr jeden Sammler, der seine Sammlung in Top-Zustand halten m\u00f6chte. Dieser Ordner ist speziell inspiriert von der beliebten <strong data-start=\"454\" data-end=\"486\">Scarlet &amp; Violet-Erweiterung<\/strong> aus dem Pok\u00e9mon TCG und kombiniert ein stilvolles Design mit maximalem Schutz. Mit der Signatur <em data-start=\"587\" data-end=\"592\">SV1<\/em>Das Logo auf der R\u00fcckseite macht diesen Ordner sofort zum Blickfang und der praktische Rei\u00dfverschluss sorgt daf\u00fcr, dass Ihre Sammlung jederzeit vollst\u00e4ndig umschlossen und gesch\u00fctzt bleibt.<\/p>\n<h2 data-start=\"745\" data-end=\"794\">Hochwertige Materialien f\u00fcr langlebige Qualit\u00e4t<\/h2>\n<p data-start=\"796\" data-end=\"1191\">Der <strong data-start=\"799\" data-end=\"830\">Vault X SV1 Ordner mit 9 F\u00e4chern<\/strong> ist mit Haltbarkeit und Sicherheit als oberste Priorit\u00e4t konzipiert. Die Abdeckung besteht aus robustem, wasserabweisendem <strong data-start=\"945\" data-end=\"967\">Exo-Tec\u00ae-Material<\/strong> Dieser ist nicht nur rutschfest, sondern bietet auch zus\u00e4tzlichen Schutz vor Feuchtigkeit und Besch\u00e4digungen. Die Innenseite ist mit weicher Mikrofaser ausgekleidet, die ein Verrutschen oder Besch\u00e4digen der Karten beim Einstecken und Entnehmen verhindert.<\/p>\n<p data-start=\"1193\" data-end=\"1533\">Dar\u00fcber hinaus bestehen die 20 Seiten aus <strong data-start=\"1239\" data-end=\"1293\">archivsichere, s\u00e4urefreie und PVC-freie Materialien<\/strong>, damit Ihre Karten auf lange Sicht nicht verblassen oder besch\u00e4digt werden. Egal, ob Sie ein Sammler sind, der Wert auf Perfektion legt, oder ein Spieler, der seine Karten in Top-Zustand halten m\u00f6chte: Dieser Ordner erf\u00fcllt alle Ihre Anforderungen.<\/p>\n<h2 data-start=\"1535\" data-end=\"1584\">Platz f\u00fcr 360 Karten mit sicherem Layout<\/h2>\n<p data-start=\"1586\" data-end=\"1933\">Mit 9 Taschen pro Seite und 20 doppelseitigen Einlagen bietet der Vault X SV1 Platz f\u00fcr bis zu <strong data-start=\"1690\" data-end=\"1705\">360 Karten<\/strong>Die Aufteilung erleichtert das Ordnen kompletter Sets oder einzelner Themen und sorgt daf\u00fcr, dass Sie stets den \u00dcberblick behalten. Der robuste Rei\u00dfverschluss verhindert das versehentliche Herausrutschen der Karten und sorgt f\u00fcr zus\u00e4tzliche Sicherheit beim Transport.<\/p>\n<p data-start=\"1935\" data-end=\"2129\">Dar\u00fcber hinaus sorgt das schlanke Design daf\u00fcr, dass Ihr Ordner nicht nur praktisch ist, sondern auch in jedem Regal oder auf einer Messe stilvoll aussieht. Es ist die ideale Kombination aus Funktionalit\u00e4t und Aussehen.<\/p>\n<h3 data-start=\"2131\" data-end=\"2192\">Warum sollten Sie sich f\u00fcr den Vault X Zip Binder SV1 \u2013 9 Pocket entscheiden?<\/h3>\n<ul data-start=\"2194\" data-end=\"2549\">\n<li data-start=\"2194\" data-end=\"2257\">\n<p data-start=\"2196\" data-end=\"2257\">Inspiriert von der Pok\u00e9mon-Sammelkartenspiel-Erweiterung Scarlet &amp; Violet<\/p>\n<\/li>\n<li data-start=\"2258\" data-end=\"2330\">\n<p data-start=\"2260\" data-end=\"2330\">Hochwertiger Exo-Tec\u00ae Bezug: wasserabweisend, rutschfest und extra stark<\/p>\n<\/li>\n<li data-start=\"2331\" data-end=\"2390\">\n<p data-start=\"2333\" data-end=\"2390\">Weiche Mikrofaser-Innenseite f\u00fcr optimalen Schutz<\/p>\n<\/li>\n<li data-start=\"2391\" data-end=\"2430\">\n<p data-start=\"2393\" data-end=\"2430\">Archivsicher: s\u00e4urefrei und PVC-frei<\/p>\n<\/li>\n<li data-start=\"2431\" data-end=\"2503\">\n<p data-start=\"2433\" data-end=\"2503\">Fassungsverm\u00f6gen von 360 Karten, \u00fcbersichtlich aufgeteilt auf 20 Seiten<\/p>\n<\/li>\n<li data-start=\"2504\" data-end=\"2549\">\n<p data-start=\"2506\" data-end=\"2549\">Abschlie\u00dfbarer Rei\u00dfverschluss f\u00fcr maximale Sicherheit<\/p>\n<\/li>\n<\/ul>\n<p data-start=\"2551\" data-end=\"2810\">Der Vault X SV1-Ordner ist die ultimative Investition f\u00fcr jeden Pok\u00e9mon-Sammelkartenspiel-Enthusiasten. Egal, ob Sie ein Anf\u00e4nger sind oder Ihre Sammlung seit Jahren erweitern, dieser Ordner bietet die beste Kombination aus Schutz, Qualit\u00e4t und Aussehen.<\/p>\n<p data-start=\"2812\" data-end=\"2997\">Mit dem Vault X Zip Binder SV1 \u2013 9 Pocket k\u00f6nnen Sie sicher sein, dass Ihre Karten sicher, geordnet und in perfektem Zustand bleiben \u2013 genau so, wie es f\u00fcr eine wertvolle Sammlung sein sollte.<\/p>","protected":false},"excerpt":{"rendered":"<p>Der <strong data-start=\"148\" data-end=\"185\">Vault X Zip Binder SV1 \u2013 9 F\u00e4cher<\/strong> ist die ideale Wahl f\u00fcr jeden Pok\u00e9mon TCG-Sammler. Dieser Premium-Ordner ist von der Scarlet &amp; Violet-Erweiterung inspiriert und bietet Platz f\u00fcr bis zu <strong data-start=\"346\" data-end=\"361\">360 Karten<\/strong>Dank der robusten, wasserabweisenden <strong data-start=\"400\" data-end=\"422\">Exo-Tec\u00ae-Material<\/strong>Das weiche Mikrofaser-Innenfutter und die archivsicheren, PVC-freien Einlagen sch\u00fctzen Ihre Karten optimal. Der verschlie\u00dfbare Rei\u00dfverschluss sorgt daf\u00fcr, dass auch beim Transport nichts verloren geht. Mit dem schlichten Design und dem wiedererkennbaren <em data-start=\"667\" data-end=\"672\">SV1<\/em>-Druck, dieser Ordner kombiniert Stil und Funktionalit\u00e4t, perfekt f\u00fcr Spieler und Sammler, die ihre Sammlung sicher und organisiert aufbewahren m\u00f6chten.<\/p>","protected":false},"featured_media":6505,"comment_status":"closed","ping_status":"closed","template":"","meta":{"_acf_changed":false,"_seopress_robots_primary_cat":"none","_seopress_titles_title":"Vault X Zip Binder SV1 \u2013 9 Pocket Pok\u00e9mon Kaartenmap","_seopress_titles_desc":"Premium Pok\u00e9mon kaartenmap met rits. Vault X SV1 binder biedt ruimte voor 360 kaarten, met zuurvrije insteekhoezen en extra stevige bescherming.","_seopress_robots_index":""},"product_brand":[],"product_cat":[531],"product_tag":[],"class_list":{"0":"post-6506","1":"product","2":"type-product","3":"status-publish","4":"has-post-thumbnail","6":"product_cat-mappen","7":"tm-no-options","9":"first","10":"outofstock","11":"taxable","12":"shipping-taxable","13":"purchasable","14":"product-type-simple"},"acf":[],"_links":{"self":[{"href":"https:\/\/tcgfanz.nl\/de\/wp-json\/wp\/v2\/product\/6506","targetHints":{"allow":["GET"]}}],"collection":[{"href":"https:\/\/tcgfanz.nl\/de\/wp-json\/wp\/v2\/product"}],"about":[{"href":"https:\/\/tcgfanz.nl\/de\/wp-json\/wp\/v2\/types\/product"}],"replies":[{"embeddable":true,"href":"https:\/\/tcgfanz.nl\/de\/wp-json\/wp\/v2\/comments?post=6506"}],"wp:featuredmedia":[{"embeddable":true,"href":"https:\/\/tcgfanz.nl\/de\/wp-json\/wp\/v2\/media\/6505"}],"wp:attachment":[{"href":"https:\/\/tcgfanz.nl\/de\/wp-json\/wp\/v2\/media?parent=6506"}],"wp:term":[{"taxonomy":"product_brand","embeddable":true,"href":"https:\/\/tcgfanz.nl\/de\/wp-json\/wp\/v2\/product_brand?post=6506"},{"taxonomy":"product_cat","embeddable":true,"href":"https:\/\/tcgfanz.nl\/de\/wp-json\/wp\/v2\/product_cat?post=6506"},{"taxonomy":"product_tag","embeddable":true,"href":"https:\/\/tcgfanz.nl\/de\/wp-json\/wp\/v2\/product_tag?post=6506"}],"curies":[{"name":"wp","href":"https:\/\/api.w.org\/{rel}","templated":true}]}}