{"id":6511,"date":"2025-09-05T09:37:12","date_gmt":"2025-09-05T09:37:12","guid":{"rendered":"https:\/\/tcgfanz.nl\/?post_type=product&#038;p=6511"},"modified":"2025-11-30T19:36:20","modified_gmt":"2025-11-30T19:36:20","slug":"vault-x-reisverschlussordner-sv1-12-facher","status":"publish","type":"product","link":"https:\/\/tcgfanz.nl\/de\/produkte\/vault-x-reisverschlussordner-sv1-12-facher\/","title":{"rendered":"Vault x Zip Binder SV1 \u2013 12 F\u00e4cher"},"content":{"rendered":"<h1 data-start=\"194\" data-end=\"264\">Vault X Zip Binder SV1 \u2013 12 Pocket: Maximaler Platz und Schutz<\/h1>\n<p data-start=\"266\" data-end=\"731\">F\u00fcr den wahren Pok\u00e9mon TCG-Sammler, der nicht nur Wert auf Sicherheit, sondern auch auf \u00dcbersicht und Kapazit\u00e4t legt, gibt es die <strong data-start=\"396\" data-end=\"434\">Vault X Zip Binder SV1 \u2013 12 F\u00e4cher<\/strong>Dieser Ordner ist mit Liebe zum Detail gestaltet und kombiniert ein schlankes Design mit robustem Schutz. Inspiriert von der beliebten <strong data-start=\"567\" data-end=\"599\">Scarlet &amp; Violet-Erweiterung<\/strong>, diese Karte strahlt Stil und Professionalit\u00e4t aus. Es <em data-start=\"654\" data-end=\"659\">SV1<\/em>-Logo auf der R\u00fcckseite macht es f\u00fcr Fans und Sammler sofort erkennbar.<\/p>\n<h2 data-start=\"733\" data-end=\"779\">Extra Kapazit\u00e4t: Platz f\u00fcr 480 Karten<\/h2>\n<p data-start=\"781\" data-end=\"1245\">Im Gegensatz zu den kleineren Varianten bietet diese <strong data-start=\"835\" data-end=\"855\">Ordner mit 12 F\u00e4chern<\/strong> mehr Platz, damit Sie <strong data-start=\"890\" data-end=\"905\">480 Karten<\/strong> Verstauen. Ideal f\u00fcr komplette Sets, Wettkampfdecks oder Themensammlungen. Dank der \u00fcbersichtlichen Anordnung bleibt jede Karte leicht zu finden und gut gesch\u00fctzt. Ob Sie Ihre Sammlung zu Hause organisieren oder Ihre Karten unterwegs sicher transportieren m\u00f6chten, dieser Ordner bietet die perfekte Balance aus Funktionalit\u00e4t und Komfort.<\/p>\n<h2 data-start=\"1247\" data-end=\"1293\">Hochwertige Materialien f\u00fcr Top-Qualit\u00e4t<\/h2>\n<p data-start=\"1295\" data-end=\"1704\">Die Abdeckung des Vault X SV1 besteht aus <strong data-start=\"1341\" data-end=\"1386\">robustes, wasserabweisendes Exo-Tec\u00ae-Material<\/strong>, die Ihre Karten vor Feuchtigkeit, Schmutz und Abnutzung sch\u00fctzt. Das weiche Mikrofaser-Innenfutter verhindert, dass die Karten verrutschen oder besch\u00e4digt werden. Dar\u00fcber hinaus sind die Einsteckh\u00fcllen komplett <strong data-start=\"1586\" data-end=\"1625\">archivfest, s\u00e4urefrei und PVC-frei<\/strong>, wodurch Ihre Karten ihren Wert und ihre Farbe behalten \u2013 auch langfristig.<\/p>\n<p data-start=\"1706\" data-end=\"1884\">Der robuste Rei\u00dfverschluss verschlie\u00dft den Ordner vollst\u00e4ndig und verhindert so das Herausfallen der Karten. Dies sorgt f\u00fcr zus\u00e4tzliche Sicherheit beim Transport zu Messen, Turnieren oder Tauschb\u00f6rsen.<\/p>\n<h3 data-start=\"1886\" data-end=\"1948\">Warum sollten Sie sich f\u00fcr den Vault X Zip Binder SV1 \u2013 12 Pocket entscheiden?<\/h3>\n<ul data-start=\"1950\" data-end=\"2284\">\n<li data-start=\"1950\" data-end=\"2013\">\n<p data-start=\"1952\" data-end=\"2013\">Inspiriert von der Pok\u00e9mon-Sammelkartenspiel-Erweiterung Scarlet &amp; Violet<\/p>\n<\/li>\n<li data-start=\"2014\" data-end=\"2068\">\n<p data-start=\"2016\" data-end=\"2068\">12 Taschen pro Seite, Platz f\u00fcr <strong data-start=\"2051\" data-end=\"2066\">480 Karten<\/strong><\/p>\n<\/li>\n<li data-start=\"2069\" data-end=\"2128\">\n<p data-start=\"2071\" data-end=\"2128\">Wasserabweisender Exo-Tec\u00ae Bezug: rutschsicher und extra stark<\/p>\n<\/li>\n<li data-start=\"2129\" data-end=\"2188\">\n<p data-start=\"2131\" data-end=\"2188\">Weiche Mikrofaser-Innenseite f\u00fcr optimalen Schutz<\/p>\n<\/li>\n<li data-start=\"2189\" data-end=\"2242\">\n<p data-start=\"2191\" data-end=\"2242\">Archivierungssichere, s\u00e4urefreie und PVC-freie Materialien<\/p>\n<\/li>\n<li data-start=\"2243\" data-end=\"2284\">\n<p data-start=\"2245\" data-end=\"2284\">Robuster Rei\u00dfverschluss f\u00fcr maximale Sicherheit<\/p>\n<\/li>\n<\/ul>\n<p data-start=\"2286\" data-end=\"2594\">Mit dem <strong data-start=\"2293\" data-end=\"2327\">Gew\u00f6lbe<\/strong> Sie haben nicht nur mehr Platz f\u00fcr Ihre Sammlung, sondern auch die Gewissheit, dass Ihre Karten unter den bestm\u00f6glichen Bedingungen aufbewahrt werden. Es ist die ideale Wahl f\u00fcr jeden Sammler, der seine Pok\u00e9mon-Sammelkartenspiel-Sammlung sicher, geordnet und in Top-Zustand aufbewahren m\u00f6chte.<\/p>","protected":false},"excerpt":{"rendered":"<p>Der <strong data-start=\"181\" data-end=\"219\">Vault X Zip Binder SV1 \u2013 12 F\u00e4cher<\/strong> ist der ultimative Kartenordner f\u00fcr Pok\u00e9mon TCG-Sammler, die mehr Platz und optimalen Schutz w\u00fcnschen. Mit Platz f\u00fcr <strong data-start=\"339\" data-end=\"354\">480 Karten<\/strong>Mit 12 Taschen pro Seite eignet sich dieser Ordner ideal zur Aufbewahrung kompletter Sets oder thematischer Sammlungen. Der Einband besteht aus robustem, wasserabweisendem <strong data-start=\"517\" data-end=\"539\">Exo-Tec\u00ae-Material<\/strong>, w\u00e4hrend das weiche Mikrofaser-Innenfutter und die archivierungssicheren, s\u00e4urefreien H\u00fcllen Ihre Karten in perfektem Zustand halten. Dank des verschlie\u00dfbaren Rei\u00dfverschlusses sind Ihre Karten immer sicher aufbewahrt, egal ob Sie den Ordner zu Hause aufbewahren oder zu Turnieren und Messen mitnehmen.<\/p>","protected":false},"featured_media":6514,"comment_status":"closed","ping_status":"closed","template":"","meta":{"_acf_changed":false,"_seopress_robots_primary_cat":"none","_seopress_titles_title":"Vault X Zip Binder SV1 \u2013 12 Pocket Pok\u00e9mon Kaartenmap","_seopress_titles_desc":"Bewaar tot 480 Pok\u00e9mon kaarten veilig in de Vault X SV1 12 Pocket binder. Premium kwaliteit, zuurvrij en waterafstotend met stevige ritsafsluiting.","_seopress_robots_index":""},"product_brand":[],"product_cat":[531],"product_tag":[],"class_list":{"0":"post-6511","1":"product","2":"type-product","3":"status-publish","4":"has-post-thumbnail","6":"product_cat-mappen","7":"tm-no-options","9":"first","10":"outofstock","11":"taxable","12":"shipping-taxable","13":"purchasable","14":"product-type-simple"},"acf":[],"_links":{"self":[{"href":"https:\/\/tcgfanz.nl\/de\/wp-json\/wp\/v2\/product\/6511","targetHints":{"allow":["GET"]}}],"collection":[{"href":"https:\/\/tcgfanz.nl\/de\/wp-json\/wp\/v2\/product"}],"about":[{"href":"https:\/\/tcgfanz.nl\/de\/wp-json\/wp\/v2\/types\/product"}],"replies":[{"embeddable":true,"href":"https:\/\/tcgfanz.nl\/de\/wp-json\/wp\/v2\/comments?post=6511"}],"wp:featuredmedia":[{"embeddable":true,"href":"https:\/\/tcgfanz.nl\/de\/wp-json\/wp\/v2\/media\/6514"}],"wp:attachment":[{"href":"https:\/\/tcgfanz.nl\/de\/wp-json\/wp\/v2\/media?parent=6511"}],"wp:term":[{"taxonomy":"product_brand","embeddable":true,"href":"https:\/\/tcgfanz.nl\/de\/wp-json\/wp\/v2\/product_brand?post=6511"},{"taxonomy":"product_cat","embeddable":true,"href":"https:\/\/tcgfanz.nl\/de\/wp-json\/wp\/v2\/product_cat?post=6511"},{"taxonomy":"product_tag","embeddable":true,"href":"https:\/\/tcgfanz.nl\/de\/wp-json\/wp\/v2\/product_tag?post=6511"}],"curies":[{"name":"wp","href":"https:\/\/api.w.org\/{rel}","templated":true}]}}