{"id":6610,"date":"2025-09-16T12:39:54","date_gmt":"2025-09-16T12:39:54","guid":{"rendered":"https:\/\/tcgfanz.nl\/?post_type=product&#038;p=6610"},"modified":"2025-09-16T12:39:54","modified_gmt":"2025-09-16T12:39:54","slug":"suicune-pokemon-center-fit-knuffel","status":"publish","type":"product","link":"https:\/\/tcgfanz.nl\/de\/produkte\/suicune-pokemon-center-fit-knuffel\/","title":{"rendered":"Suicune Pok\u00e9mon Center Fit Pl\u00fcschtier"},"content":{"rendered":"<h1 data-start=\"1054\" data-end=\"1095\">Legend\u00e4res Suicune in Kuschelform<\/h1>\n<p data-start=\"1096\" data-end=\"1592\">Der <strong data-start=\"1099\" data-end=\"1137\">Suicune Pok\u00e9mon Center Fit Pl\u00fcschtier<\/strong> ist ein Muss f\u00fcr jeden Fan der Johto-Region. Dieses offizielle Pl\u00fcschtier aus der <strong data-start=\"1222\" data-end=\"1240\">Pok\u00e9mon Center<\/strong> ist Teil des ber\u00fchmten <em data-start=\"1272\" data-end=\"1305\">Pok\u00e9mon Center Fit Generation 2<\/em> Kollektion, in der alle Pok\u00e9mon der zweiten Generation eine kompakte und detailreiche Form erhalten. Mit seiner unverwechselbaren violetten M\u00e4hne und seinem eleganten Aussehen ist Suicune eines der beliebtesten Legend\u00e4ren Pok\u00e9mon \u2013 und jetzt kannst du es zu Hause in einer weichen, kuscheligen Form bewundern.<\/p>\n<h2 data-start=\"1594\" data-end=\"1632\">Perfekte Gr\u00f6\u00dfe f\u00fcr Sammler<\/h2>\n<p data-start=\"1633\" data-end=\"2101\">Mit einer H\u00f6he von <strong data-start=\"1652\" data-end=\"1661\">18 cm<\/strong> und einer Breite von <strong data-start=\"1681\" data-end=\"1689\">8 cm<\/strong> Dieses Suicune-Pl\u00fcschtier eignet sich perfekt f\u00fcr ein Regal, einen Schreibtisch oder einen Nachttisch. Es ist gro\u00df genug, um aufzufallen, aber klein genug, um es mit anderen Pok\u00e9mon Center Fit-Pl\u00fcschtieren zu kombinieren. So l\u00e4sst sich ganz einfach ein eigenes Team oder sogar die ganze Generation zusammenstellen. Die hochwertigen Materialien sorgen daf\u00fcr, dass sich das Pl\u00fcschtier weich anf\u00fchlt und auch bei h\u00e4ufigem Kuscheln lange sch\u00f6n bleibt.<\/p>\n<h3 data-start=\"2103\" data-end=\"2139\">Ideales Geschenk f\u00fcr Pok\u00e9mon-Fans<\/h3>\n<p data-start=\"2140\" data-end=\"2553\">Egal, ob Sie selbst Pok\u00e9mon-Sammler sind oder jemanden kennen, der Pok\u00e9mon liebt, dieses <strong data-start=\"2226\" data-end=\"2262\">Pl\u00fcsch Pok\u00e9mon Center Fit Suicune<\/strong> ist das perfekte Geschenk. Es handelt sich um ein offiziell lizenziertes Pok\u00e9mon Center Produkt, das h\u00f6chste Qualit\u00e4t und authentisches Design garantiert. Kombiniere Suicune mit Entei und Raikou, um das legend\u00e4re Trio zu vervollst\u00e4ndigen und deiner Sammlung ein legend\u00e4res Upgrade zu verleihen.<\/p>","protected":false},"excerpt":{"rendered":"<p>Der <strong data-start=\"461\" data-end=\"497\">Pl\u00fcsch Pok\u00e9mon Center Fit Suicune<\/strong> ist ein offizielles Pl\u00fcschtier aus der beliebten Pok\u00e9mon Center Fit Kollektion. Dieses Suicune-Pl\u00fcschtier ist 18 cm gro\u00df und 8 cm breit und erweckt die legend\u00e4ren Pok\u00e9mon der 2. Generation in einem kompakten und superweichen Paket zum Leben. Perfekt f\u00fcr Sammler, Fans der Johto-Region oder alle, die ihr Pok\u00e9mon-Team um einen der drei legend\u00e4ren Hunde erweitern m\u00f6chten. Dank seiner kompakten Gr\u00f6\u00dfe eignet es sich ideal zum Mitnehmen oder als Kunstwerk. Erg\u00e4nze jetzt deine Pok\u00e9mon Center Fit-Sammlung um dieses wundersch\u00f6ne Suicune!<\/p>","protected":false},"featured_media":6614,"comment_status":"closed","ping_status":"closed","template":"","meta":{"_acf_changed":false,"_seopress_robots_primary_cat":"","_seopress_titles_title":"Suicune Pok\u00e9mon Center Fit Knuffel \u2013 18 cm Officieel","_seopress_titles_desc":"Ontdek de offici\u00eble Pok\u00e9mon Center Fit Suicune knuffel! 18 cm hoog, zachte kwaliteit, ideaal voor verzamelaars en fans van G\u00e9n\u00e9ration 2.","_seopress_robots_index":""},"product_brand":[],"product_cat":[327,329,203],"product_tag":[],"class_list":{"0":"post-6610","1":"product","2":"type-product","3":"status-publish","4":"has-post-thumbnail","6":"product_cat-japanse-pokemon-knuffel","7":"product_cat-pokemon-center-knuffel","8":"product_cat-pokemon-knuffel","9":"tm-no-options","11":"first","12":"instock","13":"taxable","14":"shipping-taxable","15":"purchasable","16":"product-type-simple"},"acf":[],"_links":{"self":[{"href":"https:\/\/tcgfanz.nl\/de\/wp-json\/wp\/v2\/product\/6610","targetHints":{"allow":["GET"]}}],"collection":[{"href":"https:\/\/tcgfanz.nl\/de\/wp-json\/wp\/v2\/product"}],"about":[{"href":"https:\/\/tcgfanz.nl\/de\/wp-json\/wp\/v2\/types\/product"}],"replies":[{"embeddable":true,"href":"https:\/\/tcgfanz.nl\/de\/wp-json\/wp\/v2\/comments?post=6610"}],"wp:featuredmedia":[{"embeddable":true,"href":"https:\/\/tcgfanz.nl\/de\/wp-json\/wp\/v2\/media\/6614"}],"wp:attachment":[{"href":"https:\/\/tcgfanz.nl\/de\/wp-json\/wp\/v2\/media?parent=6610"}],"wp:term":[{"taxonomy":"product_brand","embeddable":true,"href":"https:\/\/tcgfanz.nl\/de\/wp-json\/wp\/v2\/product_brand?post=6610"},{"taxonomy":"product_cat","embeddable":true,"href":"https:\/\/tcgfanz.nl\/de\/wp-json\/wp\/v2\/product_cat?post=6610"},{"taxonomy":"product_tag","embeddable":true,"href":"https:\/\/tcgfanz.nl\/de\/wp-json\/wp\/v2\/product_tag?post=6610"}],"curies":[{"name":"wp","href":"https:\/\/api.w.org\/{rel}","templated":true}]}}