{"id":6615,"date":"2025-09-16T12:58:00","date_gmt":"2025-09-16T12:58:00","guid":{"rendered":"https:\/\/tcgfanz.nl\/?post_type=product&#038;p=6615"},"modified":"2025-12-07T19:43:11","modified_gmt":"2025-12-07T19:43:11","slug":"jirachi-pokemon-center-fit-pluschtier","status":"publish","type":"product","link":"https:\/\/tcgfanz.nl\/de\/produkte\/jirachi-pokemon-center-fit-pluschtier\/","title":{"rendered":"Jirachi Pok\u00e9mon Center Fit Pl\u00fcschtier"},"content":{"rendered":"<h1 data-start=\"1029\" data-end=\"1065\">Magisches Jirachi in Pl\u00fcschform<\/h1>\n<p data-start=\"1066\" data-end=\"1563\">Der <strong data-start=\"1069\" data-end=\"1107\">Jirachi Pok\u00e9mon Center Fit Pl\u00fcschtier<\/strong> ist ein Muss f\u00fcr jeden Fan der Hoenn-Region. Dieses offizielle Pl\u00fcschtier aus der <strong data-start=\"1192\" data-end=\"1210\">Pok\u00e9mon Center<\/strong> ist Teil des ber\u00fchmten <em data-start=\"1242\" data-end=\"1275\">Pok\u00e9mon Center Fit Generation 3<\/em> Kollektion, die alle Pok\u00e9mon der dritten Generation in kompakter und detaillierter Form enth\u00e4lt. Mit seinem erkennbaren sternf\u00f6rmigen Kopf und seinem charmanten Aussehen ist Jirachi eines der beliebtesten Mysteri\u00f6sen Pok\u00e9mon \u2013 und jetzt k\u00f6nnen Sie es in einer weichen, kuscheligen Form bei sich zu Hause bewundern.<\/p>\n<h2 data-start=\"1565\" data-end=\"1603\">Perfekte Gr\u00f6\u00dfe f\u00fcr Sammler<\/h2>\n<p data-start=\"1604\" data-end=\"2068\">Mit einer H\u00f6he von <strong data-start=\"1623\" data-end=\"1632\">15 cm<\/strong> und einer Breite von <strong data-start=\"1652\" data-end=\"1661\">15 cm<\/strong> Dieses Jirachi-Pl\u00fcschtier eignet sich perfekt zum Pr\u00e4sentieren auf einem Regal, Schreibtisch oder Nachttisch. Seine Gr\u00f6\u00dfe ist perfekt, um aufzufallen, aber dennoch klein genug, um es mit anderen Pok\u00e9mon Center Fit-Pl\u00fcschtieren zu kombinieren. So l\u00e4sst sich ganz einfach ein eigenes Team oder sogar die ganze Generation zusammenstellen. Die hochwertigen Materialien sorgen daf\u00fcr, dass sich das Pl\u00fcschtier weich anf\u00fchlt und auch bei h\u00e4ufigem Kuscheln lange sch\u00f6n bleibt.<\/p>\n<h3 data-start=\"2070\" data-end=\"2106\">Ideales Geschenk f\u00fcr Pok\u00e9mon-Fans<\/h3>\n<p data-start=\"2107\" data-end=\"2512\">Egal, ob Sie selbst Pok\u00e9mon-Sammler sind oder jemanden kennen, der Pok\u00e9mon liebt, dieses <strong data-start=\"2193\" data-end=\"2229\">Pl\u00fcsch-Pok\u00e9mon Center Fit Jirachi<\/strong> ist das perfekte Geschenk. Es ist ein offiziell lizenziertes Pok\u00e9mon Center Produkt und garantiert h\u00f6chste Qualit\u00e4t und authentisches Design. Kombiniere Jirachi mit anderen mythischen Pok\u00e9mon wie Celebi, Mew oder Deoxys und verleihe deiner Sammlung ein magisches Upgrade.<\/p>","protected":false},"excerpt":{"rendered":"<p>Der <strong data-start=\"429\" data-end=\"465\">Pl\u00fcsch-Pok\u00e9mon Center Fit Jirachi<\/strong> ist ein offizielles Pl\u00fcschtier aus der beliebten Pok\u00e9mon Center Fit Kollektion. Dieses Jirachi-Pl\u00fcschtier ist 15 cm gro\u00df und 15 cm breit und erweckt das Mysteri\u00f6se Wunsch-Pok\u00e9mon der 3. Generation in einem kompakten und superweichen Paket zum Leben. Perfekt f\u00fcr Sammler, Fans der Hoenn-Region oder alle, die ihr Pok\u00e9mon-Team um ein einzigartiges und bezauberndes Mysteri\u00f6ses Pok\u00e9mon erweitern m\u00f6chten. Dank seiner kompakten Gr\u00f6\u00dfe eignet es sich ideal zum Mitnehmen oder als Kunstwerk. F\u00fcge dieses wundersch\u00f6ne Jirachi jetzt deiner Pok\u00e9mon Center Fit-Sammlung hinzu!<\/p>","protected":false},"featured_media":6618,"comment_status":"closed","ping_status":"closed","template":"","meta":{"_acf_changed":false,"_seopress_robots_primary_cat":"none","_seopress_titles_title":"Jirachi Pok\u00e9mon Center Fit Knuffel \u2013 15 cm Officieel","_seopress_titles_desc":"Offici\u00eble Pok\u00e9mon Center Fit Jirachi knuffel! 15x15 cm, superzacht en perfect voor verzamelaars en fans van Pok\u00e9mon G\u00e9n\u00e9ration 3.","_seopress_robots_index":""},"product_brand":[],"product_cat":[327,329,203],"product_tag":[],"class_list":{"0":"post-6615","1":"product","2":"type-product","3":"status-publish","4":"has-post-thumbnail","6":"product_cat-japanse-pokemon-knuffel","7":"product_cat-pokemon-center-knuffel","8":"product_cat-pokemon-knuffel","9":"tm-no-options","11":"first","12":"outofstock","13":"taxable","14":"shipping-taxable","15":"purchasable","16":"product-type-simple"},"acf":[],"_links":{"self":[{"href":"https:\/\/tcgfanz.nl\/de\/wp-json\/wp\/v2\/product\/6615","targetHints":{"allow":["GET"]}}],"collection":[{"href":"https:\/\/tcgfanz.nl\/de\/wp-json\/wp\/v2\/product"}],"about":[{"href":"https:\/\/tcgfanz.nl\/de\/wp-json\/wp\/v2\/types\/product"}],"replies":[{"embeddable":true,"href":"https:\/\/tcgfanz.nl\/de\/wp-json\/wp\/v2\/comments?post=6615"}],"wp:featuredmedia":[{"embeddable":true,"href":"https:\/\/tcgfanz.nl\/de\/wp-json\/wp\/v2\/media\/6618"}],"wp:attachment":[{"href":"https:\/\/tcgfanz.nl\/de\/wp-json\/wp\/v2\/media?parent=6615"}],"wp:term":[{"taxonomy":"product_brand","embeddable":true,"href":"https:\/\/tcgfanz.nl\/de\/wp-json\/wp\/v2\/product_brand?post=6615"},{"taxonomy":"product_cat","embeddable":true,"href":"https:\/\/tcgfanz.nl\/de\/wp-json\/wp\/v2\/product_cat?post=6615"},{"taxonomy":"product_tag","embeddable":true,"href":"https:\/\/tcgfanz.nl\/de\/wp-json\/wp\/v2\/product_tag?post=6615"}],"curies":[{"name":"wp","href":"https:\/\/api.w.org\/{rel}","templated":true}]}}