{"id":6619,"date":"2025-09-16T13:03:47","date_gmt":"2025-09-16T13:03:47","guid":{"rendered":"https:\/\/tcgfanz.nl\/?post_type=product&#038;p=6619"},"modified":"2026-04-07T13:06:25","modified_gmt":"2026-04-07T13:06:25","slug":"zoroark-pokemon-center-fit-pluschtier","status":"publish","type":"product","link":"https:\/\/tcgfanz.nl\/de\/produkte\/zoroark-pokemon-center-fit-pluschtier\/","title":{"rendered":"Zoroark Pok\u00e9mon Center Fit Pl\u00fcsch"},"content":{"rendered":"<h1 data-start=\"1074\" data-end=\"1108\">Cooler Zoroark in kuscheliger Form<\/h1>\n<p data-start=\"1109\" data-end=\"1597\">Der <strong data-start=\"1112\" data-end=\"1150\">Zoroark Pok\u00e9mon Center Fit Pl\u00fcsch<\/strong> ist ein echter Hingucker f\u00fcr jeden Pok\u00e9mon-Fan. Dieses offizielle Pl\u00fcschtier aus der <strong data-start=\"1229\" data-end=\"1247\">Pok\u00e9mon Center<\/strong> ist Teil des ber\u00fchmten <em data-start=\"1279\" data-end=\"1312\">Pok\u00e9mon Center Fit Generation 5<\/em> Kollektion, die alle Pok\u00e9mon der f\u00fcnften Generation in kompakter und detailreicher Form pr\u00e4sentiert. Mit seiner beeindruckenden roten M\u00e4hne und seinem kraftvollen Aussehen ist Zoroark eines der bekanntesten Pok\u00e9mon aus Einall \u2013 und jetzt kannst du es in kuscheliger Form zu dir nach Hause holen.<\/p>\n<h2 data-start=\"1599\" data-end=\"1637\">Kompakte Gr\u00f6\u00dfe f\u00fcr Sammler<\/h2>\n<p data-start=\"1638\" data-end=\"2060\">Mit einer H\u00f6he von <strong data-start=\"1657\" data-end=\"1666\">16 cm<\/strong> und einer Breite von <strong data-start=\"1686\" data-end=\"1695\">13 cm<\/strong> Dieses Zoroark-Pl\u00fcschtier eignet sich perfekt f\u00fcr ein Regal, einen Schreibtisch oder einen Nachttisch. Es ist gro\u00df genug, um aufzufallen, aber klein genug, um es mit anderen Pok\u00e9mon Center Fit-Pl\u00fcschtieren zu kombinieren. So l\u00e4sst sich ganz einfach ein eigenes Unova-Team zusammenstellen. Die hochwertigen Materialien ergeben ein langlebiges und superweiches Pl\u00fcschtier, das jahrelang sch\u00f6n bleibt.<\/p>\n<h3 data-start=\"2062\" data-end=\"2098\">Ideales Geschenk f\u00fcr Pok\u00e9mon-Fans<\/h3>\n<p data-start=\"2099\" data-end=\"2486\">Egal, ob Sie selbst Pok\u00e9mon-Sammler sind oder jemanden kennen, der Pok\u00e9mon liebt, dieses <strong data-start=\"2185\" data-end=\"2221\">Pl\u00fcsch Pok\u00e9mon Center Fit Zoroark<\/strong> Ein tolles Geschenk. Es handelt sich um ein offiziell lizenziertes Pok\u00e9mon Center-Produkt, das h\u00f6chste Qualit\u00e4t und authentisches Design garantiert. Kombiniere Zoroark mit Zorua, um das Familienduo zu vervollst\u00e4ndigen und deiner Sammlung ein leistungsstarkes Upgrade zu verleihen.<\/p>","protected":false},"excerpt":{"rendered":"<p>Der <strong data-start=\"468\" data-end=\"504\">Pl\u00fcsch Pok\u00e9mon Center Fit Zoroark<\/strong> ist ein offizielles Pl\u00fcschtier aus der beliebten Pok\u00e9mon Center Fit Kollektion. Dieses Zoroark-Pl\u00fcschtier ist 16 cm gro\u00df und 13 cm breit und erweckt das Illusions-Pok\u00e9mon der 5. Generation in einer kompakten und superweichen Verpackung zum Leben. Perfekt f\u00fcr Sammler, Fans der Einall-Region oder alle, die ihr Pok\u00e9mon-Team um dieses kultige Pok\u00e9mon vom Typ Unlicht erweitern m\u00f6chten. Dank seiner kompakten Gr\u00f6\u00dfe eignet es sich ideal zum Mitnehmen oder als Kunstwerk. Erg\u00e4nze jetzt deine Pok\u00e9mon Center Fit Sammlung um dieses wundersch\u00f6ne Zoroark und vervollst\u00e4ndige dein Team!<\/p>","protected":false},"featured_media":6622,"comment_status":"closed","ping_status":"closed","template":"","meta":{"_acf_changed":false,"_seopress_robots_primary_cat":"","_seopress_titles_title":"Zoroark Pok\u00e9mon Center Fit Knuffel \u2013 16 cm Officieel","_seopress_titles_desc":"Offici\u00eble Pok\u00e9mon Center Fit Zoroark knuffel! 16 cm hoog, 13 cm breed. Perfect voor verzamelaars en fans van Pok\u00e9mon G\u00e9n\u00e9ration 5.","_seopress_robots_index":""},"product_brand":[],"product_cat":[327,329,203],"product_tag":[],"class_list":{"0":"post-6619","1":"product","2":"type-product","3":"status-publish","4":"has-post-thumbnail","6":"product_cat-japanse-pokemon-knuffel","7":"product_cat-pokemon-center-knuffel","8":"product_cat-pokemon-knuffel","9":"tm-no-options","11":"first","12":"outofstock","13":"taxable","14":"shipping-taxable","15":"purchasable","16":"product-type-simple"},"acf":[],"_links":{"self":[{"href":"https:\/\/tcgfanz.nl\/de\/wp-json\/wp\/v2\/product\/6619","targetHints":{"allow":["GET"]}}],"collection":[{"href":"https:\/\/tcgfanz.nl\/de\/wp-json\/wp\/v2\/product"}],"about":[{"href":"https:\/\/tcgfanz.nl\/de\/wp-json\/wp\/v2\/types\/product"}],"replies":[{"embeddable":true,"href":"https:\/\/tcgfanz.nl\/de\/wp-json\/wp\/v2\/comments?post=6619"}],"wp:featuredmedia":[{"embeddable":true,"href":"https:\/\/tcgfanz.nl\/de\/wp-json\/wp\/v2\/media\/6622"}],"wp:attachment":[{"href":"https:\/\/tcgfanz.nl\/de\/wp-json\/wp\/v2\/media?parent=6619"}],"wp:term":[{"taxonomy":"product_brand","embeddable":true,"href":"https:\/\/tcgfanz.nl\/de\/wp-json\/wp\/v2\/product_brand?post=6619"},{"taxonomy":"product_cat","embeddable":true,"href":"https:\/\/tcgfanz.nl\/de\/wp-json\/wp\/v2\/product_cat?post=6619"},{"taxonomy":"product_tag","embeddable":true,"href":"https:\/\/tcgfanz.nl\/de\/wp-json\/wp\/v2\/product_tag?post=6619"}],"curies":[{"name":"wp","href":"https:\/\/api.w.org\/{rel}","templated":true}]}}