{"id":6623,"date":"2025-09-16T13:20:18","date_gmt":"2025-09-16T13:20:18","guid":{"rendered":"https:\/\/tcgfanz.nl\/?post_type=product&#038;p=6623"},"modified":"2026-04-28T19:10:17","modified_gmt":"2026-04-28T19:10:17","slug":"greninja-pokemon-center-fit-pluschtier","status":"publish","type":"product","link":"https:\/\/tcgfanz.nl\/de\/produkte\/greninja-pokemon-center-fit-pluschtier\/","title":{"rendered":"Greninja Pok\u00e9mon Center Fit Pl\u00fcschtier"},"content":{"rendered":"<h1 data-start=\"1085\" data-end=\"1127\">Ninja-\u00e4hnlicher Greninja in Pl\u00fcschform<\/h1>\n<p data-start=\"1128\" data-end=\"1622\">Der <strong data-start=\"1131\" data-end=\"1170\">Greninja Pok\u00e9mon Center Fit Pl\u00fcschtier<\/strong> ist ein Muss f\u00fcr jeden Fan der Kalos-Region. Dieses offizielle Pl\u00fcschtier aus der <strong data-start=\"1255\" data-end=\"1273\">Pok\u00e9mon Center<\/strong> ist Teil des ber\u00fchmten <em data-start=\"1305\" data-end=\"1338\">Pok\u00e9mon Center Fit Generation 6<\/em> Kollektion, in der alle Pok\u00e9mon der sechsten Generation in kompakter und detailreicher Form dargestellt werden. Mit seiner unverwechselbaren blauen Haut, der langen Zunge mit Schal und der Ninja-Haltung ist Greninja eines der bekanntesten Pok\u00e9mon \u2013 und jetzt k\u00f6nnen Sie es zu Hause in einer weichen, kuscheligen Form bewundern.<\/p>\n<h2 data-start=\"1624\" data-end=\"1662\">Perfekte Gr\u00f6\u00dfe f\u00fcr Sammler<\/h2>\n<p data-start=\"1663\" data-end=\"2088\">Mit einer H\u00f6he von <strong data-start=\"1682\" data-end=\"1691\">15 cm<\/strong> und einer Breite von <strong data-start=\"1711\" data-end=\"1720\">12 cm<\/strong> Dieses Greninja-Pl\u00fcschtier eignet sich perfekt f\u00fcr ein Regal, einen Schreibtisch oder einen Nachttisch. Dank seiner kompakten Gr\u00f6\u00dfe l\u00e4sst es sich leicht mit anderen Pok\u00e9mon Center Fit-Pl\u00fcschtieren kombinieren, sodass du dein eigenes Kalos-Team erstellen kannst. Die hochwertigen Materialien sorgen f\u00fcr ein langlebiges und superweiches Pl\u00fcschtier, das auch bei h\u00e4ufigem Kuscheln jahrelang sch\u00f6n bleibt.<\/p>\n<h3 data-start=\"2090\" data-end=\"2126\">Ideales Geschenk f\u00fcr Pok\u00e9mon-Fans<\/h3>\n<p data-start=\"2127\" data-end=\"2540\">Egal, ob Sie selbst Pok\u00e9mon-Sammler sind oder jemanden kennen, der Pok\u00e9mon liebt, dieses <strong data-start=\"2213\" data-end=\"2250\">Pl\u00fcsch Pok\u00e9mon Center Fit Greninja<\/strong> Ein tolles Geschenk. Es handelt sich um ein offiziell lizenziertes Pok\u00e9mon Center-Produkt, das h\u00f6chste Qualit\u00e4t und authentisches Design garantiert. Kombiniere Greninja mit Froakie und Frogadier, um die Evolutionslinie zu vervollst\u00e4ndigen und deiner Sammlung ein cooles Upgrade zu verleihen.<\/p>","protected":false},"excerpt":{"rendered":"<p>Der <strong data-start=\"466\" data-end=\"503\">Pl\u00fcsch Pok\u00e9mon Center Fit Greninja<\/strong> ist ein offizielles Pl\u00fcschtier aus der beliebten Pok\u00e9mon Center Fit Kollektion. Dieses Quajutsu-Pl\u00fcschtier ist 15 cm gro\u00df und 12 cm breit und erweckt das ber\u00fchmte Wasser-\/Unlicht-Ninja-Pok\u00e9mon der 6. Generation in einer kompakten und superweichen Verpackung zum Leben. Perfekt f\u00fcr Sammler, Fans der Kalos-Region oder alle, die ihr Pok\u00e9mon-Team mit dieser stylischen und beliebten Starter-Evolution erweitern m\u00f6chten. Dank seiner kompakten Gr\u00f6\u00dfe eignet es sich ideal zum Mitnehmen oder als Kunstwerk. Erg\u00e4nze jetzt deine Pok\u00e9mon Center Fit-Sammlung mit diesem coolen Quajutsu!<\/p>","protected":false},"featured_media":6626,"comment_status":"closed","ping_status":"closed","template":"","meta":{"_acf_changed":false,"_seopress_robots_primary_cat":"","_seopress_titles_title":"Greninja Pok\u00e9mon Center Fit Knuffel \u2013 15 cm Officieel","_seopress_titles_desc":"Offici\u00eble Pok\u00e9mon Center Fit Greninja knuffel! 15 cm hoog, 12 cm breed. Perfect voor verzamelaars en fans van Pok\u00e9mon G\u00e9n\u00e9ration 6.","_seopress_robots_index":""},"product_brand":[],"product_cat":[327,329,203],"product_tag":[],"class_list":{"0":"post-6623","1":"product","2":"type-product","3":"status-publish","4":"has-post-thumbnail","6":"product_cat-japanse-pokemon-knuffel","7":"product_cat-pokemon-center-knuffel","8":"product_cat-pokemon-knuffel","9":"tm-no-options","11":"first","12":"outofstock","13":"taxable","14":"shipping-taxable","15":"purchasable","16":"product-type-simple"},"acf":[],"_links":{"self":[{"href":"https:\/\/tcgfanz.nl\/de\/wp-json\/wp\/v2\/product\/6623","targetHints":{"allow":["GET"]}}],"collection":[{"href":"https:\/\/tcgfanz.nl\/de\/wp-json\/wp\/v2\/product"}],"about":[{"href":"https:\/\/tcgfanz.nl\/de\/wp-json\/wp\/v2\/types\/product"}],"replies":[{"embeddable":true,"href":"https:\/\/tcgfanz.nl\/de\/wp-json\/wp\/v2\/comments?post=6623"}],"wp:featuredmedia":[{"embeddable":true,"href":"https:\/\/tcgfanz.nl\/de\/wp-json\/wp\/v2\/media\/6626"}],"wp:attachment":[{"href":"https:\/\/tcgfanz.nl\/de\/wp-json\/wp\/v2\/media?parent=6623"}],"wp:term":[{"taxonomy":"product_brand","embeddable":true,"href":"https:\/\/tcgfanz.nl\/de\/wp-json\/wp\/v2\/product_brand?post=6623"},{"taxonomy":"product_cat","embeddable":true,"href":"https:\/\/tcgfanz.nl\/de\/wp-json\/wp\/v2\/product_cat?post=6623"},{"taxonomy":"product_tag","embeddable":true,"href":"https:\/\/tcgfanz.nl\/de\/wp-json\/wp\/v2\/product_tag?post=6623"}],"curies":[{"name":"wp","href":"https:\/\/api.w.org\/{rel}","templated":true}]}}