{"id":6627,"date":"2025-09-16T13:41:36","date_gmt":"2025-09-16T13:41:36","guid":{"rendered":"https:\/\/tcgfanz.nl\/?post_type=product&#038;p=6627"},"modified":"2026-04-28T19:09:34","modified_gmt":"2026-04-28T19:09:34","slug":"eevee-pokemon-center-fit-pluschtier","status":"publish","type":"product","link":"https:\/\/tcgfanz.nl\/de\/produkte\/eevee-pokemon-center-fit-pluschtier\/","title":{"rendered":"Pl\u00fcschtier Evoli Pok\u00e9mon Center Fit"},"content":{"rendered":"<h1 data-start=\"1059\" data-end=\"1094\">Niedliches Evoli in Kuschelform<\/h1>\n<p data-start=\"1095\" data-end=\"1570\">Der <strong data-start=\"1098\" data-end=\"1134\">Pl\u00fcschtier Evoli Pok\u00e9mon Center Fit<\/strong> ist ein Muss f\u00fcr jeden Pok\u00e9mon-Liebhaber. Dieses offizielle Pl\u00fcschtier aus der <strong data-start=\"1215\" data-end=\"1233\">Pok\u00e9mon Center<\/strong> ist Teil des ber\u00fchmten <em data-start=\"1265\" data-end=\"1298\">Pok\u00e9mon Center Fit Generation 1<\/em> Kollektion, in der alle Pok\u00e9mon der ersten Generation eine kompakte und detaillierte Form erhalten. Mit seiner flauschigen Halskrause, den gro\u00dfen Ohren und seinem fr\u00f6hlichen Wesen ist Evoli eines der beliebtesten Pok\u00e9mon aller Zeiten \u2013 und jetzt k\u00f6nnen Sie es in einer weichen, kuscheligen Form bei sich zu Hause bewundern.<\/p>\n<h2 data-start=\"1572\" data-end=\"1610\">Perfekte Gr\u00f6\u00dfe f\u00fcr Sammler<\/h2>\n<p data-start=\"1611\" data-end=\"2019\">Mit einer H\u00f6he von <strong data-start=\"1630\" data-end=\"1639\">16 cm<\/strong> und einer Breite von <strong data-start=\"1659\" data-end=\"1668\">12 cm<\/strong> Dieses Evoli-Pl\u00fcschtier eignet sich perfekt f\u00fcr ein Regal, einen Schreibtisch oder einen Nachttisch. Dank seiner kompakten Gr\u00f6\u00dfe l\u00e4sst es sich leicht mit anderen Pok\u00e9mon Center Fit-Pl\u00fcschtieren kombinieren, sodass du dein eigenes Team erstellen kannst. Die hochwertigen Materialien sorgen daf\u00fcr, dass sich das Pl\u00fcschtier weich anf\u00fchlt und auch bei h\u00e4ufigem Kuscheln lange sch\u00f6n bleibt.<\/p>\n<h3 data-start=\"2021\" data-end=\"2057\">Ideales Geschenk f\u00fcr Pok\u00e9mon-Fans<\/h3>\n<p data-start=\"2058\" data-end=\"2449\">Egal, ob Sie selbst Pok\u00e9mon-Sammler sind oder jemanden kennen, der Pok\u00e9mon liebt, dieses <strong data-start=\"2144\" data-end=\"2178\">Pl\u00fcsch Pok\u00e9mon Center Fit Evoli<\/strong> ist das perfekte Geschenk. Es ist ein offiziell lizenziertes Pok\u00e9mon Center-Produkt und garantiert h\u00f6chste Qualit\u00e4t und authentisches Design. Kombiniere Evoli mit seinen Entwicklungen wie Aquana, Blitza und Flamara und verleihe deiner Sammlung ein farbenfrohes Upgrade.<\/p>","protected":false},"excerpt":{"rendered":"<p>Der <strong data-start=\"462\" data-end=\"496\">Pl\u00fcsch Pok\u00e9mon Center Fit Evoli<\/strong> ist ein offizielles Pl\u00fcschtier aus der beliebten Pok\u00e9mon Center Fit Kollektion. Dieses Evoli-Pl\u00fcschtier ist 16 cm gro\u00df und 12 cm breit und erweckt das beliebte evolution\u00e4re Pok\u00e9mon der 1. Generation in einer kompakten und superweichen Verpackung zum Leben. Perfekt f\u00fcr Sammler, Fans der Kanto-Region oder alle, die ihr Pok\u00e9mon-Team um dieses ikonische und bezaubernde Pok\u00e9mon erweitern m\u00f6chten. Dank seiner kompakten Gr\u00f6\u00dfe eignet es sich ideal zum Mitnehmen oder als Kunstwerk. Erg\u00e4nze jetzt deine Pok\u00e9mon Center Fit Sammlung um dieses unwiderstehliche Evoli!<\/p>","protected":false},"featured_media":6630,"comment_status":"closed","ping_status":"closed","template":"","meta":{"_acf_changed":false,"_seopress_robots_primary_cat":"","_seopress_titles_title":"Eevee Pok\u00e9mon Center Fit Knuffel \u2013 16 cm Officieel","_seopress_titles_desc":"Offici\u00eble Pok\u00e9mon Center Fit Eevee knuffel! 16 cm hoog, 12 cm breed. Perfect voor verzamelaars en fans van Pok\u00e9mon G\u00e9n\u00e9ration 1.","_seopress_robots_index":""},"product_brand":[],"product_cat":[327,329,203],"product_tag":[],"class_list":{"0":"post-6627","1":"product","2":"type-product","3":"status-publish","4":"has-post-thumbnail","6":"product_cat-japanse-pokemon-knuffel","7":"product_cat-pokemon-center-knuffel","8":"product_cat-pokemon-knuffel","9":"tm-no-options","11":"first","12":"outofstock","13":"taxable","14":"shipping-taxable","15":"purchasable","16":"product-type-simple"},"acf":[],"_links":{"self":[{"href":"https:\/\/tcgfanz.nl\/de\/wp-json\/wp\/v2\/product\/6627","targetHints":{"allow":["GET"]}}],"collection":[{"href":"https:\/\/tcgfanz.nl\/de\/wp-json\/wp\/v2\/product"}],"about":[{"href":"https:\/\/tcgfanz.nl\/de\/wp-json\/wp\/v2\/types\/product"}],"replies":[{"embeddable":true,"href":"https:\/\/tcgfanz.nl\/de\/wp-json\/wp\/v2\/comments?post=6627"}],"wp:featuredmedia":[{"embeddable":true,"href":"https:\/\/tcgfanz.nl\/de\/wp-json\/wp\/v2\/media\/6630"}],"wp:attachment":[{"href":"https:\/\/tcgfanz.nl\/de\/wp-json\/wp\/v2\/media?parent=6627"}],"wp:term":[{"taxonomy":"product_brand","embeddable":true,"href":"https:\/\/tcgfanz.nl\/de\/wp-json\/wp\/v2\/product_brand?post=6627"},{"taxonomy":"product_cat","embeddable":true,"href":"https:\/\/tcgfanz.nl\/de\/wp-json\/wp\/v2\/product_cat?post=6627"},{"taxonomy":"product_tag","embeddable":true,"href":"https:\/\/tcgfanz.nl\/de\/wp-json\/wp\/v2\/product_tag?post=6627"}],"curies":[{"name":"wp","href":"https:\/\/api.w.org\/{rel}","templated":true}]}}