{"id":6645,"date":"2025-09-16T14:15:48","date_gmt":"2025-09-16T14:15:48","guid":{"rendered":"https:\/\/tcgfanz.nl\/?post_type=product&#038;p=6645"},"modified":"2025-09-16T14:15:48","modified_gmt":"2025-09-16T14:15:48","slug":"folipurba-pokemon-center-fit-pluschtier","status":"publish","type":"product","link":"https:\/\/tcgfanz.nl\/de\/produkte\/folipurba-pokemon-center-fit-pluschtier\/","title":{"rendered":"Folipurba Pok\u00e9mon Center Fit Pl\u00fcschtier"},"content":{"rendered":"<h2 data-start=\"1072\" data-end=\"1111\">Nat\u00fcrliches Folipurbi in kuscheliger Form<\/h2>\n<p data-start=\"1112\" data-end=\"1614\">Der <strong data-start=\"1115\" data-end=\"1153\">Folipurba Pok\u00e9mon Center Fit Pl\u00fcschtier<\/strong> ist ein echtes Must-Have f\u00fcr Evoli-Liebhaber und Fans der Sinnoh-Region. Dieses offizielle Pl\u00fcschtier aus der <strong data-start=\"1260\" data-end=\"1278\">Pok\u00e9mon Center<\/strong> ist Teil des ber\u00fchmten <em data-start=\"1310\" data-end=\"1343\">Pok\u00e9mon Center Fit Generation 4<\/em> Kollektion, in der alle Pok\u00e9mon der vierten Generation eine kompakte und detailreiche Form erhalten. Mit seinen gr\u00fcnen Bl\u00e4ttern und seiner anmutigen Erscheinung ist Folipurba eine der sch\u00f6nsten Evoli-Entwicklungen \u2013 und jetzt kannst du es in kuschelweicher Form bei dir zu Hause bewundern.<\/p>\n<h2 data-start=\"1616\" data-end=\"1654\">Perfekte Gr\u00f6\u00dfe f\u00fcr Sammler<\/h2>\n<p data-start=\"1655\" data-end=\"2095\">Mit einer H\u00f6he von <strong data-start=\"1674\" data-end=\"1683\">15 cm<\/strong> und einer Breite von <strong data-start=\"1703\" data-end=\"1712\">15 cm<\/strong> Dieses Folipurba-Pl\u00fcschtier eignet sich perfekt f\u00fcr ein Regal, einen Schreibtisch oder einen Nachttisch. Es ist gro\u00df genug, um aufzufallen, aber klein genug, um es mit anderen Pok\u00e9mon Center Fit-Pl\u00fcschtieren zu kombinieren. So kannst du alle deine Evoli-Entwicklungen ganz einfach sammeln. Die hochwertigen Materialien sorgen daf\u00fcr, dass das Pl\u00fcschtier weich und strapazierf\u00e4hig ist und jahrelang sch\u00f6n bleibt.<\/p>\n<h2 data-start=\"2097\" data-end=\"2133\">Ideales Geschenk f\u00fcr Pok\u00e9mon-Fans<\/h2>\n<p data-start=\"2134\" data-end=\"2528\">Egal, ob Sie selbst Pok\u00e9mon-Sammler sind oder jemanden kennen, der Pok\u00e9mon liebt, dieses <strong data-start=\"2220\" data-end=\"2256\">Pl\u00fcsch Pok\u00e9mon Center Fit Leafeon<\/strong> Ein tolles Geschenk. Es handelt sich um ein offiziell lizenziertes Pok\u00e9mon Center-Produkt, das h\u00f6chste Qualit\u00e4t und authentisches Design garantiert. Kombiniere Folipurba mit Evoli und anderen Entwicklungen wie Glaziola und Feelinara, um deine Sammlung zu vervollst\u00e4ndigen.<\/p>","protected":false},"excerpt":{"rendered":"<p>Der <strong data-start=\"466\" data-end=\"502\">Pl\u00fcsch Pok\u00e9mon Center Fit Leafeon<\/strong> ist ein offizielles Pl\u00fcschtier aus der beliebten Pok\u00e9mon Center Fit Kollektion. Dieses Folipurba-Pl\u00fcschtier ist 15 cm gro\u00df und 15 cm breit und erweckt die elegante Pflanzen-Evolution von Evoli aus Generation 4 in einer kompakten und superweichen Verpackung zum Leben. Perfekt f\u00fcr Sammler, Fans der Sinnoh-Region oder alle, die ihr Pok\u00e9mon-Team um dieses von der Natur inspirierte Pok\u00e9mon erweitern m\u00f6chten. Dank seiner kompakten Gr\u00f6\u00dfe eignet es sich ideal zum Mitnehmen oder als Kunstwerk. Erg\u00e4nze jetzt deine Pok\u00e9mon Center Fit-Sammlung um dieses wundersch\u00f6ne Folipurba!<\/p>","protected":false},"featured_media":6648,"comment_status":"closed","ping_status":"closed","template":"","meta":{"_acf_changed":false,"_seopress_robots_primary_cat":"","_seopress_titles_title":"Leafeon Pok\u00e9mon Center Fit Knuffel \u2013 15 cm Officieel","_seopress_titles_desc":"Offici\u00eble Pok\u00e9mon Center Fit Leafeon knuffel! 15x15 cm, superzacht en ideaal voor verzamelaars en fans van Pok\u00e9mon G\u00e9n\u00e9ration 4.","_seopress_robots_index":""},"product_brand":[],"product_cat":[327,329,203],"product_tag":[],"class_list":{"0":"post-6645","1":"product","2":"type-product","3":"status-publish","4":"has-post-thumbnail","6":"product_cat-japanse-pokemon-knuffel","7":"product_cat-pokemon-center-knuffel","8":"product_cat-pokemon-knuffel","9":"tm-no-options","11":"first","12":"instock","13":"taxable","14":"shipping-taxable","15":"purchasable","16":"product-type-simple"},"acf":[],"_links":{"self":[{"href":"https:\/\/tcgfanz.nl\/de\/wp-json\/wp\/v2\/product\/6645","targetHints":{"allow":["GET"]}}],"collection":[{"href":"https:\/\/tcgfanz.nl\/de\/wp-json\/wp\/v2\/product"}],"about":[{"href":"https:\/\/tcgfanz.nl\/de\/wp-json\/wp\/v2\/types\/product"}],"replies":[{"embeddable":true,"href":"https:\/\/tcgfanz.nl\/de\/wp-json\/wp\/v2\/comments?post=6645"}],"wp:featuredmedia":[{"embeddable":true,"href":"https:\/\/tcgfanz.nl\/de\/wp-json\/wp\/v2\/media\/6648"}],"wp:attachment":[{"href":"https:\/\/tcgfanz.nl\/de\/wp-json\/wp\/v2\/media?parent=6645"}],"wp:term":[{"taxonomy":"product_brand","embeddable":true,"href":"https:\/\/tcgfanz.nl\/de\/wp-json\/wp\/v2\/product_brand?post=6645"},{"taxonomy":"product_cat","embeddable":true,"href":"https:\/\/tcgfanz.nl\/de\/wp-json\/wp\/v2\/product_cat?post=6645"},{"taxonomy":"product_tag","embeddable":true,"href":"https:\/\/tcgfanz.nl\/de\/wp-json\/wp\/v2\/product_tag?post=6645"}],"curies":[{"name":"wp","href":"https:\/\/api.w.org\/{rel}","templated":true}]}}