{"id":6670,"date":"2025-09-25T07:46:07","date_gmt":"2025-09-25T07:46:07","guid":{"rendered":"https:\/\/tcgfanz.nl\/?post_type=product&#038;p=6670"},"modified":"2025-11-15T14:38:56","modified_gmt":"2025-11-15T14:38:56","slug":"vault-x-zip-ordner-sv3-9-fach","status":"publish","type":"product","link":"https:\/\/tcgfanz.nl\/de\/produkte\/vault-x-zip-ordner-sv3-9-fach\/","title":{"rendered":"Vault X Zip Binder SV3 \u2013 9 F\u00e4cher"},"content":{"rendered":"<h1 data-start=\"1014\" data-end=\"1060\">Premium-Schutz f\u00fcr Ihre Sammlung<\/h1>\n<p data-start=\"1061\" data-end=\"1539\">Der Vault X Zip Binder SV3 \u2013 9 Pocket wurde speziell f\u00fcr ernsthafte Sammler entwickelt. Dank der gepolsterten, extra steifen Vorder- und R\u00fcckseite von <strong data-start=\"1214\" data-end=\"1236\">Exo-Tec\u00ae-Material<\/strong> Deine Sammlung bleibt vor Kratzern, St\u00f6\u00dfen und Feuchtigkeit gesch\u00fctzt. Das weiche Mikrofaser-Innenfutter h\u00e4lt die Karten sicher und ordentlich an ihrem Platz. Ob Pok\u00e9mon-, Magic- oder Sportkarten \u2013 dieser Ordner bewahrt deine wertvolle Sammlung in perfektem Zustand auf.<\/p>\n<h2 data-start=\"1541\" data-end=\"1593\">Cleveres Design mit Inspiration von Obsidian Flames<\/h2>\n<p data-start=\"1594\" data-end=\"1995\">Dieser SV3-Ordner ist inspiriert von dem beliebten <strong data-start=\"1642\" data-end=\"1692\">Obsidianflammen-Erweiterungspaket f\u00fcr das Pok\u00e9mon-Sammelkartenspiel<\/strong> und mit einem stilvollen SV3-Stempel auf dem R\u00fccken versehen. Der Ordner enth\u00e4lt <strong data-start=\"1760\" data-end=\"1797\">20 Seiten mit 9 Taschen pro Seite<\/strong>, was bedeutet, dass es Platz f\u00fcr nicht weniger als <strong data-start=\"1846\" data-end=\"1861\">360 Karten<\/strong>Das Design erleichtert das Einlegen und Anzeigen von Karten, w\u00e4hrend der Rei\u00dfverschluss alles sicher an seinem Platz h\u00e4lt.<\/p>\n<h3 data-start=\"1997\" data-end=\"2029\">Archivsicher &amp; Zuverl\u00e4ssig<\/h3>\n<p data-start=\"2030\" data-end=\"2336\">Qualit\u00e4t ist der Schl\u00fcssel bei Vault X. Alle Seiten bestehen aus <strong data-start=\"2099\" data-end=\"2148\">archivierungssicheres, s\u00e4urefreies und PVC-freies Material<\/strong>, sodass Ihre Karten mit der Zeit nicht verblassen oder besch\u00e4digt werden. Die robuste Konstruktion und die hochwertige Verarbeitung gew\u00e4hrleisten eine lange Nutzungsdauer.<\/p>\n<hr data-start=\"2338\" data-end=\"2341\" \/>\n<p data-start=\"2343\" data-end=\"2544\">\ud83d\udc49 Sind Sie bereit, Ihrer Sammlung den Schutz zu geben, den sie verdient? Dann w\u00e4hlen Sie die <strong data-start=\"2434\" data-end=\"2471\">Vault X Zip Binder SV3 \u2013 9 F\u00e4cher<\/strong> und erleben Sie die ultimative Kombination aus Stil, Sicherheit und Haltbarkeit.<\/p>","protected":false},"excerpt":{"rendered":"<p>Der <strong data-start=\"423\" data-end=\"460\">Vault X Zip Binder SV3 \u2013 9 F\u00e4cher<\/strong> ist die Wahl f\u00fcr jeden Sammler, der seine Karten sicher und stilvoll aufbewahren m\u00f6chte. Inspiriert von der <em data-start=\"564\" data-end=\"581\">Obsidianflammen<\/em> Erweiterung des Pok\u00e9mon TCG, diese Karte kombiniert hochwertige Materialien mit einem cleveren Design. Mit Platz f\u00fcr <strong data-start=\"691\" data-end=\"706\">360 Karten<\/strong>, 20 stabilen Seiten und 9 Taschen pro Seite bietet diese Mappe optimalen Schutz. Die wasserabweisende <strong data-start=\"809\" data-end=\"831\">Exo-Tec\u00ae-Material<\/strong> Das weiche Mikrofaser-Innenfutter h\u00e4lt Ihre Karten in Top-Zustand. Dar\u00fcber hinaus sorgt der robuste Rei\u00dfverschluss f\u00fcr maximale Sicherheit, sodass Ihre Sammlung immer gut gesch\u00fctzt ist.<\/p>","protected":false},"featured_media":6674,"comment_status":"closed","ping_status":"closed","template":"","meta":{"_acf_changed":false,"_seopress_robots_primary_cat":"none","_seopress_titles_title":"Vault X Zip Binder SV3 \u2013 9 Pocket | Premium Kaartmap","_seopress_titles_desc":"Bescherm en organiseer je kaarten stijlvol met de Vault X Zip Binder SV3 \u2013 9 Pocket. Premium Exo-Tec\u00ae kwaliteit, 360 kaarten opslag, waterafstotend en veilig.","_seopress_robots_index":""},"product_brand":[],"product_cat":[531],"product_tag":[],"class_list":{"0":"post-6670","1":"product","2":"type-product","3":"status-publish","4":"has-post-thumbnail","6":"product_cat-mappen","7":"tm-no-options","9":"first","10":"outofstock","11":"taxable","12":"shipping-taxable","13":"purchasable","14":"product-type-simple"},"acf":[],"_links":{"self":[{"href":"https:\/\/tcgfanz.nl\/de\/wp-json\/wp\/v2\/product\/6670","targetHints":{"allow":["GET"]}}],"collection":[{"href":"https:\/\/tcgfanz.nl\/de\/wp-json\/wp\/v2\/product"}],"about":[{"href":"https:\/\/tcgfanz.nl\/de\/wp-json\/wp\/v2\/types\/product"}],"replies":[{"embeddable":true,"href":"https:\/\/tcgfanz.nl\/de\/wp-json\/wp\/v2\/comments?post=6670"}],"wp:featuredmedia":[{"embeddable":true,"href":"https:\/\/tcgfanz.nl\/de\/wp-json\/wp\/v2\/media\/6674"}],"wp:attachment":[{"href":"https:\/\/tcgfanz.nl\/de\/wp-json\/wp\/v2\/media?parent=6670"}],"wp:term":[{"taxonomy":"product_brand","embeddable":true,"href":"https:\/\/tcgfanz.nl\/de\/wp-json\/wp\/v2\/product_brand?post=6670"},{"taxonomy":"product_cat","embeddable":true,"href":"https:\/\/tcgfanz.nl\/de\/wp-json\/wp\/v2\/product_cat?post=6670"},{"taxonomy":"product_tag","embeddable":true,"href":"https:\/\/tcgfanz.nl\/de\/wp-json\/wp\/v2\/product_tag?post=6670"}],"curies":[{"name":"wp","href":"https:\/\/api.w.org\/{rel}","templated":true}]}}