{"id":6676,"date":"2025-09-25T07:58:43","date_gmt":"2025-09-25T07:58:43","guid":{"rendered":"https:\/\/tcgfanz.nl\/?post_type=product&#038;p=6676"},"modified":"2026-02-13T22:56:39","modified_gmt":"2026-02-13T22:56:39","slug":"vault-x-reisverschlussordner-sv3-12-facher","status":"publish","type":"product","link":"https:\/\/tcgfanz.nl\/de\/produkte\/vault-x-reisverschlussordner-sv3-12-facher\/","title":{"rendered":"Vault X Zip Binder SV3 \u2013 12 F\u00e4cher"},"content":{"rendered":"<h1 data-start=\"1113\" data-end=\"1157\">Hervorragender Schutz f\u00fcr Ihre Karten<\/h1>\n<p data-start=\"1158\" data-end=\"1602\">Der Vault X Zip Binder SV3 \u2013 12 Pocket bietet maximale Sicherheit. Der extra starke, gepolsterte Einband <strong data-start=\"1282\" data-end=\"1304\">Exo-Tec\u00ae-Material<\/strong> Sch\u00fctzt vor St\u00f6\u00dfen, Feuchtigkeit und Abnutzung. Das weiche Mikrofaserfutter verhindert, dass die Karten verrutschen oder besch\u00e4digt werden. Ob Sie wertvolle Pok\u00e9mon-, Magic- oder Sportkarten sammeln, dieser Ordner sorgt daf\u00fcr, dass Ihre Sammlung in Top-Zustand bleibt.<\/p>\n<h2 data-start=\"1604\" data-end=\"1629\">Intelligentes und ger\u00e4umiges Design<\/h2>\n<p data-start=\"1630\" data-end=\"2039\">Dank der <strong data-start=\"1641\" data-end=\"1666\">12 Taschen pro Seite<\/strong> und das doppelseitige Layout bietet Ihnen insgesamt Platz f\u00fcr <strong data-start=\"1723\" data-end=\"1738\">480 Karten<\/strong>Der SV3-Stempel auf dem R\u00fccken verleiht dem Ordner ein luxuri\u00f6ses Aussehen, das perfekt zum <strong data-start=\"1830\" data-end=\"1861\">Obsidian Flames-Erweiterung<\/strong>Das Design erleichtert das Hinzuf\u00fcgen oder Anzeigen von Karten, w\u00e4hrend der robuste Rei\u00dfverschluss alles sicher an seinem Platz h\u00e4lt, auch unterwegs.<\/p>\n<h3 data-start=\"2041\" data-end=\"2070\">Archivsichere Qualit\u00e4t<\/h3>\n<p data-start=\"2071\" data-end=\"2365\">Die Seiten des Ordners bestehen aus <strong data-start=\"2118\" data-end=\"2167\">archivierungssicheres, s\u00e4urefreies und PVC-freies Material<\/strong>, damit Ihre Karten mit der Zeit nicht verblassen oder besch\u00e4digt werden. Das macht das SV3-12 Pocket nicht nur praktisch, sondern auch zu einer nachhaltigen Investition in die Zukunft Ihrer Sammlung.<\/p>\n<hr data-start=\"2367\" data-end=\"2370\" \/>\n<p data-start=\"2372\" data-end=\"2544\">\ud83d\udc49 Geben Sie Ihrer Sammlung den Premium-Schutz, den sie verdient, und w\u00e4hlen Sie die <strong data-start=\"2448\" data-end=\"2486\">Vault X Zip Binder SV3 \u2013 12 F\u00e4cher<\/strong>Sicher, stilvoll und f\u00fcr den wahren Sammler gebaut.<\/p>","protected":false},"excerpt":{"rendered":"<p data-start=\"483\" data-end=\"1106\">Der <strong data-start=\"486\" data-end=\"524\">Vault X Zip Binder SV3 \u2013 12 F\u00e4cher<\/strong> bietet die perfekte Balance aus Stil und Schutz f\u00fcr Ihre Kartensammlung. Diese Karte, inspiriert von der <em data-start=\"635\" data-end=\"652\">Obsidianflammen<\/em> Erweiterung des Pok\u00e9mon TCG, kombiniert ein robustes Design mit hochwertigen Materialien. Mit <strong data-start=\"749\" data-end=\"773\">12 K\u00e4stchen pro Seite<\/strong> und insgesamt <strong data-start=\"787\" data-end=\"802\">40 Seiten<\/strong>, k\u00f6nnen Sie zumindest <strong data-start=\"823\" data-end=\"838\">480 Karten<\/strong> Sicher aufbewahren. Die Au\u00dfenseite ist wasserabweisend <strong data-start=\"888\" data-end=\"910\">Exo-Tec\u00ae-Material<\/strong> Das weiche Mikrofaserfutter sorgt daf\u00fcr, dass Ihre Karten in Top-Zustand bleiben. Ein robuster Rei\u00dfverschluss rundet das Paket ab und sorgt daf\u00fcr, dass Ihre Sammlung immer ordentlich und sicher aufbewahrt ist.<\/p>","protected":false},"featured_media":6679,"comment_status":"closed","ping_status":"closed","template":"","meta":{"_acf_changed":false,"_seopress_robots_primary_cat":"","_seopress_titles_title":"Vault X Zip Binder SV3 \u2013 12 Pocket | Kaartmap Collectors","_seopress_titles_desc":"Vault X Zip Binder SV3 \u2013 12 Pocket. Ruimte voor 480 kaarten, premium Exo-Tec\u00ae kwaliteit en archiefveilige bescherming. Ideaal voor elke verzamelaar.","_seopress_robots_index":""},"product_brand":[],"product_cat":[531],"product_tag":[],"class_list":{"0":"post-6676","1":"product","2":"type-product","3":"status-publish","4":"has-post-thumbnail","6":"product_cat-mappen","7":"tm-no-options","9":"first","10":"outofstock","11":"taxable","12":"shipping-taxable","13":"purchasable","14":"product-type-simple"},"acf":[],"_links":{"self":[{"href":"https:\/\/tcgfanz.nl\/de\/wp-json\/wp\/v2\/product\/6676","targetHints":{"allow":["GET"]}}],"collection":[{"href":"https:\/\/tcgfanz.nl\/de\/wp-json\/wp\/v2\/product"}],"about":[{"href":"https:\/\/tcgfanz.nl\/de\/wp-json\/wp\/v2\/types\/product"}],"replies":[{"embeddable":true,"href":"https:\/\/tcgfanz.nl\/de\/wp-json\/wp\/v2\/comments?post=6676"}],"wp:featuredmedia":[{"embeddable":true,"href":"https:\/\/tcgfanz.nl\/de\/wp-json\/wp\/v2\/media\/6679"}],"wp:attachment":[{"href":"https:\/\/tcgfanz.nl\/de\/wp-json\/wp\/v2\/media?parent=6676"}],"wp:term":[{"taxonomy":"product_brand","embeddable":true,"href":"https:\/\/tcgfanz.nl\/de\/wp-json\/wp\/v2\/product_brand?post=6676"},{"taxonomy":"product_cat","embeddable":true,"href":"https:\/\/tcgfanz.nl\/de\/wp-json\/wp\/v2\/product_cat?post=6676"},{"taxonomy":"product_tag","embeddable":true,"href":"https:\/\/tcgfanz.nl\/de\/wp-json\/wp\/v2\/product_tag?post=6676"}],"curies":[{"name":"wp","href":"https:\/\/api.w.org\/{rel}","templated":true}]}}