{"id":6684,"date":"2025-09-25T08:09:44","date_gmt":"2025-09-25T08:09:44","guid":{"rendered":"https:\/\/tcgfanz.nl\/?post_type=product&#038;p=6684"},"modified":"2025-10-05T17:18:52","modified_gmt":"2025-10-05T17:18:52","slug":"vault-x-reisverschlussordner-sv4-12-facher","status":"publish","type":"product","link":"https:\/\/tcgfanz.nl\/de\/produkte\/vault-x-reisverschlussordner-sv4-12-facher\/","title":{"rendered":"Vault X Zip Binder SV4 \u2013 12 F\u00e4cher"},"content":{"rendered":"<h1 data-start=\"1165\" data-end=\"1207\">Premium-Schutz f\u00fcr Ihre Karten<\/h1>\n<p data-start=\"1208\" data-end=\"1876\">Der Vault X Zip Binder SV4 \u2013 12 Pocket wurde speziell f\u00fcr Sammler entwickelt. Ihre Karten bestehen nicht nur aus Papier; sie repr\u00e4sentieren Wert, Erinnerungen und Leidenschaft. Deshalb hat Vault X diesen Ordner mit einem <strong data-start=\"1430\" data-end=\"1465\">extra stabiler, gepolsterter Bezug<\/strong> das resistent gegen St\u00f6\u00dfe, Kratzer und Feuchtigkeit ist. Das \u00c4u\u00dfere von <strong data-start=\"1531\" data-end=\"1553\">Exo-Tec\u00ae-Material<\/strong> Es ist wasserabweisend und langlebig, sodass Ihr Ordner auch nach Jahren noch wie neu aussieht. Im Inneren sch\u00fctzt das weiche Mikrofaserfutter Ihre Karten und sch\u00fctzt sie. So ist sichergestellt, dass jede Karte \u2013 von Spielkarten bis hin zu seltenen Sammlerst\u00fccken \u2013 sicher und unbesch\u00e4digt aufbewahrt wird.<\/p>\n<h2 data-start=\"1878\" data-end=\"1918\">Inspiration von Scarlet &amp; Violet SV4<\/h2>\n<p data-start=\"1919\" data-end=\"2428\">Das Besondere an diesem Ordner ist sein Design. Die <strong data-start=\"1970\" data-end=\"2006\">Scarlet &amp; Violet SV4-Erweiterung<\/strong> Das Pok\u00e9mon-Sammelkartenspiel diente als Inspiration f\u00fcr dieses Modell. Die R\u00fcckseite ist mit einem eleganten <strong data-start=\"2098\" data-end=\"2113\">SV4-Stempel<\/strong> F\u00fcr Fans der Serie sofort erkennbar. Das verleiht dem Ordner nicht nur ein stilvolles Aussehen, sondern macht ihn auch zu einem Sammlerst\u00fcck. Egal, ob Sie Pok\u00e9mon-Karten sammeln, Magic: The Gathering spielen oder Sportkarten aufbewahren, dieser Ordner strahlt Professionalit\u00e4t und Exklusivit\u00e4t aus.<\/p>\n<h2 data-start=\"2430\" data-end=\"2458\">Platz f\u00fcr 480 Karten<\/h2>\n<p data-start=\"2459\" data-end=\"2997\">Dank der <strong data-start=\"2470\" data-end=\"2495\">12 Taschen pro Seite<\/strong> und die <strong data-start=\"2502\" data-end=\"2531\">40 doppelseitige Seiten<\/strong> Sie k\u00f6nnen so viel wie <strong data-start=\"2551\" data-end=\"2566\">480 Karten<\/strong> Aufbewahrung. Damit ist das SV4 \u2013 12 Pocket ideal f\u00fcr gr\u00f6\u00dfere Sammlungen oder f\u00fcr Spieler, die immer ihr komplettes Deck plus zus\u00e4tzliche Karten zur Hand haben m\u00f6chten. Das Layout ist \u00fcbersichtlich, sodass Karten leicht gefunden oder pr\u00e4sentiert werden k\u00f6nnen. <strong data-start=\"2825\" data-end=\"2841\">Rei\u00dfverschluss<\/strong> Sorgt daf\u00fcr, dass der Ordner auch auf Reisen sicher verschlossen bleibt. So k\u00f6nnen Sie Ihre Sammlung sicher zu Turnieren, Messen oder Tauschb\u00f6rsen mitnehmen.<\/p>\n<h3 data-start=\"2999\" data-end=\"3029\">Archivsicher und nachhaltig<\/h3>\n<p data-start=\"3030\" data-end=\"3515\">F\u00fcr den wahren Sammler ist die Qualit\u00e4t der Materialien entscheidend. Deshalb bestehen die Seiten dieses Ordners aus <strong data-start=\"3150\" data-end=\"3199\">archivierungssicheres, s\u00e4urefreies und PVC-freies Material<\/strong>Dies verhindert langfristig Verf\u00e4rbungen und Besch\u00e4digungen. Ihre Investition in Karten bleibt auch nach vielen Jahren gesch\u00fctzt. In Kombination mit der robusten Konstruktion und der hochwertigen Verarbeitung ist der Vault X Zip Binder SV4 \u2013 12 Pocket ein Ordner, der jahrelang h\u00e4lt und Ihre Sammlung in Top-Zustand h\u00e4lt.<\/p>","protected":false},"excerpt":{"rendered":"<p data-start=\"535\" data-end=\"1158\">Der <strong data-start=\"538\" data-end=\"576\">Vault X Zip Binder SV4 \u2013 12 F\u00e4cher<\/strong> ist die Premium-L\u00f6sung f\u00fcr Sammler, die ihre Karten sicher und stilvoll aufbewahren m\u00f6chten. Inspiriert von der <strong data-start=\"690\" data-end=\"714\">Scharlachrot &amp; Violett SV4<\/strong> Erweiterung des Pok\u00e9mon TCG, diese Karte bietet Platz f\u00fcr <strong data-start=\"773\" data-end=\"788\">480 Karten<\/strong> dank der <strong data-start=\"800\" data-end=\"825\">12 Taschen pro Seite<\/strong> und insgesamt <strong data-start=\"839\" data-end=\"854\">40 Seiten<\/strong>Die Au\u00dfenseite besteht aus strapazierf\u00e4higem, wasserabweisendem <strong data-start=\"910\" data-end=\"932\">Exo-Tec\u00ae-Material<\/strong>W\u00e4hrend das weiche Mikrofaser-Innenfutter Ihre Karten optimal sch\u00fctzt, h\u00e4lt der robuste Rei\u00dfverschluss alles sicher an seinem Platz. Diese Mappe vereint luxuri\u00f6ses Design mit maximalem Schutz \u2013 ideal f\u00fcr jeden TCG-Sammler.<\/p>","protected":false},"featured_media":6688,"comment_status":"closed","ping_status":"closed","template":"","meta":{"_acf_changed":false,"_seopress_robots_primary_cat":"","_seopress_titles_title":"Vault X Zip Binder SV4 \u2013 12 Pocket | Kaartenmap Collectors","_seopress_titles_desc":"Vault X Zip Binder SV4 \u2013 12 Pocket. Ruimte voor 480 kaarten, premium Exo-Tec\u00ae design en archiefveilige kwaliteit. Perfect voor Pok\u00e9mon en TCG-fans.","_seopress_robots_index":""},"product_brand":[],"product_cat":[531],"product_tag":[],"class_list":{"0":"post-6684","1":"product","2":"type-product","3":"status-publish","4":"has-post-thumbnail","6":"product_cat-mappen","7":"tm-no-options","9":"first","10":"outofstock","11":"taxable","12":"shipping-taxable","13":"purchasable","14":"product-type-simple"},"acf":[],"_links":{"self":[{"href":"https:\/\/tcgfanz.nl\/de\/wp-json\/wp\/v2\/product\/6684","targetHints":{"allow":["GET"]}}],"collection":[{"href":"https:\/\/tcgfanz.nl\/de\/wp-json\/wp\/v2\/product"}],"about":[{"href":"https:\/\/tcgfanz.nl\/de\/wp-json\/wp\/v2\/types\/product"}],"replies":[{"embeddable":true,"href":"https:\/\/tcgfanz.nl\/de\/wp-json\/wp\/v2\/comments?post=6684"}],"wp:featuredmedia":[{"embeddable":true,"href":"https:\/\/tcgfanz.nl\/de\/wp-json\/wp\/v2\/media\/6688"}],"wp:attachment":[{"href":"https:\/\/tcgfanz.nl\/de\/wp-json\/wp\/v2\/media?parent=6684"}],"wp:term":[{"taxonomy":"product_brand","embeddable":true,"href":"https:\/\/tcgfanz.nl\/de\/wp-json\/wp\/v2\/product_brand?post=6684"},{"taxonomy":"product_cat","embeddable":true,"href":"https:\/\/tcgfanz.nl\/de\/wp-json\/wp\/v2\/product_cat?post=6684"},{"taxonomy":"product_tag","embeddable":true,"href":"https:\/\/tcgfanz.nl\/de\/wp-json\/wp\/v2\/product_tag?post=6684"}],"curies":[{"name":"wp","href":"https:\/\/api.w.org\/{rel}","templated":true}]}}