{"id":6689,"date":"2025-09-25T12:49:20","date_gmt":"2025-09-25T12:49:20","guid":{"rendered":"https:\/\/tcgfanz.nl\/?post_type=product&#038;p=6689"},"modified":"2025-11-01T18:12:11","modified_gmt":"2025-11-01T18:12:11","slug":"pokemon-black-bolt-elite-trainerbox","status":"publish","type":"product","link":"https:\/\/tcgfanz.nl\/de\/produkte\/pokemon-black-bolt-elite-trainerbox\/","title":{"rendered":"Pokemon Black Bolt Elite Trainerbox"},"content":{"rendered":"<h1 data-start=\"1025\" data-end=\"1061\">Erleben Sie die Kraft von Black Bolt<\/h1>\n<p data-start=\"1062\" data-end=\"1493\">Die Pok\u00e9mon TCG: Scarlet &amp; Violet Black Bolt Elite Trainer Box f\u00fchrt Sie zur\u00fcck in die kultige Unova-Region, wo legend\u00e4re Pok\u00e9mon wie <strong data-start=\"1205\" data-end=\"1218\">Zekrom ex<\/strong> im Mittelpunkt. Diese Erweiterung ist bekannt f\u00fcr ihre alternativen Illustrationen, Parallelkarten mit einzigartigen Pok\u00e9ball-Aufdrucken und m\u00e4chtigen neuen Strategien. F\u00fcr Sammler und begeisterte Spieler ist dies die perfekte M\u00f6glichkeit, die Magie des Pok\u00e9mon-Sammelkartenspiels neu zu erleben.<\/p>\n<hr data-start=\"1495\" data-end=\"1498\" \/>\n<h2 data-start=\"1500\" data-end=\"1539\">Alles, was Sie brauchen, in einer Box<\/h2>\n<p data-start=\"1540\" data-end=\"1934\">Egal, ob du gerade erst mit dem Pok\u00e9mon-Sammelkartenspiel anf\u00e4ngst oder schon seit Jahren Karten sammelst, diese Elite Trainer Box enth\u00e4lt genau das, was du brauchst. Die Kombination aus Boostern, Energien, H\u00fcllen und Zubeh\u00f6r macht sie zu einem kompletten Set, mit dem du sofort loslegen oder dein bestehendes Deck verst\u00e4rken kannst. Au\u00dferdem enth\u00e4lt sie das exklusive Full-Art-Bild <strong data-start=\"1858\" data-end=\"1882\">Thundurus-Promokarte<\/strong> f\u00fcr eine wertvolle Erg\u00e4nzung Ihrer Sammlung.<\/p>\n<hr data-start=\"1936\" data-end=\"1939\" \/>\n<h2 data-start=\"1941\" data-end=\"1982\">Perfekt f\u00fcr Spieler und Sammler<\/h2>\n<p data-start=\"1983\" data-end=\"2284\">Neben ihrem Inhalt und den spielbaren Vorteilen ist die Black Bolt Elite Trainer Box auch eine wundersch\u00f6ne Sammlerbox. Dank der robusten Qualit\u00e4t und den stylischen Black Bolt Illustrationen kannst du deine Karten sicher und stilvoll aufbewahren. Das macht diese Box nicht nur praktisch, sondern auch zu einem echten Hingucker in jeder Sammlung.<\/p>\n<hr data-start=\"2286\" data-end=\"2289\" \/>\n<h3 data-start=\"2291\" data-end=\"2340\">Inhalt der Black Bolt Elite Trainer Box:<\/h3>\n<ul data-start=\"2341\" data-end=\"2762\">\n<li data-start=\"2341\" data-end=\"2401\">\n<p data-start=\"2343\" data-end=\"2401\">9 Pok\u00e9mon TCG: Scarlet &amp; Violet Black Bolt Booster Packs<\/p>\n<\/li>\n<li data-start=\"2402\" data-end=\"2450\">\n<p data-start=\"2404\" data-end=\"2450\">1 Full-Art-Folien-Promokarte von <strong data-start=\"2435\" data-end=\"2448\">Voltolos<\/strong><\/p>\n<\/li>\n<li data-start=\"2451\" data-end=\"2491\">\n<p data-start=\"2453\" data-end=\"2491\">65 Kartenh\u00fcllen mit Black Bolt-Motiv<\/p>\n<\/li>\n<li data-start=\"2492\" data-end=\"2525\">\n<p data-start=\"2494\" data-end=\"2525\">45 Pok\u00e9mon-Sammelkartenspiel-Energiekarten<\/p>\n<\/li>\n<li data-start=\"2526\" data-end=\"2572\">\n<p data-start=\"2528\" data-end=\"2572\">Spielerhandbuch zur Black Bolt-Erweiterung<\/p>\n<\/li>\n<li data-start=\"2573\" data-end=\"2604\">\n<p data-start=\"2575\" data-end=\"2604\">6 Schadensz\u00e4hlerw\u00fcrfel<\/p>\n<\/li>\n<li data-start=\"2605\" data-end=\"2650\">\n<p data-start=\"2607\" data-end=\"2650\">1 wettbewerbszugelassener M\u00fcnzwurfw\u00fcrfel<\/p>\n<\/li>\n<li data-start=\"2651\" data-end=\"2680\">\n<p data-start=\"2653\" data-end=\"2680\">2 Zustandsmarker aus Kunststoff<\/p>\n<\/li>\n<li data-start=\"2681\" data-end=\"2712\">\n<p data-start=\"2683\" data-end=\"2712\">Sammelbox mit 4 Trennw\u00e4nden<\/p>\n<\/li>\n<li data-start=\"2713\" data-end=\"2762\">\n<p data-start=\"2715\" data-end=\"2762\">Codekarte f\u00fcr Pok\u00e9mon Trading Card Game Live<\/p>\n<\/li>\n<\/ul>","protected":false},"excerpt":{"rendered":"<p data-start=\"428\" data-end=\"1018\">Das Pok\u00e9mon-Sammelkartenspiel: <strong>Scarlet &amp; Violet Black Bolt Elite Trainer Box<\/strong> ist die ultimative Wahl f\u00fcr jeden Trainer, der bereit ist, in die Einall-Region zur\u00fcckzukehren. Mit nicht weniger als neun Black Bolt-Boosterpacks, einer exklusiven Voltolos-Promokarte und praktischem Zubeh\u00f6r ist diese Box ein absolutes Muss f\u00fcr Anf\u00e4nger und erfahrene Sammler. Die hochwertigen Kartenh\u00fcllen, das Energiepaket und das umfassende Spielerhandbuch sorgen daf\u00fcr, dass du sofort gut vorbereitet bist. Egal, ob du dein Deck verbessern oder deine Sammlung erweitern m\u00f6chtest, diese Elite Trainer Box bietet alles, was du brauchst.<\/p>","protected":false},"featured_media":6692,"comment_status":"closed","ping_status":"closed","template":"","meta":{"_acf_changed":false,"_seopress_robots_primary_cat":"none","_seopress_titles_title":"Pok\u00e9mon Black Bolt Elite Trainer Box kopen | TCG","_seopress_titles_desc":"Ontdek de Pok\u00e9mon Black Bolt Elite Trainer Box met Zekrom ex, Thundurus promokaart en 9 boosters. Perfect voor verzamelaars en spelers.","_seopress_robots_index":""},"product_brand":[],"product_cat":[195],"product_tag":[],"class_list":{"0":"post-6689","1":"product","2":"type-product","3":"status-publish","4":"has-post-thumbnail","6":"product_cat-pokemon-elite-trainer-box","7":"tm-no-options","9":"first","10":"outofstock","11":"taxable","12":"shipping-taxable","13":"purchasable","14":"product-type-simple"},"acf":[],"_links":{"self":[{"href":"https:\/\/tcgfanz.nl\/de\/wp-json\/wp\/v2\/product\/6689","targetHints":{"allow":["GET"]}}],"collection":[{"href":"https:\/\/tcgfanz.nl\/de\/wp-json\/wp\/v2\/product"}],"about":[{"href":"https:\/\/tcgfanz.nl\/de\/wp-json\/wp\/v2\/types\/product"}],"replies":[{"embeddable":true,"href":"https:\/\/tcgfanz.nl\/de\/wp-json\/wp\/v2\/comments?post=6689"}],"wp:featuredmedia":[{"embeddable":true,"href":"https:\/\/tcgfanz.nl\/de\/wp-json\/wp\/v2\/media\/6692"}],"wp:attachment":[{"href":"https:\/\/tcgfanz.nl\/de\/wp-json\/wp\/v2\/media?parent=6689"}],"wp:term":[{"taxonomy":"product_brand","embeddable":true,"href":"https:\/\/tcgfanz.nl\/de\/wp-json\/wp\/v2\/product_brand?post=6689"},{"taxonomy":"product_cat","embeddable":true,"href":"https:\/\/tcgfanz.nl\/de\/wp-json\/wp\/v2\/product_cat?post=6689"},{"taxonomy":"product_tag","embeddable":true,"href":"https:\/\/tcgfanz.nl\/de\/wp-json\/wp\/v2\/product_tag?post=6689"}],"curies":[{"name":"wp","href":"https:\/\/api.w.org\/{rel}","templated":true}]}}