{"id":6728,"date":"2025-10-06T12:14:34","date_gmt":"2025-10-06T12:14:34","guid":{"rendered":"https:\/\/tcgfanz.nl\/?post_type=product&#038;p=6728"},"modified":"2026-01-18T13:15:14","modified_gmt":"2026-01-18T13:15:14","slug":"pokemon-generations-elite-trainerbox","status":"publish","type":"product","link":"https:\/\/tcgfanz.nl\/de\/produkte\/pokemon-generations-elite-trainerbox\/","title":{"rendered":"Pokemon Generations Elite Trainer Box"},"content":{"rendered":"<h1 data-start=\"1167\" data-end=\"1225\">Feiern Sie 20 Jahre Pok\u00e9mon mit der ultimativen Jubil\u00e4umskollektion<\/h1>\n<p data-start=\"1226\" data-end=\"1574\">Der <strong data-start=\"1229\" data-end=\"1270\">Pok\u00e9mon Generations Elite Trainer Box<\/strong> Diese Sonderausgabe erschien 2016 im Rahmen des 20-j\u00e4hrigen Jubil\u00e4umsprojekts von Pok\u00e9mon und feiert zwei Jahrzehnte voller Abenteuer, Freundschaft und K\u00e4mpfe. Das Generations-Set l\u00e4sst klassische Pok\u00e9mon aus der Kanto-Region mit modernen Illustrationen und m\u00e4chtigen EX-Karten wieder aufleben.<\/p>\n<p data-start=\"1576\" data-end=\"2023\">Die Box ist sowohl f\u00fcr Sammler als auch f\u00fcr Wettkampfspieler konzipiert. Die <strong data-start=\"1649\" data-end=\"1674\">Shaymin EX-Promokarte<\/strong> ist ein besonderes Prunkst\u00fcck \u2013 nicht nur wegen seiner Seltenheit, sondern auch wegen seines eleganten Designs, das perfekt zum feierlichen Charakter dieser Ver\u00f6ffentlichung passt. Jeder Booster in dieser Box bietet die Chance, legend\u00e4re Karten zu erhalten, wie zum Beispiel <strong data-start=\"1907\" data-end=\"1923\">Charizard EX<\/strong>, <strong data-start=\"1925\" data-end=\"1941\">Blastoise EX<\/strong>, <strong data-start=\"1943\" data-end=\"1958\">Bisaflor EX<\/strong> und die Geliebte <strong data-start=\"1974\" data-end=\"1994\">Full Art Pikachu<\/strong> aus der Radiant-Kollektion.<\/p>\n<hr data-start=\"2025\" data-end=\"2028\" \/>\n<h2 data-start=\"2030\" data-end=\"2074\">Ein komplettes Set voller Stil und Nostalgie<\/h2>\n<p data-start=\"2075\" data-end=\"2422\">Der <strong data-start=\"2078\" data-end=\"2111\">Generations Elite Trainer Box<\/strong> bietet alles, was du brauchst, um sofort mit dem Pok\u00e9mon-Sammelkartenspiel loszulegen. Die Deluxe-H\u00fcllen sch\u00fctzen deine Karten, w\u00e4hrend W\u00fcrfel und Marker dir bei offiziellen Matches helfen. Die Sammelbox selbst ist robust, elegant und perfekt f\u00fcr die sichere Aufbewahrung all deiner Karten.<\/p>\n<p data-start=\"2424\" data-end=\"2664\">Die Generations-Erweiterung ist eine der am meisten gefeierten Serien aller Zeiten und wird f\u00fcr ihre nostalgischen Illustrationen und die einzigartige Komposition geliebt. Von klassischen Pok\u00e9mon bis hin zu modernen EX-Karten mit Vollbild erz\u00e4hlt jedes Paket eine Geschichte.<\/p>\n<hr data-start=\"2666\" data-end=\"2669\" \/>\n<h2 data-start=\"2671\" data-end=\"2710\">Chase Cards und seltene Funde<\/h2>\n<p data-start=\"2711\" data-end=\"2895\">Die Generations-Serie ist bekannt f\u00fcr ihre legend\u00e4ren Chase-Karten, die bis heute bei Sammlern sehr begehrt sind. Zu den begehrtesten Karten aus diesem Set geh\u00f6ren:<\/p>\n<ul data-start=\"2896\" data-end=\"3089\">\n<li data-start=\"2896\" data-end=\"2941\">\n<p data-start=\"2898\" data-end=\"2941\"><strong data-start=\"2898\" data-end=\"2914\">Charizard EX<\/strong> Und <strong data-start=\"2918\" data-end=\"2939\">Mega-Glurak EX<\/strong><\/p>\n<\/li>\n<li data-start=\"2942\" data-end=\"2981\">\n<p data-start=\"2944\" data-end=\"2981\"><strong data-start=\"2944\" data-end=\"2960\">Blastoise EX<\/strong> Und <strong data-start=\"2964\" data-end=\"2979\">Bisaflor EX<\/strong><\/p>\n<\/li>\n<li data-start=\"2982\" data-end=\"3027\">\n<p data-start=\"2984\" data-end=\"3027\"><strong data-start=\"2984\" data-end=\"3025\">Pikachu in voller Kunst (Radiant-Kollektion)<\/strong><\/p>\n<\/li>\n<li data-start=\"3028\" data-end=\"3089\">\n<p data-start=\"3030\" data-end=\"3089\"><strong data-start=\"3030\" data-end=\"3044\">Feelinara EX<\/strong>, <strong data-start=\"3046\" data-end=\"3060\">Flamara EX<\/strong>, <strong data-start=\"3062\" data-end=\"3087\">Gardevoir EX Full Art<\/strong><\/p>\n<\/li>\n<\/ul>\n<p data-start=\"3091\" data-end=\"3204\">Die Chance, eine dieser Karten zu bekommen, macht jedes Booster-Pack spannend \u2013 eine Mischung aus Nostalgie, Wert und Spa\u00df.<\/p>\n<hr data-start=\"3206\" data-end=\"3209\" \/>\n<h2 data-start=\"3211\" data-end=\"3267\">Inhalt der Pok\u00e9mon Generations Elite Trainer Box<\/h2>\n<ul data-start=\"3268\" data-end=\"3518\">\n<li data-start=\"3268\" data-end=\"3320\">\n<p data-start=\"3270\" data-end=\"3320\">10 <strong data-start=\"3273\" data-end=\"3318\">Pok\u00e9mon-Sammelkartenspiel: Boosterpacks der XY-Generationen<\/strong><\/p>\n<\/li>\n<li data-start=\"3321\" data-end=\"3351\">\n<p data-start=\"3323\" data-end=\"3351\">65 <strong data-start=\"3326\" data-end=\"3349\">Generationenh\u00fcllen<\/strong><\/p>\n<\/li>\n<li data-start=\"3352\" data-end=\"3388\">\n<p data-start=\"3354\" data-end=\"3388\">Satz <strong data-start=\"3358\" data-end=\"3386\">Generationenw\u00fcrfel<\/strong><\/p>\n<\/li>\n<li data-start=\"3389\" data-end=\"3429\">\n<p data-start=\"3391\" data-end=\"3429\">1 <strong data-start=\"3393\" data-end=\"3427\">spezielle Shaymin EX-Promokarte<\/strong><\/p>\n<\/li>\n<li data-start=\"3430\" data-end=\"3470\">\n<p data-start=\"3432\" data-end=\"3470\">1 <strong data-start=\"3434\" data-end=\"3468\">spezieller M\u00fcnzwurfw\u00fcrfel<\/strong><\/p>\n<\/li>\n<li data-start=\"3471\" data-end=\"3518\">\n<p data-start=\"3473\" data-end=\"3518\">1 <strong data-start=\"3475\" data-end=\"3491\">Sammlerbox<\/strong> alles darin aufzubewahren<\/p>\n<\/li>\n<\/ul>\n<hr data-start=\"3520\" data-end=\"3523\" \/>\n<h3 data-start=\"3525\" data-end=\"3568\">Eine Ikone f\u00fcr Spieler und Sammler<\/h3>\n<p data-start=\"3569\" data-end=\"4005\">Der <strong data-start=\"3572\" data-end=\"3613\">Pok\u00e9mon Generations Elite Trainer Box<\/strong> ist nicht nur ein Produkt \u2013 es ist ein Symbol f\u00fcr zwanzig Jahre Pok\u00e9mon-Geschichte. Die Kombination aus klassischem Inhalt, moderner Qualit\u00e4t und einzigartigen Jubil\u00e4umsdetails macht diese Box zu einer zeitlosen Erg\u00e4nzung f\u00fcr jede Sammlung. Ob du die Box verschlossen l\u00e4sst oder sie \u00f6ffnest, um die Spannung jedes Boosterpacks zu genie\u00dfen, eines ist sicher: Diese Elite Trainer Box ist pure Nostalgie in ihrer sch\u00f6nsten Form.<\/p>\n<p><strong>Die Elite Trainer Box wird in einem hochwertigen Elite Trainer Box-Acryldisplay geliefert.<\/strong><\/p>","protected":false},"excerpt":{"rendered":"<p>Der <strong data-start=\"554\" data-end=\"595\">Pok\u00e9mon Generations Elite Trainer Box<\/strong> ist das ultimative Jubil\u00e4umsset f\u00fcr jeden Sammler und Spieler. Diese exklusive Box, die zu Ehren von 20 Jahren Pok\u00e9mon ver\u00f6ffentlicht wurde, enth\u00e4lt 10 <strong data-start=\"726\" data-end=\"758\">XY-Generationen-Boosterpacks<\/strong>, luxuri\u00f6se Accessoires und die sch\u00f6ne <strong data-start=\"793\" data-end=\"818\">Shaymin EX-Promokarte<\/strong>Mit ihrer Kombination aus Nostalgie und modernem Glanz ist dies eine der beliebtesten Elite-Trainer-Boxen aller Zeiten. Egal, ob du deine Sammlung erweitern, dein Deck st\u00e4rken oder einfach ein St\u00fcck Pok\u00e9mon-Geschichte besitzen m\u00f6chtest \u2013 diese Box bietet alles, was ein Trainer braucht. Eine wahre Hommage an zwei Jahrzehnte Pok\u00e9mon-Sammelkartenspiel.<\/p>","protected":false},"featured_media":6731,"comment_status":"closed","ping_status":"closed","template":"","meta":{"_acf_changed":false,"_seopress_robots_primary_cat":"","_seopress_titles_title":"Pok\u00e9mon Generations Elite Trainer Box kopen","_seopress_titles_desc":"Ontdek de Pok\u00e9mon Generations Elite Trainer Box met 10 booster packs, Shaymin EX en luxe accessoires. Een exclusieve jubileumcollectie vol nostalgie.","_seopress_robots_index":""},"product_brand":[],"product_cat":[195],"product_tag":[],"class_list":{"0":"post-6728","1":"product","2":"type-product","3":"status-publish","4":"has-post-thumbnail","6":"product_cat-pokemon-elite-trainer-box","7":"tm-no-options","9":"first","10":"outofstock","11":"taxable","12":"shipping-taxable","13":"purchasable","14":"product-type-simple"},"acf":[],"_links":{"self":[{"href":"https:\/\/tcgfanz.nl\/de\/wp-json\/wp\/v2\/product\/6728","targetHints":{"allow":["GET"]}}],"collection":[{"href":"https:\/\/tcgfanz.nl\/de\/wp-json\/wp\/v2\/product"}],"about":[{"href":"https:\/\/tcgfanz.nl\/de\/wp-json\/wp\/v2\/types\/product"}],"replies":[{"embeddable":true,"href":"https:\/\/tcgfanz.nl\/de\/wp-json\/wp\/v2\/comments?post=6728"}],"wp:featuredmedia":[{"embeddable":true,"href":"https:\/\/tcgfanz.nl\/de\/wp-json\/wp\/v2\/media\/6731"}],"wp:attachment":[{"href":"https:\/\/tcgfanz.nl\/de\/wp-json\/wp\/v2\/media?parent=6728"}],"wp:term":[{"taxonomy":"product_brand","embeddable":true,"href":"https:\/\/tcgfanz.nl\/de\/wp-json\/wp\/v2\/product_brand?post=6728"},{"taxonomy":"product_cat","embeddable":true,"href":"https:\/\/tcgfanz.nl\/de\/wp-json\/wp\/v2\/product_cat?post=6728"},{"taxonomy":"product_tag","embeddable":true,"href":"https:\/\/tcgfanz.nl\/de\/wp-json\/wp\/v2\/product_tag?post=6728"}],"curies":[{"name":"wp","href":"https:\/\/api.w.org\/{rel}","templated":true}]}}