{"id":6732,"date":"2025-10-06T12:28:37","date_gmt":"2025-10-06T12:28:37","guid":{"rendered":"https:\/\/tcgfanz.nl\/?post_type=product&#038;p=6732"},"modified":"2025-11-24T14:37:34","modified_gmt":"2025-11-24T14:37:34","slug":"pokemon-shining-legends-elite-trainer-box","status":"publish","type":"product","link":"https:\/\/tcgfanz.nl\/de\/produkte\/pokemon-shining-legends-elite-trainer-box\/","title":{"rendered":"Pok\u00e9mon Shining Legends Elite Trainer Box"},"content":{"rendered":"<h1 data-start=\"1216\" data-end=\"1271\">Entdecke die legend\u00e4re Kraft der Schillernden Pok\u00e9mon<\/h1>\n<p data-start=\"1272\" data-end=\"1570\">Der <strong data-start=\"1275\" data-end=\"1312\">Shining Legends Elite Trainer Box<\/strong> Bringt den Spielern einige der kultigsten und seltensten Pok\u00e9mon der TCG-Geschichte n\u00e4her. Diese Erweiterung konzentriert sich ausschlie\u00dflich auf legend\u00e4re und mythische Pok\u00e9mon, darunter <strong data-start=\"1507\" data-end=\"1517\">Mewtwo<\/strong>, <strong data-start=\"1519\" data-end=\"1528\">Ho-Oh<\/strong>, <strong data-start=\"1530\" data-end=\"1539\">Entei<\/strong>, <strong data-start=\"1541\" data-end=\"1551\">Raikou<\/strong> Und <strong data-start=\"1555\" data-end=\"1567\">Genesect<\/strong>.<\/p>\n<p data-start=\"1572\" data-end=\"1857\">Das Highlight dieser Box ist zweifellos die <strong data-start=\"1621\" data-end=\"1649\">Shining Ho-Oh-Promokarte<\/strong>, eine exklusive Folienkarte, die nur in dieser Elite Trainer Box erh\u00e4ltlich ist. Diese Karte f\u00e4ngt die Pracht und Mystik von Ho-Oh in einem schillernden, glitzernden Design ein, das kein anderes Pok\u00e9mon kennt.<\/p>\n<p data-start=\"1859\" data-end=\"2038\">Egal, ob Sie ein Sammler auf der Jagd nach seltenen Karten sind oder ein Spieler, der sein Deck mit m\u00e4chtigeren Karten aufr\u00fcsten m\u00f6chte, Shining Legends bietet ein au\u00dfergew\u00f6hnliches Erlebnis.<\/p>\n<hr data-start=\"2040\" data-end=\"2043\" \/>\n<h2 data-start=\"2045\" data-end=\"2086\">Ein komplettes Set f\u00fcr jeden Trainer<\/h2>\n<p data-start=\"2087\" data-end=\"2437\">Der <strong data-start=\"2090\" data-end=\"2135\">Pok\u00e9mon Shining Legends Elite Trainer Box<\/strong> Enth\u00e4lt alles, was ein Trainer braucht. Mit 10 Booster-Packs kannst du sofort mit der Jagd auf Shining Pok\u00e9mon oder m\u00e4chtige GX-Karten wie <strong data-start=\"2277\" data-end=\"2290\">Mewtwo GX<\/strong> Und <strong data-start=\"2294\" data-end=\"2307\">Raichu GX<\/strong>Die 65 Ho-Oh-Kartenh\u00fcllen sch\u00fctzen Ihre Lieblingskarten, w\u00e4hrend die 45 Energiekarten Ihnen beim Aufbau eines soliden Decks helfen.<\/p>\n<p data-start=\"2439\" data-end=\"2821\">Dar\u00fcber hinaus enth\u00e4lt die Box eine <strong data-start=\"2466\" data-end=\"2487\">Spielerhandbuch<\/strong> mit Informationen zur kompletten Shining Legends Erweiterung, damit du genau wei\u00dft, welche Karten du sammeln kannst. Die <strong data-start=\"2612\" data-end=\"2628\">W\u00fcrfel<\/strong>, <strong data-start=\"2630\" data-end=\"2646\">Acrylmarker<\/strong> Und <strong data-start=\"2650\" data-end=\"2663\">GX-Markierung<\/strong> Auch f\u00fcr Turnierspieler ist dieses Set ideal. Alles wird in einer stabilen Sammelbox mit vier Trennw\u00e4nden geliefert, damit Ihre Karten \u00fcbersichtlich aufbewahrt werden k\u00f6nnen.<\/p>\n<hr data-start=\"2823\" data-end=\"2826\" \/>\n<h2 data-start=\"2828\" data-end=\"2867\">Jagdkarten und seltene Funde<\/h2>\n<p data-start=\"2868\" data-end=\"3038\">Die Shining Legends-Reihe ist bekannt f\u00fcr ihre legend\u00e4ren Chase-Karten, die unter Sammlern zu den begehrtesten geh\u00f6ren. Zu den beliebtesten Karten geh\u00f6ren:<\/p>\n<ul data-start=\"3039\" data-end=\"3186\">\n<li data-start=\"3039\" data-end=\"3058\">\n<p data-start=\"3041\" data-end=\"3058\"><strong data-start=\"3041\" data-end=\"3056\">Leuchtendes Mew<\/strong><\/p>\n<\/li>\n<li data-start=\"3059\" data-end=\"3083\">\n<p data-start=\"3061\" data-end=\"3083\"><strong data-start=\"3061\" data-end=\"3081\">Gl\u00e4nzendes Rayquaza<\/strong><\/p>\n<\/li>\n<li data-start=\"3084\" data-end=\"3106\">\n<p data-start=\"3086\" data-end=\"3106\"><strong data-start=\"3086\" data-end=\"3104\">Leuchtender Arceus<\/strong><\/p>\n<\/li>\n<li data-start=\"3107\" data-end=\"3150\">\n<p data-start=\"3109\" data-end=\"3150\"><strong data-start=\"3109\" data-end=\"3148\">Mewtwo GX (Full Art und Secret Rare)<\/strong><\/p>\n<\/li>\n<li data-start=\"3151\" data-end=\"3169\">\n<p data-start=\"3153\" data-end=\"3169\"><strong data-start=\"3153\" data-end=\"3167\">Zoroark GX<\/strong><\/p>\n<\/li>\n<li data-start=\"3170\" data-end=\"3186\">\n<p data-start=\"3172\" data-end=\"3186\"><strong data-start=\"3172\" data-end=\"3184\">Entei GX<\/strong><\/p>\n<\/li>\n<\/ul>\n<p data-start=\"3188\" data-end=\"3304\">Jeder Booster ist eine Chance, eine seltene Karte zu finden \u2013 eine Karte, die sowohl optisch als auch technisch beeindruckend ist.<\/p>\n<hr data-start=\"3306\" data-end=\"3309\" \/>\n<h2 data-start=\"3311\" data-end=\"3371\">Inhalt der Pok\u00e9mon Shining Legends Elite Trainer Box<\/h2>\n<ul data-start=\"3372\" data-end=\"3826\">\n<li data-start=\"3372\" data-end=\"3425\">\n<p data-start=\"3374\" data-end=\"3425\">10 <strong data-start=\"3377\" data-end=\"3423\">Pok\u00e9mon-Sammelkartenspiel: Schimmernde Legenden-Boosterpacks<\/strong><\/p>\n<\/li>\n<li data-start=\"3426\" data-end=\"3469\">\n<p data-start=\"3428\" data-end=\"3469\">1 <strong data-start=\"3430\" data-end=\"3467\">Folien-Promokarte von Shining Ho-Oh<\/strong><\/p>\n<\/li>\n<li data-start=\"3470\" data-end=\"3499\">\n<p data-start=\"3472\" data-end=\"3499\">65 <strong data-start=\"3475\" data-end=\"3497\">Ho-Oh-Kartenh\u00fcllen<\/strong><\/p>\n<\/li>\n<li data-start=\"3500\" data-end=\"3537\">\n<p data-start=\"3502\" data-end=\"3537\">45 <strong data-start=\"3505\" data-end=\"3535\">Pok\u00e9mon-Sammelkartenspiel-Energiekarten<\/strong><\/p>\n<\/li>\n<li data-start=\"3538\" data-end=\"3601\">\n<p data-start=\"3540\" data-end=\"3601\">1 <strong data-start=\"3542\" data-end=\"3599\">Spielerhandbuch f\u00fcr die Shining Legends-Erweiterung<\/strong><\/p>\n<\/li>\n<li data-start=\"3602\" data-end=\"3637\">\n<p data-start=\"3604\" data-end=\"3637\">6 <strong data-start=\"3606\" data-end=\"3635\">Schadensz\u00e4hlerw\u00fcrfel<\/strong><\/p>\n<\/li>\n<li data-start=\"3638\" data-end=\"3687\">\n<p data-start=\"3640\" data-end=\"3687\">1 <strong data-start=\"3642\" data-end=\"3685\">wettbewerbskonformer M\u00fcnzwurfw\u00fcrfel<\/strong><\/p>\n<\/li>\n<li data-start=\"3688\" data-end=\"3744\">\n<p data-start=\"3690\" data-end=\"3744\">2 <strong data-start=\"3692\" data-end=\"3717\">Acryl-Zustandsmarker<\/strong> und 1 <strong data-start=\"3723\" data-end=\"3742\">Acryl-GX-Marker<\/strong><\/p>\n<\/li>\n<li data-start=\"3745\" data-end=\"3782\">\n<p data-start=\"3747\" data-end=\"3782\">1 <strong data-start=\"3749\" data-end=\"3780\">Sammelbox mit 4 Trennw\u00e4nden<\/strong><\/p>\n<\/li>\n<li data-start=\"3783\" data-end=\"3826\">\n<p data-start=\"3785\" data-end=\"3826\">1 <strong data-start=\"3787\" data-end=\"3824\">Pok\u00e9mon TCG Online-Codekarte<\/strong><\/p>\n<\/li>\n<\/ul>\n<hr data-start=\"3828\" data-end=\"3831\" \/>\n<h3 data-start=\"3833\" data-end=\"3869\">Ein legend\u00e4res Sammlerst\u00fcck<\/h3>\n<p data-start=\"3870\" data-end=\"4142\">Der <strong data-start=\"3873\" data-end=\"3918\">Pok\u00e9mon Shining Legends Elite Trainer Box<\/strong> ist ein echtes Must-Have f\u00fcr jeden Liebhaber seltener Pok\u00e9mon und hochwertiger Sammlerst\u00fccke. Die Kombination aus spielbarer Power, atemberaubendem Design und dem exklusiven Shining Ho-Oh macht dieses Produkt einzigartig.<\/p>\n<p data-start=\"4144\" data-end=\"4307\">Egal, ob Sie die Box als Sammlerst\u00fcck versiegelt lassen oder sie \u00f6ffnen, um sich auf ein Abenteuer einzulassen, die Shining Legends Elite Trainer Box bietet immer einen legend\u00e4ren Wert.<\/p>\n<p><strong>Die Elite Trainer Box wird in einem hochwertigen Elite Trainer Box-Acryldisplay geliefert.<\/strong><\/p>","protected":false},"excerpt":{"rendered":"<p>Der <strong data-start=\"554\" data-end=\"595\">Pok\u00e9mon Generations Elite Trainer Box<\/strong> ist das ultimative Jubil\u00e4umsset f\u00fcr jeden Sammler und Spieler. Diese exklusive Box, die zu Ehren von 20 Jahren Pok\u00e9mon ver\u00f6ffentlicht wurde, enth\u00e4lt 10 <strong data-start=\"726\" data-end=\"758\">XY-Generationen-Boosterpacks<\/strong>, luxuri\u00f6se Accessoires und die sch\u00f6ne <strong data-start=\"793\" data-end=\"818\">Shaymin EX-Promokarte<\/strong>Mit ihrer Kombination aus Nostalgie und modernem Glanz ist dies eine der beliebtesten Elite-Trainer-Boxen aller Zeiten. Egal, ob du deine Sammlung erweitern, dein Deck st\u00e4rken oder einfach ein St\u00fcck Pok\u00e9mon-Geschichte besitzen m\u00f6chtest \u2013 diese Box bietet alles, was ein Trainer braucht. Eine wahre Hommage an zwei Jahrzehnte Pok\u00e9mon-Sammelkartenspiel.<\/p>","protected":false},"featured_media":6735,"comment_status":"closed","ping_status":"closed","template":"","meta":{"_acf_changed":false,"_seopress_robots_primary_cat":"none","_seopress_titles_title":"Pok\u00e9mon Generations Elite Trainer Box kopen","_seopress_titles_desc":"Ontdek de Pok\u00e9mon Generations Elite Trainer Box met 10 booster packs, Shaymin EX en luxe accessoires. Een exclusieve jubileumcollectie vol nostalgie.","_seopress_robots_index":""},"product_brand":[],"product_cat":[195],"product_tag":[],"class_list":{"0":"post-6732","1":"product","2":"type-product","3":"status-publish","4":"has-post-thumbnail","6":"product_cat-pokemon-elite-trainer-box","7":"tm-no-options","9":"first","10":"outofstock","11":"taxable","12":"shipping-taxable","13":"purchasable","14":"product-type-simple"},"acf":[],"_links":{"self":[{"href":"https:\/\/tcgfanz.nl\/de\/wp-json\/wp\/v2\/product\/6732","targetHints":{"allow":["GET"]}}],"collection":[{"href":"https:\/\/tcgfanz.nl\/de\/wp-json\/wp\/v2\/product"}],"about":[{"href":"https:\/\/tcgfanz.nl\/de\/wp-json\/wp\/v2\/types\/product"}],"replies":[{"embeddable":true,"href":"https:\/\/tcgfanz.nl\/de\/wp-json\/wp\/v2\/comments?post=6732"}],"wp:featuredmedia":[{"embeddable":true,"href":"https:\/\/tcgfanz.nl\/de\/wp-json\/wp\/v2\/media\/6735"}],"wp:attachment":[{"href":"https:\/\/tcgfanz.nl\/de\/wp-json\/wp\/v2\/media?parent=6732"}],"wp:term":[{"taxonomy":"product_brand","embeddable":true,"href":"https:\/\/tcgfanz.nl\/de\/wp-json\/wp\/v2\/product_brand?post=6732"},{"taxonomy":"product_cat","embeddable":true,"href":"https:\/\/tcgfanz.nl\/de\/wp-json\/wp\/v2\/product_cat?post=6732"},{"taxonomy":"product_tag","embeddable":true,"href":"https:\/\/tcgfanz.nl\/de\/wp-json\/wp\/v2\/product_tag?post=6732"}],"curies":[{"name":"wp","href":"https:\/\/api.w.org\/{rel}","templated":true}]}}