{"id":6749,"date":"2025-10-10T17:29:49","date_gmt":"2025-10-10T17:29:49","guid":{"rendered":"https:\/\/tcgfanz.nl\/?post_type=product&#038;p=6749"},"modified":"2025-12-31T16:04:57","modified_gmt":"2025-12-31T16:04:57","slug":"pokemon-white-flare-elite-trainerbox","status":"publish","type":"product","link":"https:\/\/tcgfanz.nl\/de\/produkte\/pokemon-white-flare-elite-trainerbox\/","title":{"rendered":"Pokemon White Flare Elite Trainer Box"},"content":{"rendered":"<h1 data-start=\"1330\" data-end=\"1375\">Die Kraft der White Flare-Erweiterung<\/h1>\n<p data-start=\"1376\" data-end=\"1722\">Der <strong data-start=\"1379\" data-end=\"1426\">Pok\u00e9mon-Sammelkartenspiel: Scharlachrot &amp; Violett \u2013 Wei\u00dfer Strahl<\/strong> Diese Erweiterung bringt neue Energie und Strategie ins Spiel. Mit dem Fokus auf m\u00e4chtige Pok\u00e9mon und einzigartigen Illustrationen dreht sich in diesem Set alles um Feuer, Intensit\u00e4t und Geschwindigkeit im Kampf. In dieser Elite Trainer Box findest du alles, was du brauchst, um die White Flare-Reihe zu erkunden.<\/p>\n<p data-start=\"1724\" data-end=\"2011\">Der <strong data-start=\"1727\" data-end=\"1750\">Tornadus-Promokarte<\/strong> Exklusiv in dieser Box wird das Pok\u00e9mon in einer beeindruckenden Full-Art-Version mit gl\u00e4nzender Folienoberfl\u00e4che pr\u00e4sentiert. Diese Karte vereint visuelle Pracht mit spielbarer Power und ist damit ein Must-have f\u00fcr Sammler und Wettkampfspieler gleicherma\u00dfen.<\/p>\n<p data-start=\"2013\" data-end=\"2239\">Die White Flare Elite Trainer Box ist f\u00fcr Spieler gedacht, die Wert auf Qualit\u00e4t und Pr\u00e4sentation legen. Das Zubeh\u00f6r ist nicht nur w\u00e4hrend des Spiels funktional, sondern auch ideal zur sicheren Aufbewahrung.<\/p>\n<hr data-start=\"2241\" data-end=\"2244\" \/>\n<h2 data-start=\"2246\" data-end=\"2284\">Alles, was ein Trainer braucht<\/h2>\n<p data-start=\"2285\" data-end=\"2617\">Egal, ob Sie neu in der Welt des Pok\u00e9mon-Sammelkartenspiels sind oder ein erfahrener Spieler, die <strong data-start=\"2360\" data-end=\"2393\">White Flare Elite Trainer Box<\/strong> bietet ein umfassendes Erlebnis. Die <strong data-start=\"2426\" data-end=\"2445\">9 Booster-Packs<\/strong> geben Ihnen die M\u00f6glichkeit, neue Karten zu entdecken und Ihr Deck zu st\u00e4rken. Die <strong data-start=\"2523\" data-end=\"2539\">Kartenh\u00fcllen<\/strong> Mit dem White Flare-Thema sind Ihre Karten w\u00e4hrend intensiver Spiele gesch\u00fctzt.<\/p>\n<p data-start=\"2619\" data-end=\"2925\">Der <strong data-start=\"2622\" data-end=\"2640\">Energiekarten<\/strong>, <strong data-start=\"2642\" data-end=\"2658\">W\u00fcrfel<\/strong> Und <strong data-start=\"2662\" data-end=\"2681\">Zustandsmarkierungen<\/strong> sind alle von hoher Qualit\u00e4t und erf\u00fcllen die offiziellen Spielanforderungen. Die <strong data-start=\"2765\" data-end=\"2780\">Sammlerbox<\/strong> Mit 4 Innenteilern bleibt alles ordentlich organisiert \u2013 ideal f\u00fcr die langfristige Aufbewahrung oder als Prunkst\u00fcck Ihrer Sammlung.<\/p>\n<p data-start=\"2927\" data-end=\"3129\">Dar\u00fcber hinaus ist die enthaltene <strong data-start=\"2956\" data-end=\"2977\">Spielerhandbuch<\/strong> Ein praktisches Tool zum Kennenlernen aller neuen Karten aus der White Flare-Erweiterung, inklusive Tipps zu ihren Effekten und ihrer Verwendung im Spiel.<\/p>\n<hr data-start=\"3131\" data-end=\"3134\" \/>\n<h2 data-start=\"3136\" data-end=\"3192\">Inhalt der Pok\u00e9mon White Flare Elite Trainer Box<\/h2>\n<ul data-start=\"3193\" data-end=\"3675\">\n<li data-start=\"3193\" data-end=\"3260\">\n<p data-start=\"3195\" data-end=\"3260\">9 <strong data-start=\"3197\" data-end=\"3258\">Pok\u00e9mon TCG: Scarlet &amp; Violet \u2013 White Flare Booster Packs<\/strong><\/p>\n<\/li>\n<li data-start=\"3261\" data-end=\"3308\">\n<p data-start=\"3263\" data-end=\"3308\">1 <strong data-start=\"3265\" data-end=\"3306\">Vollfl\u00e4chig gestaltete Folien-Promokarte von Tornadus<\/strong><\/p>\n<\/li>\n<li data-start=\"3309\" data-end=\"3354\">\n<p data-start=\"3311\" data-end=\"3354\">65 <strong data-start=\"3314\" data-end=\"3352\">Kartenh\u00fcllen mit White Flare-Motiv<\/strong><\/p>\n<\/li>\n<li data-start=\"3355\" data-end=\"3392\">\n<p data-start=\"3357\" data-end=\"3392\">45 <strong data-start=\"3360\" data-end=\"3390\">Pok\u00e9mon-Sammelkartenspiel-Energiekarten<\/strong><\/p>\n<\/li>\n<li data-start=\"3393\" data-end=\"3452\">\n<p data-start=\"3395\" data-end=\"3452\">1 <strong data-start=\"3397\" data-end=\"3450\">Spielerhandbuch f\u00fcr die White Flare-Erweiterung<\/strong><\/p>\n<\/li>\n<li data-start=\"3453\" data-end=\"3488\">\n<p data-start=\"3455\" data-end=\"3488\">6 <strong data-start=\"3457\" data-end=\"3486\">Schadensz\u00e4hlerw\u00fcrfel<\/strong><\/p>\n<\/li>\n<li data-start=\"3489\" data-end=\"3538\">\n<p data-start=\"3491\" data-end=\"3538\">1 <strong data-start=\"3493\" data-end=\"3536\">wettbewerbskonformer M\u00fcnzwurfw\u00fcrfel<\/strong><\/p>\n<\/li>\n<li data-start=\"3539\" data-end=\"3595\">\n<p data-start=\"3541\" data-end=\"3595\">2 <strong data-start=\"3543\" data-end=\"3568\">Acryl-Zustandsmarker<\/strong> und 1 <strong data-start=\"3574\" data-end=\"3593\">Acryl-GX-Marker<\/strong><\/p>\n<\/li>\n<li data-start=\"3596\" data-end=\"3633\">\n<p data-start=\"3598\" data-end=\"3633\">1 <strong data-start=\"3600\" data-end=\"3631\">Sammelbox mit 4 Trennw\u00e4nden<\/strong><\/p>\n<\/li>\n<li data-start=\"3634\" data-end=\"3675\">\n<p data-start=\"3636\" data-end=\"3675\">1 <strong data-start=\"3638\" data-end=\"3673\">Pok\u00e9mon-Sammelkartenspiel-Live-Code-Karte<\/strong><\/p>\n<\/li>\n<\/ul>\n<hr data-start=\"3677\" data-end=\"3680\" \/>\n<h3 data-start=\"3682\" data-end=\"3719\">Luxuri\u00f6se Verarbeitung und Sammlerwert<\/h3>\n<p data-start=\"3720\" data-end=\"4014\">Der <strong data-start=\"3723\" data-end=\"3764\">Pok\u00e9mon White Flare Elite Trainer Box<\/strong> ist mehr als nur ein Spielset \u2013 es ist ein Premiumprodukt, das Handwerkskunst, Spielspa\u00df und Sammlerwert vereint. Die Kombination aus Inhalt, Design und Exklusivit\u00e4t macht diese Box zu einer wertvollen Erg\u00e4nzung f\u00fcr die <em data-start=\"3987\" data-end=\"4005\">Scharlachrot &amp; Violett<\/em>-Serie.<\/p>\n<p data-start=\"4016\" data-end=\"4309\">Egal, ob Sie die Box \u00f6ffnen, um den Nervenkitzel der Boosterpacks zu erleben, oder sie versiegelt als Sammlerst\u00fcck aufbewahren, dies ist eine Investition in Qualit\u00e4t und Pok\u00e9mon-Geschichte. Die White Flare Elite Trainer Box ist die perfekte Wahl f\u00fcr jeden Trainer, der nach Stil, Kraft und Vollst\u00e4ndigkeit strebt.<\/p>","protected":false},"excerpt":{"rendered":"<p>Der <strong data-start=\"702\" data-end=\"743\">Pok\u00e9mon White Flare Elite Trainer Box<\/strong> ist eine Luxus-Sammlerbox aus dem neuesten <em data-start=\"784\" data-end=\"816\">Scharlachrot &amp; Violett \u2013 Wei\u00dfes Aufflackern<\/em> Erweiterung. Dieses Set enth\u00e4lt 9 Booster Packs, ein sch\u00f6nes <strong data-start=\"879\" data-end=\"920\">Vollfl\u00e4chig gestaltete Folien-Promokarte von Tornadus<\/strong>, und eine komplette Auswahl an Zubeh\u00f6r wie H\u00fcllen, Energiekarten, W\u00fcrfel und Marker. Alles, was du brauchst, um sofort loszulegen oder deine Sammlung zu erweitern, ist enthalten. Das stylische White Flare Finish macht diese Box nicht nur praktisch, sondern auch zu einem wertvollen Sammlerst\u00fcck. Perfekt f\u00fcr Trainer, die ihr Spiel und ihre Sammlung mit Qualit\u00e4t und Eleganz aufwerten m\u00f6chten.<\/p>","protected":false},"featured_media":6752,"comment_status":"closed","ping_status":"closed","template":"","meta":{"_acf_changed":false,"_seopress_robots_primary_cat":"","_seopress_titles_title":"Pok\u00e9mon White Flare Elite Trainer Box kopen","_seopress_titles_desc":"Ontdek de White Flare Elite Trainer Box (EAN 196214113619) met 9 booster packs, Tornadus promo kaart, sleeves, energiekaarten en accessoires.","_seopress_robots_index":""},"product_brand":[],"product_cat":[195],"product_tag":[],"class_list":{"0":"post-6749","1":"product","2":"type-product","3":"status-publish","4":"has-post-thumbnail","6":"product_cat-pokemon-elite-trainer-box","7":"tm-no-options","9":"first","10":"outofstock","11":"taxable","12":"shipping-taxable","13":"purchasable","14":"product-type-simple"},"acf":[],"_links":{"self":[{"href":"https:\/\/tcgfanz.nl\/de\/wp-json\/wp\/v2\/product\/6749","targetHints":{"allow":["GET"]}}],"collection":[{"href":"https:\/\/tcgfanz.nl\/de\/wp-json\/wp\/v2\/product"}],"about":[{"href":"https:\/\/tcgfanz.nl\/de\/wp-json\/wp\/v2\/types\/product"}],"replies":[{"embeddable":true,"href":"https:\/\/tcgfanz.nl\/de\/wp-json\/wp\/v2\/comments?post=6749"}],"wp:featuredmedia":[{"embeddable":true,"href":"https:\/\/tcgfanz.nl\/de\/wp-json\/wp\/v2\/media\/6752"}],"wp:attachment":[{"href":"https:\/\/tcgfanz.nl\/de\/wp-json\/wp\/v2\/media?parent=6749"}],"wp:term":[{"taxonomy":"product_brand","embeddable":true,"href":"https:\/\/tcgfanz.nl\/de\/wp-json\/wp\/v2\/product_brand?post=6749"},{"taxonomy":"product_cat","embeddable":true,"href":"https:\/\/tcgfanz.nl\/de\/wp-json\/wp\/v2\/product_cat?post=6749"},{"taxonomy":"product_tag","embeddable":true,"href":"https:\/\/tcgfanz.nl\/de\/wp-json\/wp\/v2\/product_tag?post=6749"}],"curies":[{"name":"wp","href":"https:\/\/api.w.org\/{rel}","templated":true}]}}