{"id":6764,"date":"2025-10-15T22:10:46","date_gmt":"2025-10-15T22:10:46","guid":{"rendered":"https:\/\/tcgfanz.nl\/?post_type=product&#038;p=6764"},"modified":"2025-10-15T22:14:13","modified_gmt":"2025-10-15T22:14:13","slug":"ultra-pro-gengar-binder-12-pocket-pro-elite-serie","status":"publish","type":"product","link":"https:\/\/tcgfanz.nl\/de\/produkte\/ultra-pro-gengar-binder-12-pocket-pro-elite-serie\/","title":{"rendered":"Ultra Pro Gengar Binder 12-Pocket PRO Elite Series"},"content":{"rendered":"<h1 data-start=\"2014\" data-end=\"2057\">Optimaler Schutz f\u00fcr Ihre Sammlung<\/h1>\n<p data-start=\"2058\" data-end=\"2287\">Der <strong data-start=\"2061\" data-end=\"2101\">Ultra Pro 12-Pocket PRO Elite Ordner<\/strong> bietet Platz f\u00fcr <strong data-start=\"2119\" data-end=\"2134\">480 Karten<\/strong>, aufgeteilt auf <strong data-start=\"2150\" data-end=\"2191\">20 s\u00e4urebest\u00e4ndige, PVC-freie Seiten<\/strong>Dies garantiert einen langfristigen Schutz ohne Verf\u00e4rbungen oder chemische Sch\u00e4den an Ihren Karten.<\/p>\n<p data-start=\"2289\" data-end=\"2639\">Jede Seite hat eine <strong data-start=\"2311\" data-end=\"2335\">Seitenladesystem<\/strong>, wodurch verhindert wird, dass Karten verrutschen oder herausfallen. Die <strong data-start=\"2394\" data-end=\"2424\">schwarz linierter Hintergrund<\/strong> Au\u00dferdem hebt es die Karten hervor und verhindert Reflexionen oder sichtbare Abnutzung. Egal, ob Sie Ihre Lieblings-Pok\u00e9mon-Karten, TCG-Sets oder andere Sammelkarten aufbewahren, dieser Ordner h\u00e4lt sie in perfektem Zustand.<\/p>\n<hr data-start=\"2641\" data-end=\"2644\" \/>\n<h2 data-start=\"2646\" data-end=\"2692\">Ideal f\u00fcr Sammler und Profis<\/h2>\n<p data-start=\"2693\" data-end=\"3025\">Der <strong data-start=\"2696\" data-end=\"2723\">Gengar PRO Elite Binder<\/strong> Dieser Ordner ist nicht nur funktional, sondern auch ein echter Hingucker in jeder Sammlung. Dank seines durchdachten Designs lassen sich Karten \u00fcbersichtlich organisieren, schnell finden und sicher pr\u00e4sentieren. Dank seiner kompakten Gr\u00f6\u00dfe l\u00e4sst er sich zudem problemlos zu Tauschb\u00f6rsen, Turnieren oder Pr\u00e4sentationen mitnehmen.<\/p>\n<p data-start=\"3027\" data-end=\"3281\">Sammler sch\u00e4tzen diesen Ordner wegen seiner robusten Konstruktion, seines luxuri\u00f6sen Aussehens und der Verwendung hochwertiger Materialien, die die Lebensdauer ihrer Karten maximieren. Er ist die perfekte Wahl f\u00fcr alle, die ihre Sammlung ernst nehmen.<\/p>\n<hr data-start=\"3283\" data-end=\"3286\" \/>\n<h2 data-start=\"3288\" data-end=\"3313\">Produktdetails<\/h2>\n<ul data-start=\"3314\" data-end=\"3731\">\n<li data-start=\"3314\" data-end=\"3379\">\n<p data-start=\"3316\" data-end=\"3379\"><strong data-start=\"3316\" data-end=\"3326\">Modell:<\/strong> Ultra Pro PRO-BINDER 12-Pocket Gengar Elite Series<\/p>\n<\/li>\n<li data-start=\"3380\" data-end=\"3429\">\n<p data-start=\"3382\" data-end=\"3429\"><strong data-start=\"3382\" data-end=\"3397\">Kapazit\u00e4t:<\/strong> Passend f\u00fcr <strong data-start=\"3412\" data-end=\"3427\">480 Karten<\/strong><\/p>\n<\/li>\n<li data-start=\"3430\" data-end=\"3481\">\n<p data-start=\"3432\" data-end=\"3481\"><strong data-start=\"3432\" data-end=\"3445\">Seiten:<\/strong> 20 robuste <strong data-start=\"3457\" data-end=\"3479\">12-Taschenseiten<\/strong><\/p>\n<\/li>\n<li data-start=\"3482\" data-end=\"3529\">\n<p data-start=\"3484\" data-end=\"3529\"><strong data-start=\"3484\" data-end=\"3498\">Material:<\/strong> <strong data-start=\"3499\" data-end=\"3511\">S\u00e4urefrei<\/strong> Und <strong data-start=\"3515\" data-end=\"3527\">PVC-frei<\/strong><\/p>\n<\/li>\n<li data-start=\"3530\" data-end=\"3591\">\n<p data-start=\"3532\" data-end=\"3591\"><strong data-start=\"3532\" data-end=\"3544\">Design:<\/strong> <strong data-start=\"3545\" data-end=\"3572\">Luxus-Kunstlederbezug<\/strong> mit Gengar-Aufdruck<\/p>\n<\/li>\n<li data-start=\"3592\" data-end=\"3663\">\n<p data-start=\"3594\" data-end=\"3663\"><strong data-start=\"3594\" data-end=\"3610\">Innen:<\/strong> <strong data-start=\"3611\" data-end=\"3638\">Schwarz linierte Seiten<\/strong> f\u00fcr zus\u00e4tzlichen Schutz<\/p>\n<\/li>\n<li data-start=\"3664\" data-end=\"3731\">\n<p data-start=\"3666\" data-end=\"3731\"><strong data-start=\"3666\" data-end=\"3679\">Schlie\u00dfung:<\/strong> <strong data-start=\"3680\" data-end=\"3704\">Robuster Rei\u00dfverschluss<\/strong> f\u00fcr optimale Sicherheit<\/p>\n<\/li>\n<\/ul>\n<hr data-start=\"3733\" data-end=\"3736\" \/>\n<h3 data-start=\"3738\" data-end=\"3777\">Luxuri\u00f6ser Schutz f\u00fcr Ihre Karten<\/h3>\n<p data-start=\"3778\" data-end=\"4189\">Der <strong data-start=\"3781\" data-end=\"3835\">Ultra Pro Gengar 12-Pocket PRO Elite Series Binder<\/strong> vereint Stil, Qualit\u00e4t und Funktionalit\u00e4t in einem Premiumprodukt. Mit seiner luxuri\u00f6sen Verarbeitung, den langlebigen Materialien und den sicheren Aufbewahrungsm\u00f6glichkeiten ist dieser Ordner die ultimative Wahl f\u00fcr jeden Pok\u00e9mon-Sammler. Egal, ob Sie Ihre Karten pr\u00e4sentieren oder langfristig sicher aufbewahren m\u00f6chten, dieser Gengar-Ordner bietet h\u00f6chsten Schutz.<\/p>","protected":false},"excerpt":{"rendered":"<p data-start=\"587\" data-end=\"1252\">Der <strong data-start=\"590\" data-end=\"644\">Ultra Pro Gengar 12-Pocket PRO Elite Series Binder<\/strong> ist eine hochwertige Sammelmappe f\u00fcr ernsthafte Pok\u00e9mon-Sammler. Mit Platz f\u00fcr <strong data-start=\"739\" data-end=\"754\">480 Karten<\/strong> aufgeteilt \u00fcber <strong data-start=\"769\" data-end=\"802\">20 stabile 12-Taschen-Seiten<\/strong>bietet dieser Ordner ultimativen Schutz und Stil. Die <strong data-start=\"852\" data-end=\"879\">luxuri\u00f6ser Kunstlederbezug<\/strong> mit detaillierten <strong data-start=\"899\" data-end=\"915\">Gengar-Druck<\/strong> strahlt Qualit\u00e4t und Charakter aus. Dank der <strong data-start=\"962\" data-end=\"978\">Rei\u00dfverschluss<\/strong>, <strong data-start=\"980\" data-end=\"993\">s\u00e4urefrei<\/strong> Und <strong data-start=\"997\" data-end=\"1010\">PVC-frei<\/strong> Materialien halten Karten perfekt erhalten. Die <strong data-start=\"1058\" data-end=\"1085\">schwarz linierte Seiten<\/strong> Verhindert Abnutzung und sorgt f\u00fcr eine hochwertige Optik. Dieser Ordner ist ideal f\u00fcr alle, die ihre Sammlung sicher, \u00fcbersichtlich und professionell pr\u00e4sentieren m\u00f6chten.<\/p>","protected":false},"featured_media":6767,"comment_status":"closed","ping_status":"closed","template":"","meta":{"_acf_changed":false,"_seopress_robots_primary_cat":"none","_seopress_titles_title":"Ultra Pro Gengar 12-Pocket PRO Elite Binder kopen","_seopress_titles_desc":"Bewaar tot 480 kaarten in de Ultra Pro Gengar 12-Pocket PRO Elite Binder. Luxe, zuurvrij, PVC-vrij en perfect voor Pok\u00e9mon-verzamelaars.","_seopress_robots_index":""},"product_brand":[],"product_cat":[199,531],"product_tag":[],"class_list":{"0":"post-6764","1":"product","2":"type-product","3":"status-publish","4":"has-post-thumbnail","6":"product_cat-bescherming","7":"product_cat-mappen","8":"tm-no-options","10":"first","11":"instock","12":"sale","13":"taxable","14":"shipping-taxable","15":"purchasable","16":"product-type-simple"},"acf":[],"_links":{"self":[{"href":"https:\/\/tcgfanz.nl\/de\/wp-json\/wp\/v2\/product\/6764","targetHints":{"allow":["GET"]}}],"collection":[{"href":"https:\/\/tcgfanz.nl\/de\/wp-json\/wp\/v2\/product"}],"about":[{"href":"https:\/\/tcgfanz.nl\/de\/wp-json\/wp\/v2\/types\/product"}],"replies":[{"embeddable":true,"href":"https:\/\/tcgfanz.nl\/de\/wp-json\/wp\/v2\/comments?post=6764"}],"wp:featuredmedia":[{"embeddable":true,"href":"https:\/\/tcgfanz.nl\/de\/wp-json\/wp\/v2\/media\/6767"}],"wp:attachment":[{"href":"https:\/\/tcgfanz.nl\/de\/wp-json\/wp\/v2\/media?parent=6764"}],"wp:term":[{"taxonomy":"product_brand","embeddable":true,"href":"https:\/\/tcgfanz.nl\/de\/wp-json\/wp\/v2\/product_brand?post=6764"},{"taxonomy":"product_cat","embeddable":true,"href":"https:\/\/tcgfanz.nl\/de\/wp-json\/wp\/v2\/product_cat?post=6764"},{"taxonomy":"product_tag","embeddable":true,"href":"https:\/\/tcgfanz.nl\/de\/wp-json\/wp\/v2\/product_tag?post=6764"}],"curies":[{"name":"wp","href":"https:\/\/api.w.org\/{rel}","templated":true}]}}