{"id":6780,"date":"2025-10-21T09:45:52","date_gmt":"2025-10-21T09:45:52","guid":{"rendered":"https:\/\/tcgfanz.nl\/?post_type=product&#038;p=6780"},"modified":"2026-04-28T19:08:14","modified_gmt":"2026-04-28T19:08:14","slug":"pokemon-legends-fur-nintendo-switch","status":"publish","type":"product","link":"https:\/\/tcgfanz.nl\/de\/produkte\/pokemon-legends-fur-nintendo-switch\/","title":{"rendered":"Pok\u00e9mon Legends: ZA \u2013 Nintendo Switch"},"content":{"rendered":"<h1 data-start=\"1195\" data-end=\"1234\">Eine neue \u00c4ra in Illumina City<\/h1>\n<p data-start=\"1235\" data-end=\"1537\">In <strong data-start=\"1238\" data-end=\"1262\">Pok\u00e9mon Legends: ZA<\/strong> Die Spieler kehren zum legend\u00e4ren Ort zur\u00fcck <strong data-start=\"1301\" data-end=\"1317\">Illuminate City<\/strong>Doch diesmal mit einem v\u00f6llig neuen Erscheinungsbild. Die Stadt, einst das pulsierende Herz der Kalos-Region, durchl\u00e4uft ein umfassendes Stadterneuerungsprojekt, um einen Ort zu schaffen, an dem Menschen und Pok\u00e9mon harmonisch zusammenleben k\u00f6nnen.<\/p>\n<p data-start=\"1539\" data-end=\"1794\">Die Entwickler haben Illumina City komplett neu aufgebaut und bieten mehr <strong data-start=\"1603\" data-end=\"1637\">Gr\u00fcnfl\u00e4chen, moderne Geb\u00e4ude<\/strong> und interaktive Orte. Wo einst gesch\u00e4ftige Stra\u00dfen und Technologie dominierten, findet man heute Parks, Forschungszentren und dynamische Umgebungen voller Leben.<\/p>\n<p data-start=\"1796\" data-end=\"2059\">Sie werden in <strong data-start=\"1812\" data-end=\"1823\">Hotel Z<\/strong>, dein pers\u00f6nliches Hauptquartier, von dem aus du Missionen erh\u00e4ltst und neue Abenteuer erlebst. Von hier aus erforschst du die Geheimnisse der Stadt, triffst ihre Bewohner und erf\u00e4hrst, wie sich die Partnerschaft zwischen Menschen und Pok\u00e9mon weiterentwickelt.<\/p>\n<hr data-start=\"2061\" data-end=\"2064\" \/>\n<h2 data-start=\"2066\" data-end=\"2108\">Fange Pok\u00e9mon in dynamischen Wildzonen<\/h2>\n<p data-start=\"2109\" data-end=\"2400\">Eine der auff\u00e4lligsten Innovationen in <strong data-start=\"2154\" data-end=\"2178\">Pok\u00e9mon Legends: ZA<\/strong> sind die sogenannten <strong data-start=\"2198\" data-end=\"2212\">Wilde Zonen<\/strong>Diese nat\u00fcrlichen Lebensr\u00e4ume sind Teil des Stadterneuerungsprojekts von <strong data-start=\"2292\" data-end=\"2311\">Quasartico Inc.<\/strong>, ein Unternehmen, das Technologie nutzt, um Pok\u00e9mon und Menschen einander n\u00e4her zu bringen.<\/p>\n<p data-start=\"2402\" data-end=\"2755\">In diesen Wilden Zonen leben unz\u00e4hlige Pok\u00e9mon, die frei in der Natur umherstreifen. Manche sind neugierig und lassen dich an sich herankommen, andere ergreifen die Flucht, sobald sie dich entdecken. Schleich dich vorsichtig durchs Gras, um sie zu \u00fcberraschen, oder fordere sie in klassischen K\u00e4mpfen heraus, um ihre KP zu reduzieren und sie so leichter mit deinen Pok\u00e9b\u00e4llen fangen zu k\u00f6nnen.<\/p>\n<p data-start=\"2757\" data-end=\"2875\">Das Erfassungs- und Erkundungssystem kombiniert Strategie, Timing und Beobachtung, wodurch sich jede Begegnung einzigartig anf\u00fchlt.<\/p>\n<hr data-start=\"2877\" data-end=\"2880\" \/>\n<h2 data-start=\"2882\" data-end=\"2934\">Entdecken und erleben Sie Illumina City wie nie zuvor!<\/h2>\n<p data-start=\"2935\" data-end=\"3188\">Neben dem Fangen von Pok\u00e9mon bietet Pok\u00e9mon Legends: ZA eine tiefgr\u00fcndige Story voller Entdeckungen. <strong data-start=\"3045\" data-end=\"3061\">Illuminate City<\/strong> Es ist gr\u00f6\u00dfer, lebendiger und interaktiver als je zuvor. Von Caf\u00e9s und M\u00e4rkten bis hin zu geheimen Laboren \u2013 \u00fcberall gibt es etwas zu erleben.<\/p>\n<p data-start=\"3190\" data-end=\"3441\">Das Spiel legt Wert auf <strong data-start=\"3213\" data-end=\"3264\">Erkundung, Beziehungsaufbau und \u00f6kologisches Gleichgewicht<\/strong> Zwischen Menschen und Pok\u00e9mon. Dank des ausgefeilten Grafikstils, des fl\u00fcssigen Gameplays und der Freiheit, seinen eigenen Weg zu w\u00e4hlen, f\u00fchlt sich jede Spielsitzung wie ein pers\u00f6nliches Abenteuer an.<\/p>\n<hr data-start=\"3443\" data-end=\"3446\" \/>\n<h2 data-start=\"3448\" data-end=\"3476\">Hauptmerkmale<\/h2>\n<ul data-start=\"3477\" data-end=\"3774\">\n<li data-start=\"3477\" data-end=\"3535\">\n<p data-start=\"3479\" data-end=\"3535\">Ein brandneues Open-World-Abenteuer in <strong data-start=\"3517\" data-end=\"3533\">Illuminate City<\/strong><\/p>\n<\/li>\n<li data-start=\"3536\" data-end=\"3597\">\n<p data-start=\"3538\" data-end=\"3597\"><strong data-start=\"3538\" data-end=\"3549\">Hotel Z<\/strong> als Ihre Basis f\u00fcr Missionen und Forschung<\/p>\n<\/li>\n<li data-start=\"3598\" data-end=\"3645\">\n<p data-start=\"3600\" data-end=\"3645\"><strong data-start=\"3600\" data-end=\"3614\">Wilde Zonen<\/strong> mit frei herumlaufenden Pok\u00e9mon<\/p>\n<\/li>\n<li data-start=\"3646\" data-end=\"3708\">\n<p data-start=\"3648\" data-end=\"3708\">Neues Gameplay, das <strong data-start=\"3668\" data-end=\"3695\">Erkundung und Strategie<\/strong> M\u00e4hdrescher<\/p>\n<\/li>\n<li data-start=\"3709\" data-end=\"3774\">\n<p data-start=\"3711\" data-end=\"3774\">Eine Geschichte, die sich um <strong data-start=\"3737\" data-end=\"3772\">Harmonie zwischen Menschen und Pok\u00e9mon<\/strong><\/p>\n<\/li>\n<\/ul>\n<hr data-start=\"3776\" data-end=\"3779\" \/>\n<h3 data-start=\"3781\" data-end=\"3822\">Ein neues Abenteuer f\u00fcr jeden Trainer<\/h3>\n<p data-start=\"3823\" data-end=\"4066\">Von <strong data-start=\"3827\" data-end=\"3851\">Pok\u00e9mon Legends: ZA<\/strong> The Pok\u00e9mon Company erweitert die Serie um eine Welt, die sich vertraut und doch v\u00f6llig neu anf\u00fchlt. Die Kombination aus klassischen Elementen und moderner Open-World-Mechanik schafft ein einzigartiges Spielerlebnis.<\/p>\n<p data-start=\"4068\" data-end=\"4248\">Ob Sie nach Kalos zur\u00fcckkehren oder Illumina City zum ersten Mal besuchen, dieses Abenteuer verspricht eine fesselnde Reise voller Geheimnisse, Entdeckungen und der Bindung zwischen Menschen und Pok\u00e9mon.<\/p>","protected":false},"excerpt":{"rendered":"<p>Entdecken Sie das n\u00e4chste Kapitel der Pok\u00e9mon-Reihe mit <strong data-start=\"603\" data-end=\"627\">Pok\u00e9mon Legends: ZA<\/strong> f\u00fcr Nintendo Switch. Dieses neue Open-World-Abenteuer findet statt in <strong data-start=\"699\" data-end=\"715\">Illuminate City<\/strong>, die gesch\u00e4ftige Metropole aus Pok\u00e9mon X und Y, wurde komplett \u00fcberarbeitet. Erkunde die Stadt, fange wilde Pok\u00e9mon in speziell daf\u00fcr geschaffenen <strong data-start=\"845\" data-end=\"859\">Wilde Zonen<\/strong> und entdecke die Geschichte einer Gesellschaft, in der Menschen und Pok\u00e9mon zusammenleben. Von deiner Basis in <strong data-start=\"965\" data-end=\"976\">Hotel Z<\/strong> Untersuche mysteri\u00f6se Vorkommnisse in der Stadt. Dank des \u00fcberarbeiteten Fang- und Erkundungssystems bietet Pok\u00e9mon Legends: ZA sowohl neuen Spielern als auch erfahrenen Trainern ein fesselndes Erlebnis.<\/p>","protected":false},"featured_media":6783,"comment_status":"closed","ping_status":"closed","template":"","meta":{"_acf_changed":false,"_seopress_robots_primary_cat":"none","_seopress_titles_title":"Pok\u00e9mon Legends Z-A Nintendo Switch kopen","_seopress_titles_desc":"Ontdek, vang en verken Lumiose City in Pok\u00e9mon Legends Z-A. Een nieuw open-wereldavontuur vol actie, strategie en Pok\u00e9mon op de Nintendo Switch.","_seopress_robots_index":""},"product_brand":[],"product_cat":[727],"product_tag":[],"class_list":{"0":"post-6780","1":"product","2":"type-product","3":"status-publish","4":"has-post-thumbnail","6":"product_cat-pokemon-games","7":"tm-no-options","9":"first","10":"outofstock","11":"sale","12":"taxable","13":"shipping-taxable","14":"purchasable","15":"product-type-simple"},"acf":[],"_links":{"self":[{"href":"https:\/\/tcgfanz.nl\/de\/wp-json\/wp\/v2\/product\/6780","targetHints":{"allow":["GET"]}}],"collection":[{"href":"https:\/\/tcgfanz.nl\/de\/wp-json\/wp\/v2\/product"}],"about":[{"href":"https:\/\/tcgfanz.nl\/de\/wp-json\/wp\/v2\/types\/product"}],"replies":[{"embeddable":true,"href":"https:\/\/tcgfanz.nl\/de\/wp-json\/wp\/v2\/comments?post=6780"}],"wp:featuredmedia":[{"embeddable":true,"href":"https:\/\/tcgfanz.nl\/de\/wp-json\/wp\/v2\/media\/6783"}],"wp:attachment":[{"href":"https:\/\/tcgfanz.nl\/de\/wp-json\/wp\/v2\/media?parent=6780"}],"wp:term":[{"taxonomy":"product_brand","embeddable":true,"href":"https:\/\/tcgfanz.nl\/de\/wp-json\/wp\/v2\/product_brand?post=6780"},{"taxonomy":"product_cat","embeddable":true,"href":"https:\/\/tcgfanz.nl\/de\/wp-json\/wp\/v2\/product_cat?post=6780"},{"taxonomy":"product_tag","embeddable":true,"href":"https:\/\/tcgfanz.nl\/de\/wp-json\/wp\/v2\/product_tag?post=6780"}],"curies":[{"name":"wp","href":"https:\/\/api.w.org\/{rel}","templated":true}]}}