{"id":6857,"date":"2026-01-01T15:20:58","date_gmt":"2026-01-01T15:20:58","guid":{"rendered":"https:\/\/tcgfanz.nl\/product\/eevee-135-twilight-masquerade\/"},"modified":"2026-04-28T19:08:00","modified_gmt":"2026-04-28T19:08:00","slug":"evoli-135-dammerungsmaskerade","status":"publish","type":"product","link":"https:\/\/tcgfanz.nl\/de\/produkte\/evoli-135-dammerungsmaskerade\/","title":{"rendered":"Evoli #135 (D\u00e4mmerungsmaskerade)"},"content":{"rendered":"<p>Evoli ist eine originale Pok\u00e9mon-Karte aus dem Set \u201eTwilight Masquerade\u201c und tr\u00e4gt die Kartennummer 135. Diese Karte wird als Einzelkarte angeboten und eignet sich sowohl f\u00fcr Sammler als auch f\u00fcr Spieler des Pok\u00e9mon-Sammelkartenspiels.<\/p>\n<p>Die angebotene Variante weist folgende Spezifikationen auf:<br \/>\nZustand: Nahezu neuwertig<br \/>\nVersion: Normal<br \/>\nSprache: Englisch<\/p>\n<p>Jede Kombination aus Zustand, Version und Sprache wird in unserem Shop als separate Variante gef\u00fchrt. Das bedeutet, dass Preis und Verf\u00fcgbarkeit speziell f\u00fcr diese Kartenversion gelten.<\/p>\n<p>Einzelne Pok\u00e9mon-Karten eignen sich ideal, um Decks zu verst\u00e4rken, Sammlungen zu vervollst\u00e4ndigen oder bestimmte Karten zu ersetzen. Durch die gezielte Suche nach Set und Kartennummer k\u00f6nnen Sie schnell und effizient die passenden Karten zu Ihrer Sammlung hinzuf\u00fcgen.<\/p>\n<p>Alle Karten sind \u00fcbersichtlich in der Kategorie \u201cLose Pok\u00e9mon-Karten\u201d aufgef\u00fchrt.<\/p>","protected":false},"excerpt":{"rendered":"<p>Evoli ist eine einzelne Pok\u00e9mon-Karte aus dem Set \u201eTwilight Masquerade\u201c. Diese Karte tr\u00e4gt die Nummer 135 und ist in nahezu neuwertigem Zustand, als Standardausgabe und in englischer Sprache erh\u00e4ltlich. Ideal f\u00fcr Sammler und Spieler, die ihre Sammlung mit bestimmten Varianten erweitern m\u00f6chten. Verf\u00fcgbarkeit und Preis gelten ausschlie\u00dflich f\u00fcr diese ausgew\u00e4hlte Version der Karte.<\/p>","protected":false},"featured_media":6858,"comment_status":"open","ping_status":"closed","template":"","meta":{"_acf_changed":false,"_seopress_robots_primary_cat":"","_seopress_titles_title":"Eevee #135 (Twilight Masquerade) - TCGfanz.nl","_seopress_titles_desc":"Eevee #135 uit Twilight Masquerade. Variant: Near mint\/Normaal\/Engels. Bekijk direct voorraad & prijs.","_seopress_robots_index":""},"product_brand":[],"product_cat":[726,745],"product_tag":[],"class_list":{"0":"post-6857","1":"product","2":"type-product","3":"status-publish","4":"has-post-thumbnail","6":"product_cat-losse-pokemon-kaarten","7":"product_cat-twilight-masquerade","8":"tm-no-options","10":"first","11":"instock","12":"purchasable","13":"product-type-variable"},"acf":[],"_links":{"self":[{"href":"https:\/\/tcgfanz.nl\/de\/wp-json\/wp\/v2\/product\/6857","targetHints":{"allow":["GET"]}}],"collection":[{"href":"https:\/\/tcgfanz.nl\/de\/wp-json\/wp\/v2\/product"}],"about":[{"href":"https:\/\/tcgfanz.nl\/de\/wp-json\/wp\/v2\/types\/product"}],"replies":[{"embeddable":true,"href":"https:\/\/tcgfanz.nl\/de\/wp-json\/wp\/v2\/comments?post=6857"}],"wp:featuredmedia":[{"embeddable":true,"href":"https:\/\/tcgfanz.nl\/de\/wp-json\/wp\/v2\/media\/6858"}],"wp:attachment":[{"href":"https:\/\/tcgfanz.nl\/de\/wp-json\/wp\/v2\/media?parent=6857"}],"wp:term":[{"taxonomy":"product_brand","embeddable":true,"href":"https:\/\/tcgfanz.nl\/de\/wp-json\/wp\/v2\/product_brand?post=6857"},{"taxonomy":"product_cat","embeddable":true,"href":"https:\/\/tcgfanz.nl\/de\/wp-json\/wp\/v2\/product_cat?post=6857"},{"taxonomy":"product_tag","embeddable":true,"href":"https:\/\/tcgfanz.nl\/de\/wp-json\/wp\/v2\/product_tag?post=6857"}],"curies":[{"name":"wp","href":"https:\/\/api.w.org\/{rel}","templated":true}]}}